{"id":3211,"date":"2021-10-14T09:27:49","date_gmt":"2021-10-14T09:27:49","guid":{"rendered":"https:\/\/nhobo.com\/linqventure-new\/la-firma\/"},"modified":"2021-12-14T09:54:05","modified_gmt":"2021-12-14T09:54:05","slug":"la-firma","status":"publish","type":"page","link":"https:\/\/linqventure.com\/ca\/la-firma\/","title":{"rendered":"La Firma"},"content":{"rendered":"<div class=\"wpb-content-wrapper\"><p>[vc_row css_animation=&#8221;&#8221; row_type=&#8221;row&#8221; use_row_as_full_screen_section=&#8221;no&#8221; type=&#8221;grid&#8221; angled_section=&#8221;no&#8221; text_align=&#8221;left&#8221; background_image_as_pattern=&#8221;without_pattern&#8221; css=&#8221;.vc_custom_1632224503697{padding-top: 60px !important;padding-bottom: 60px !important;background-color: #ffffff !important;}&#8221; z_index=&#8221;&#8221;][vc_column][vc_column_text]<\/p>\n<p style=\"text-align: justify; font-size: 16px;\">Davant la complexitat dels entorns actuals, les empreses i els emprenedors -els nostres clients- exigeixen simplicitat en els plantejaments, i valoren de forma important l\u2019acompanyament dels propis socis en aquells processos i operacions que ens confien; apreciant les organitzacions lleugeres que maximitzen el valor i minimitzen el superflu.<\/p>\n<p style=\"text-align: justify; font-size: 16px;\">En aquest sentit la nostra implicaci\u00f3 directa com a socis aporta gran valor afegit en relaci\u00f3 a altres f\u00f3rmules d\u2019exercir la consultoria.<\/p>\n<p style=\"text-align: justify; font-size: 16px;\">L&#8217;equip de <strong>LinQventure<\/strong>el componen professionals avalats per les seves respectives traject\u00f2ries en la direcci\u00f3 de grans empreses, amb experi\u00e8ncia qualificada en consultoria.<\/p>\n<p style=\"text-align: justify; font-size: 16px;\">El concepte <strong>LEAN<\/strong> l\u2019apliquem al nostre despatx: \u00e9s per aix\u00f2 que els socis ens impliquem directament en els projectes i nom\u00e9s aportem valor.<\/p>\n<p style=\"text-align: justify; font-size: 16px;\">En el concepte <strong>LINK<\/strong> rau la base del coneixement en xarxa. Nosaltres ho practiquem.<\/p>\n<p>[\/vc_column_text][vc_empty_space][vc_column_text]<\/p>\n<h4><strong>LinQventure sintetitza<\/strong>, doncs, tres conceptes que dibuixen la nostra manera de fer i el nostre projecte: <strong>Lean, Link<\/strong> i <strong>Venture<\/strong>.<\/h4>\n<p>[\/vc_column_text][\/vc_column][\/vc_row][vc_row css_animation=&#8221;&#8221; row_type=&#8221;row&#8221; use_row_as_full_screen_section=&#8221;no&#8221; type=&#8221;grid&#8221; angled_section=&#8221;no&#8221; text_align=&#8221;center&#8221; background_image_as_pattern=&#8221;without_pattern&#8221; z_index=&#8221;&#8221; css=&#8221;.vc_custom_1632233242875{padding-top: 60px !important;padding-bottom: 60px !important;}&#8221;][vc_column width=&#8221;1\/4&#8243;][vc_empty_space][vc_single_image image=&#8221;3057&#8243; img_size=&#8221;full&#8221; alignment=&#8221;center&#8221; qode_css_animation=&#8221;&#8221;][vc_empty_space][vc_column_text]<\/p>\n<h3 style=\"text-align: center;\">Jordi Moix<\/h3>\n<p style=\"text-align: center;\">Soci<\/p>\n<p>[\/vc_column_text][vc_separator type=&#8221;small&#8221; position=&#8221;center&#8221; color=&#8221;#d8d002&#8243;][vc_column_text]<\/p>\n<p style=\"text-align: center;\"><a href=\"mailto:jmoix@linqventure.com\">jmoix@linqventure.com<\/a><\/p>\n<p style=\"text-align: center;\">Tel. +34 93 241 98 06<\/p>\n<p>[\/vc_column_text]<span class='q_social_icon_holder circle_social' ><a itemprop='url' href='#' target='_blank'><span class='fa-stack fa-lg' style=''><i class=\"qode_icon_font_awesome fa fa-linkedin \" style=\"\" ><\/i><\/span><\/a><\/span>[\/vc_column][vc_column width=&#8221;3\/4&#8243;][vc_empty_space][vc_column_text]<\/p>\n<p style=\"text-align: left;\"><span style=\"color: #000000;\"><strong>TRAJECT\u00d2RIA PROFESSIONAL<\/strong><\/span><\/p>\n<hr \/>\n<p style=\"text-align: left;\">TALUS REALE ESTATE Asset Manager Partner per a Fons Immobiliaris Institucionals Paneuropeus. Director Inversions. 1.500 MM d&#8217;actius desenvolupats.\u00a0ADDED VALUE. Soci Fundador Consultoria Sector Immobiliari Financer. Assist\u00e8ncia a diversos clients per a dissenyar estrat\u00e8gies i implementar accions en la gesti\u00f3 d&#8217;actius immobiliaris diversos. REYAL URBIS. Director General de Promoci\u00f3 i d&#8217;Expansi\u00f3 internacional. Responsable de gesti\u00f3 del negoci de promoci\u00f3 d&#8217;habitatges del grup. METROVACESA. Director General Catalunya. President de La Maquinista Vila Global SA. Oficines, Comercial, Hotels, Habitatge, Tercera Edat. LAIETANA. Director General. Membre Consell Administraci\u00f3. HABITAT. Director General. CITIBANK. Director de comptes, Nova York \/ Madrid. AIG. Comercial Nova York.<\/p>\n<p>&nbsp;<\/p>\n<p style=\"text-align: left;\"><span style=\"color: #000000;\"><strong>FORMACI\u00d3<\/strong><\/span><\/p>\n<hr \/>\n<p style=\"text-align: left;\">M\u00e0ster Business Administration. Thunderbird Business School, Arizona1982<br \/>\nLlicenciat en Ci\u00e8ncies Empresarials per ESADE, Barcelona 1982.<br \/>\nParla catal\u00e0, castell\u00e0 i angl\u00e8s.<\/p>\n<p>&nbsp;<\/p>\n<p style=\"text-align: left;\"><span style=\"color: #000000;\"><strong>ALTRA INFORMACI\u00d3<\/strong><\/span><\/p>\n<hr \/>\n<p style=\"text-align: left;\">Vicepresident Area Real State. Junta Directiva FC Barcelona.<br \/>\nPresident Comit\u00e9 Ejecutivo ULI (Urban Land Institute) Barcelona 2005-2007.<br \/>\nMembre Cercle d\u2019 Economia i de la AED.<br \/>\nMembre fundador Club Immobiliari Antics Alumnes ESADE 2000-2005.<\/p>\n<p>[\/vc_column_text][vc_empty_space][\/vc_column][\/vc_row][vc_row css_animation=&#8221;&#8221; row_type=&#8221;row&#8221; use_row_as_full_screen_section=&#8221;no&#8221; type=&#8221;grid&#8221; angled_section=&#8221;no&#8221; text_align=&#8221;center&#8221; background_image_as_pattern=&#8221;without_pattern&#8221; z_index=&#8221;&#8221; css=&#8221;.vc_custom_1632233287448{padding-bottom: 60px !important;}&#8221;][vc_column width=&#8221;1\/4&#8243;][vc_empty_space][vc_single_image image=&#8221;3054&#8243; img_size=&#8221;full&#8221; alignment=&#8221;center&#8221; qode_css_animation=&#8221;&#8221;][vc_empty_space][vc_column_text]<\/p>\n<h3 style=\"text-align: center;\">Pere Gal\u00ed<\/h3>\n<p style=\"text-align: center;\">Soci<\/p>\n<p>[\/vc_column_text][vc_separator type=&#8221;small&#8221; position=&#8221;center&#8221; color=&#8221;#d8d002&#8243;][vc_column_text]<\/p>\n<p style=\"text-align: center;\"><a href=\"mailto:pgali@linqventure.com\">pgali@linqventure.com<\/a><\/p>\n<p style=\"text-align: center;\">Tel. +34 93 241 98 06<\/p>\n<p>[\/vc_column_text]<span class='q_social_icon_holder circle_social' ><a itemprop='url' href='#' target='_blank'><span class='fa-stack fa-lg' style=''><i class=\"qode_icon_font_awesome fa fa-linkedin \" style=\"\" ><\/i><\/span><\/a><\/span>[\/vc_column][vc_column width=&#8221;3\/4&#8243;][vc_empty_space][vc_column_text]<\/p>\n<p style=\"text-align: left;\"><span style=\"color: #000000;\"><strong>TRAJECT\u00d2RIA PROFESSIONAL<\/strong><\/span><\/p>\n<hr \/>\n<p style=\"text-align: left;\">M\u00e9s de 15 anys d&#8217;experi\u00e8ncia directiva com a Director General i de desenvolupament de Negoci Internacional en diferents empreses i sectors.<br \/>\nHa treballat en companyies com Nutrexpa, Indo, Esteves-Philips Diamond Tools, Agrupaci\u00f3 M\u00fatua, Bagues Masriera.<br \/>\nDurant 3 anys va ser Secretari de Promoci\u00f3 Econ\u00f2mica de la Generalitat de Catalunya.<br \/>\nAcumula m\u00e9s de 17 anys d&#8217;experi\u00e8ncia com a soci en Consultoria d&#8217;Internacionalitzaci\u00f3 d&#8217;empreses, Fusions &amp; Adquisicions i Enterpreneurship.<\/p>\n<p>&nbsp;<\/p>\n<p style=\"text-align: left;\"><span style=\"color: #000000;\"><strong>FORMACI\u00d3<\/strong><\/span><\/p>\n<hr \/>\n<p style=\"text-align: left;\">M\u00e0ster per ESADE (Barcelona) i PADE pel IESE (Barcelona).<br \/>\nParla catal\u00e0, castell\u00e0, franc\u00e8s, angl\u00e8s i finland\u00e8s.<\/p>\n<p>&nbsp;<\/p>\n<p style=\"text-align: left;\"><span style=\"color: #000000;\"><strong>ALTRA INFORMACI\u00d3<\/strong><\/span><\/p>\n<hr \/>\n<p style=\"text-align: left;\">Forma part de diversos Consells d&#8217;Administraci\u00f3 i Consells Assessors d&#8217;Institucions i Fundacions sense \u00e0nim de Lucre.<\/p>\n<p>[\/vc_column_text][vc_empty_space][\/vc_column][\/vc_row]<\/p>\n<\/div>","protected":false},"excerpt":{"rendered":"<p>[vc_row css_animation=&#8221;&#8221; row_type=&#8221;row&#8221; use_row_as_full_screen_section=&#8221;no&#8221; type=&#8221;grid&#8221; angled_section=&#8221;no&#8221; text_align=&#8221;left&#8221; background_image_as_pattern=&#8221;without_pattern&#8221; css=&#8221;.vc_custom_1632224503697{padding-top: 60px !important;padding-bottom: 60px !important;background-color: #ffffff !important;}&#8221; z_index=&#8221;&#8221;][vc_column][vc_column_text] Davant la complexitat dels entorns actuals, les empreses i els emprenedors -els nostres clients- exigeixen simplicitat en els plantejaments, i valoren de forma important l\u2019acompanyament dels propis socis en&#8230;<\/p>\n","protected":false},"author":1,"featured_media":0,"parent":0,"menu_order":0,"comment_status":"closed","ping_status":"closed","template":"full_width.php","meta":{"footnotes":""},"class_list":["post-3211","page","type-page","status-publish","hentry"],"yoast_head":"<!-- This site is optimized with the Yoast SEO plugin v27.4 - https:\/\/yoast.com\/product\/yoast-seo-wordpress\/ -->\n<title>La Firma - linQventure<\/title>\n<meta name=\"robots\" content=\"index, follow, max-snippet:-1, max-image-preview:large, max-video-preview:-1\" \/>\n<link rel=\"canonical\" href=\"https:\/\/linqventure.com\/ca\/la-firma\/\" \/>\n<meta property=\"og:locale\" content=\"ca_ES\" \/>\n<meta property=\"og:type\" content=\"article\" \/>\n<meta property=\"og:title\" content=\"La Firma - linQventure\" \/>\n<meta property=\"og:description\" content=\"[vc_row css_animation=&#8221;&#8221; row_type=&#8221;row&#8221; use_row_as_full_screen_section=&#8221;no&#8221; type=&#8221;grid&#8221; angled_section=&#8221;no&#8221; text_align=&#8221;left&#8221; background_image_as_pattern=&#8221;without_pattern&#8221; css=&#8221;.vc_custom_1632224503697{padding-top: 60px !important;padding-bottom: 60px !important;background-color: #ffffff !important;}&#8221; z_index=&#8221;&#8221;][vc_column][vc_column_text] Davant la complexitat dels entorns actuals, les empreses i els emprenedors -els nostres clients- exigeixen simplicitat en els plantejaments, i valoren de forma important l\u2019acompanyament dels propis socis en...\" \/>\n<meta property=\"og:url\" content=\"https:\/\/linqventure.com\/ca\/la-firma\/\" \/>\n<meta property=\"og:site_name\" content=\"linQventure\" \/>\n<meta property=\"article:modified_time\" content=\"2021-12-14T09:54:05+00:00\" \/>\n<meta name=\"twitter:card\" content=\"summary_large_image\" \/>\n<meta name=\"twitter:label1\" content=\"Temps estimat de lectura\" \/>\n\t<meta name=\"twitter:data1\" content=\"3 minuts\" \/>\n<script type=\"application\/ld+json\" class=\"yoast-schema-graph\">{\"@context\":\"https:\\\/\\\/schema.org\",\"@graph\":[{\"@type\":\"WebPage\",\"@id\":\"https:\\\/\\\/linqventure.com\\\/ca\\\/la-firma\\\/\",\"url\":\"https:\\\/\\\/linqventure.com\\\/ca\\\/la-firma\\\/\",\"name\":\"La Firma - linQventure\",\"isPartOf\":{\"@id\":\"https:\\\/\\\/linqventure.com\\\/#website\"},\"datePublished\":\"2021-10-14T09:27:49+00:00\",\"dateModified\":\"2021-12-14T09:54:05+00:00\",\"breadcrumb\":{\"@id\":\"https:\\\/\\\/linqventure.com\\\/ca\\\/la-firma\\\/#breadcrumb\"},\"inLanguage\":\"ca\",\"potentialAction\":[{\"@type\":\"ReadAction\",\"target\":[\"https:\\\/\\\/linqventure.com\\\/ca\\\/la-firma\\\/\"]}]},{\"@type\":\"BreadcrumbList\",\"@id\":\"https:\\\/\\\/linqventure.com\\\/ca\\\/la-firma\\\/#breadcrumb\",\"itemListElement\":[{\"@type\":\"ListItem\",\"position\":1,\"name\":\"Portada\",\"item\":\"https:\\\/\\\/linqventure.com\\\/ca\\\/\"},{\"@type\":\"ListItem\",\"position\":2,\"name\":\"La Firma\"}]},{\"@type\":\"WebSite\",\"@id\":\"https:\\\/\\\/linqventure.com\\\/#website\",\"url\":\"https:\\\/\\\/linqventure.com\\\/\",\"name\":\"linQventure\",\"description\":\"Consultor\u00eda Estrat\u00e9gica y Finanzas Corporativas\",\"publisher\":{\"@id\":\"https:\\\/\\\/linqventure.com\\\/#organization\"},\"potentialAction\":[{\"@type\":\"SearchAction\",\"target\":{\"@type\":\"EntryPoint\",\"urlTemplate\":\"https:\\\/\\\/linqventure.com\\\/?s={search_term_string}\"},\"query-input\":{\"@type\":\"PropertyValueSpecification\",\"valueRequired\":true,\"valueName\":\"search_term_string\"}}],\"inLanguage\":\"ca\"},{\"@type\":\"Organization\",\"@id\":\"https:\\\/\\\/linqventure.com\\\/#organization\",\"name\":\"linQventure\",\"url\":\"https:\\\/\\\/linqventure.com\\\/\",\"logo\":{\"@type\":\"ImageObject\",\"inLanguage\":\"ca\",\"@id\":\"https:\\\/\\\/linqventure.com\\\/#\\\/schema\\\/logo\\\/image\\\/\",\"url\":\"https:\\\/\\\/linqventure.com\\\/wp-content\\\/uploads\\\/2021\\\/09\\\/logo_linqventure-ok.png\",\"contentUrl\":\"https:\\\/\\\/linqventure.com\\\/wp-content\\\/uploads\\\/2021\\\/09\\\/logo_linqventure-ok.png\",\"width\":200,\"height\":50,\"caption\":\"linQventure\"},\"image\":{\"@id\":\"https:\\\/\\\/linqventure.com\\\/#\\\/schema\\\/logo\\\/image\\\/\"}}]}<\/script>\n<!-- \/ Yoast SEO plugin. -->","yoast_head_json":{"title":"La Firma - linQventure","robots":{"index":"index","follow":"follow","max-snippet":"max-snippet:-1","max-image-preview":"max-image-preview:large","max-video-preview":"max-video-preview:-1"},"canonical":"https:\/\/linqventure.com\/ca\/la-firma\/","og_locale":"ca_ES","og_type":"article","og_title":"La Firma - linQventure","og_description":"[vc_row css_animation=&#8221;&#8221; row_type=&#8221;row&#8221; use_row_as_full_screen_section=&#8221;no&#8221; type=&#8221;grid&#8221; angled_section=&#8221;no&#8221; text_align=&#8221;left&#8221; background_image_as_pattern=&#8221;without_pattern&#8221; css=&#8221;.vc_custom_1632224503697{padding-top: 60px !important;padding-bottom: 60px !important;background-color: #ffffff !important;}&#8221; z_index=&#8221;&#8221;][vc_column][vc_column_text] Davant la complexitat dels entorns actuals, les empreses i els emprenedors -els nostres clients- exigeixen simplicitat en els plantejaments, i valoren de forma important l\u2019acompanyament dels propis socis en...","og_url":"https:\/\/linqventure.com\/ca\/la-firma\/","og_site_name":"linQventure","article_modified_time":"2021-12-14T09:54:05+00:00","twitter_card":"summary_large_image","twitter_misc":{"Temps estimat de lectura":"3 minuts"},"schema":{"@context":"https:\/\/schema.org","@graph":[{"@type":"WebPage","@id":"https:\/\/linqventure.com\/ca\/la-firma\/","url":"https:\/\/linqventure.com\/ca\/la-firma\/","name":"La Firma - linQventure","isPartOf":{"@id":"https:\/\/linqventure.com\/#website"},"datePublished":"2021-10-14T09:27:49+00:00","dateModified":"2021-12-14T09:54:05+00:00","breadcrumb":{"@id":"https:\/\/linqventure.com\/ca\/la-firma\/#breadcrumb"},"inLanguage":"ca","potentialAction":[{"@type":"ReadAction","target":["https:\/\/linqventure.com\/ca\/la-firma\/"]}]},{"@type":"BreadcrumbList","@id":"https:\/\/linqventure.com\/ca\/la-firma\/#breadcrumb","itemListElement":[{"@type":"ListItem","position":1,"name":"Portada","item":"https:\/\/linqventure.com\/ca\/"},{"@type":"ListItem","position":2,"name":"La Firma"}]},{"@type":"WebSite","@id":"https:\/\/linqventure.com\/#website","url":"https:\/\/linqventure.com\/","name":"linQventure","description":"Consultor\u00eda Estrat\u00e9gica y Finanzas Corporativas","publisher":{"@id":"https:\/\/linqventure.com\/#organization"},"potentialAction":[{"@type":"SearchAction","target":{"@type":"EntryPoint","urlTemplate":"https:\/\/linqventure.com\/?s={search_term_string}"},"query-input":{"@type":"PropertyValueSpecification","valueRequired":true,"valueName":"search_term_string"}}],"inLanguage":"ca"},{"@type":"Organization","@id":"https:\/\/linqventure.com\/#organization","name":"linQventure","url":"https:\/\/linqventure.com\/","logo":{"@type":"ImageObject","inLanguage":"ca","@id":"https:\/\/linqventure.com\/#\/schema\/logo\/image\/","url":"https:\/\/linqventure.com\/wp-content\/uploads\/2021\/09\/logo_linqventure-ok.png","contentUrl":"https:\/\/linqventure.com\/wp-content\/uploads\/2021\/09\/logo_linqventure-ok.png","width":200,"height":50,"caption":"linQventure"},"image":{"@id":"https:\/\/linqventure.com\/#\/schema\/logo\/image\/"}}]}},"_links":{"self":[{"href":"https:\/\/linqventure.com\/ca\/wp-json\/wp\/v2\/pages\/3211","targetHints":{"allow":["GET"]}}],"collection":[{"href":"https:\/\/linqventure.com\/ca\/wp-json\/wp\/v2\/pages"}],"about":[{"href":"https:\/\/linqventure.com\/ca\/wp-json\/wp\/v2\/types\/page"}],"author":[{"embeddable":true,"href":"https:\/\/linqventure.com\/ca\/wp-json\/wp\/v2\/users\/1"}],"replies":[{"embeddable":true,"href":"https:\/\/linqventure.com\/ca\/wp-json\/wp\/v2\/comments?post=3211"}],"version-history":[{"count":7,"href":"https:\/\/linqventure.com\/ca\/wp-json\/wp\/v2\/pages\/3211\/revisions"}],"predecessor-version":[{"id":3615,"href":"https:\/\/linqventure.com\/ca\/wp-json\/wp\/v2\/pages\/3211\/revisions\/3615"}],"wp:attachment":[{"href":"https:\/\/linqventure.com\/ca\/wp-json\/wp\/v2\/media?parent=3211"}],"curies":[{"name":"wp","href":"https:\/\/api.w.org\/{rel}","templated":true}]}}