{"id":3216,"date":"2021-10-14T09:38:42","date_gmt":"2021-10-14T09:38:42","guid":{"rendered":"https:\/\/nhobo.com\/linqventure-new\/collaboracions\/"},"modified":"2021-10-14T11:27:14","modified_gmt":"2021-10-14T11:27:14","slug":"collaboracions","status":"publish","type":"page","link":"https:\/\/linqventure.com\/ca\/collaboracions\/","title":{"rendered":"Col\u00b7laboracions"},"content":{"rendered":"<div class=\"wpb-content-wrapper\"><p>[vc_row css_animation=&#8221;&#8221; row_type=&#8221;row&#8221; use_row_as_full_screen_section=&#8221;no&#8221; type=&#8221;grid&#8221; angled_section=&#8221;no&#8221; text_align=&#8221;left&#8221; background_image_as_pattern=&#8221;without_pattern&#8221; z_index=&#8221;&#8221; css=&#8221;.vc_custom_1632235600870{padding-top: 60px !important;}&#8221;][vc_column][vc_column_text]<\/p>\n<h3 style=\"text-align: left;\">Xarxa internacional<\/h3>\n<p>[\/vc_column_text][vc_separator type=&#8221;normal&#8221; color=&#8221;#d8d002&#8243;][\/vc_column][\/vc_row][vc_row css_animation=&#8221;&#8221; row_type=&#8221;row&#8221; use_row_as_full_screen_section=&#8221;no&#8221; type=&#8221;grid&#8221; angled_section=&#8221;no&#8221; text_align=&#8221;left&#8221; background_image_as_pattern=&#8221;without_pattern&#8221; z_index=&#8221;&#8221; css=&#8221;.vc_custom_1633359989873{padding-bottom: 40px !important;}&#8221;][vc_column width=&#8221;1\/4&#8243;][vc_single_image image=&#8221;3069&#8243; img_size=&#8221;medium&#8221; onclick=&#8221;custom_link&#8221; img_link_target=&#8221;_blank&#8221; qode_css_animation=&#8221;&#8221; link=&#8221;https:%2F%2Fwww.transeo-association.eu|&#8221;][\/vc_column][vc_column width=&#8221;3\/4&#8243;][vc_empty_space][vc_column_text]<\/p>\n<p style=\"text-align: justify; font-size: 16px;\">Transeo, fundada en 2010, \u00e9s una associaci\u00f3 internacional sense \u00e0nim de lucre que reuneix experts en transfer\u00e8ncies de negocis i adquisicions de petites i mitjanes empreses principalment a Europa. Aquesta comunitat internacional que compta en l&#8217;actualitat amb m\u00e9s de 70 membres de 20 pa\u00efsos, s&#8217;ha convertit en un referent en la facilitaci\u00f3 d&#8217;acords transfronterers en el \u201csmall market\u201d.<\/p>\n<p>[\/vc_column_text][\/vc_column][\/vc_row][vc_row css_animation=&#8221;&#8221; row_type=&#8221;row&#8221; use_row_as_full_screen_section=&#8221;no&#8221; type=&#8221;grid&#8221; angled_section=&#8221;no&#8221; text_align=&#8221;left&#8221; background_image_as_pattern=&#8221;without_pattern&#8221; z_index=&#8221;&#8221; css=&#8221;.vc_custom_1632235175122{padding-top: 60px !important;background-color: #ffffff !important;background-position: center !important;background-repeat: no-repeat !important;background-size: cover !important;}&#8221;][vc_column offset=&#8221;vc_col-lg-12 vc_col-md-12&#8243;][vc_column_text]<\/p>\n<h3 style=\"text-align: left;\">Col\u00b7laboracions<\/h3>\n<p>[\/vc_column_text][vc_separator type=&#8221;normal&#8221; color=&#8221;#d8d002&#8243;][\/vc_column][\/vc_row][vc_row css_animation=&#8221;&#8221; row_type=&#8221;row&#8221; use_row_as_full_screen_section=&#8221;no&#8221; type=&#8221;grid&#8221; angled_section=&#8221;no&#8221; text_align=&#8221;left&#8221; background_image_as_pattern=&#8221;without_pattern&#8221; z_index=&#8221;&#8221; css=&#8221;.vc_custom_1632236806621{padding-bottom: 60px !important;background-color: #ffffff !important;}&#8221;][vc_column width=&#8221;1\/4&#8243;][vc_single_image image=&#8221;3174&#8243; img_size=&#8221;full&#8221; onclick=&#8221;custom_link&#8221; img_link_target=&#8221;_blank&#8221; qode_css_animation=&#8221;&#8221; link=&#8221;http:%2F%2Fwww.icf.cat%2Fca%2Finici%2F|&#8221;][\/vc_column][vc_column width=&#8221;3\/4&#8243;][vc_empty_space][vc_column_text]<\/p>\n<p style=\"text-align: justify; font-size: 16px;\">Al gener de 2014 es va signar l&#8217;acord de col\u00b7laboraci\u00f3 entre Linqventure i el Institut Catal\u00e0 de Finances per a la difusi\u00f3 i prescripci\u00f3 de productes de l&#8217;ICF, mitjan\u00e7ant la figura del <strong>promotor financer<\/strong>.<\/p>\n<p style=\"text-align: justify; font-size: 16px;\">Mitjan\u00e7ant aquest conveni, Linqventure difondr\u00e0 les l\u00ednies de finan\u00e7ament de l&#8217;ICF amb l&#8217;objectiu de millorar l&#8217;acc\u00e9s de les empreses al cr\u00e8dit, especialment les pimes, i els productes financers m\u00e9s idonis per a les seves necessitats.<\/p>\n<p>[\/vc_column_text][\/vc_column][\/vc_row][vc_row css_animation=&#8221;&#8221; row_type=&#8221;row&#8221; use_row_as_full_screen_section=&#8221;no&#8221; type=&#8221;grid&#8221; angled_section=&#8221;no&#8221; text_align=&#8221;left&#8221; background_image_as_pattern=&#8221;without_pattern&#8221; z_index=&#8221;&#8221; css=&#8221;.vc_custom_1632236806621{padding-bottom: 60px !important;background-color: #ffffff !important;}&#8221;][vc_column width=&#8221;1\/4&#8243;][vc_single_image image=&#8221;3081&#8243; img_size=&#8221;full&#8221; onclick=&#8221;custom_link&#8221; img_link_target=&#8221;_blank&#8221; qode_css_animation=&#8221;&#8221; link=&#8221;https:%2F%2Fwww.businessfinland.fi|&#8221;][\/vc_column][vc_column width=&#8221;3\/4&#8243;][vc_empty_space][vc_column_text]<\/p>\n<p style=\"text-align: justify; font-size: 16px;\"><span lang=\"es-ES\">BUSINESS FINLAND (Anteriorment FINPRO) \u00e9s l&#8217;organitzaci\u00f3 governamental finlandesa per al finan\u00e7ament de la innovaci\u00f3 i la promoci\u00f3 del comer\u00e7, els viatges i la inversi\u00f3. Els 600 experts de Business Finland treballen en 40 oficines a tot el m\u00f3n i en 16 oficines regionals a Finl\u00e0ndia. Business Finland \u00e9s part de la xarxa Team Finland.<\/span><\/p>\n<p style=\"text-align: justify; font-size: 16px;\"><span lang=\"es-ES\">A l&#8217;octubre 2014, LINQVENTURE va ser homologada per BUSINESS FINLAND com a consultora per a empreses finlandeses a Espanya i ara tamb\u00e9 per als pa\u00efsos del Area Andina (LATAM).<\/span><\/p>\n<p>[\/vc_column_text][\/vc_column][\/vc_row][vc_row css_animation=&#8221;&#8221; row_type=&#8221;row&#8221; use_row_as_full_screen_section=&#8221;no&#8221; type=&#8221;grid&#8221; angled_section=&#8221;no&#8221; text_align=&#8221;left&#8221; background_image_as_pattern=&#8221;without_pattern&#8221; z_index=&#8221;&#8221; css=&#8221;.vc_custom_1632236806621{padding-bottom: 60px !important;background-color: #ffffff !important;}&#8221;][vc_column width=&#8221;1\/4&#8243;][vc_single_image image=&#8221;3084&#8243; img_size=&#8221;full&#8221; onclick=&#8221;custom_link&#8221; img_link_target=&#8221;_blank&#8221; qode_css_animation=&#8221;&#8221; link=&#8221;http:%2F%2Fasesorandes.com|&#8221;][\/vc_column][vc_column width=&#8221;3\/4&#8243;][vc_empty_space][vc_column_text]<\/p>\n<p style=\"text-align: justify; font-size: 16px;\"><span lang=\"es-ES\">Asesorandes \u00e9s un despatx especialitzat en consultoria i desenvolupament de negocis, amb una traject\u00f2ria d&#8217;\u00e8xit al Per\u00fa i la regi\u00f3 andina, gr\u00e0cies a una \u00e0mplia experi\u00e8ncia multidisciplin\u00e0ria i una filosofia basada en la confidencialitat i la confian\u00e7a amb el client que garanteix l&#8217;\u00e8xit en la materialitzaci\u00f3 dels projectes.<\/span><\/p>\n<p>[\/vc_column_text][\/vc_column][\/vc_row]<\/p>\n<\/div>","protected":false},"excerpt":{"rendered":"<p>[vc_row css_animation=&#8221;&#8221; row_type=&#8221;row&#8221; use_row_as_full_screen_section=&#8221;no&#8221; type=&#8221;grid&#8221; angled_section=&#8221;no&#8221; text_align=&#8221;left&#8221; background_image_as_pattern=&#8221;without_pattern&#8221; z_index=&#8221;&#8221; css=&#8221;.vc_custom_1632235600870{padding-top: 60px !important;}&#8221;][vc_column][vc_column_text] Xarxa internacional [\/vc_column_text][vc_separator type=&#8221;normal&#8221; color=&#8221;#d8d002&#8243;][\/vc_column][\/vc_row][vc_row css_animation=&#8221;&#8221; row_type=&#8221;row&#8221; use_row_as_full_screen_section=&#8221;no&#8221; type=&#8221;grid&#8221; angled_section=&#8221;no&#8221; text_align=&#8221;left&#8221; background_image_as_pattern=&#8221;without_pattern&#8221; z_index=&#8221;&#8221; css=&#8221;.vc_custom_1633359989873{padding-bottom: 40px !important;}&#8221;][vc_column width=&#8221;1\/4&#8243;][vc_single_image image=&#8221;3069&#8243; img_size=&#8221;medium&#8221; onclick=&#8221;custom_link&#8221; img_link_target=&#8221;_blank&#8221; qode_css_animation=&#8221;&#8221; link=&#8221;https:%2F%2Fwww.transeo-association.eu|&#8221;][\/vc_column][vc_column width=&#8221;3\/4&#8243;][vc_empty_space][vc_column_text] Transeo, fundada en 2010, \u00e9s una associaci\u00f3 internacional sense&#8230;<\/p>\n","protected":false},"author":1,"featured_media":0,"parent":0,"menu_order":0,"comment_status":"closed","ping_status":"closed","template":"full_width.php","meta":{"footnotes":""},"class_list":["post-3216","page","type-page","status-publish","hentry"],"yoast_head":"<!-- This site is optimized with the Yoast SEO plugin v27.4 - https:\/\/yoast.com\/product\/yoast-seo-wordpress\/ -->\n<title>Col\u00b7laboracions - linQventure<\/title>\n<meta name=\"robots\" content=\"index, follow, max-snippet:-1, max-image-preview:large, max-video-preview:-1\" \/>\n<link rel=\"canonical\" href=\"https:\/\/linqventure.com\/ca\/collaboracions\/\" \/>\n<meta property=\"og:locale\" content=\"ca_ES\" \/>\n<meta property=\"og:type\" content=\"article\" \/>\n<meta property=\"og:title\" content=\"Col\u00b7laboracions - linQventure\" \/>\n<meta property=\"og:description\" content=\"[vc_row css_animation=&#8221;&#8221; row_type=&#8221;row&#8221; use_row_as_full_screen_section=&#8221;no&#8221; type=&#8221;grid&#8221; angled_section=&#8221;no&#8221; text_align=&#8221;left&#8221; background_image_as_pattern=&#8221;without_pattern&#8221; z_index=&#8221;&#8221; css=&#8221;.vc_custom_1632235600870{padding-top: 60px !important;}&#8221;][vc_column][vc_column_text] Xarxa internacional [\/vc_column_text][vc_separator type=&#8221;normal&#8221; color=&#8221;#d8d002&#8243;][\/vc_column][\/vc_row][vc_row css_animation=&#8221;&#8221; row_type=&#8221;row&#8221; use_row_as_full_screen_section=&#8221;no&#8221; type=&#8221;grid&#8221; angled_section=&#8221;no&#8221; text_align=&#8221;left&#8221; background_image_as_pattern=&#8221;without_pattern&#8221; z_index=&#8221;&#8221; css=&#8221;.vc_custom_1633359989873{padding-bottom: 40px !important;}&#8221;][vc_column width=&#8221;1\/4&#8243;][vc_single_image image=&#8221;3069&#8243; img_size=&#8221;medium&#8221; onclick=&#8221;custom_link&#8221; img_link_target=&#8221;_blank&#8221; qode_css_animation=&#8221;&#8221; link=&#8221;https:%2F%2Fwww.transeo-association.eu|&#8221;][\/vc_column][vc_column width=&#8221;3\/4&#8243;][vc_empty_space][vc_column_text] Transeo, fundada en 2010, \u00e9s una associaci\u00f3 internacional sense...\" \/>\n<meta property=\"og:url\" content=\"https:\/\/linqventure.com\/ca\/collaboracions\/\" \/>\n<meta property=\"og:site_name\" content=\"linQventure\" \/>\n<meta property=\"article:modified_time\" content=\"2021-10-14T11:27:14+00:00\" \/>\n<meta name=\"twitter:card\" content=\"summary_large_image\" \/>\n<meta name=\"twitter:label1\" content=\"Temps estimat de lectura\" \/>\n\t<meta name=\"twitter:data1\" content=\"4 minuts\" \/>\n<script type=\"application\/ld+json\" class=\"yoast-schema-graph\">{\"@context\":\"https:\\\/\\\/schema.org\",\"@graph\":[{\"@type\":\"WebPage\",\"@id\":\"https:\\\/\\\/linqventure.com\\\/ca\\\/collaboracions\\\/\",\"url\":\"https:\\\/\\\/linqventure.com\\\/ca\\\/collaboracions\\\/\",\"name\":\"Col\u00b7laboracions - linQventure\",\"isPartOf\":{\"@id\":\"https:\\\/\\\/linqventure.com\\\/#website\"},\"datePublished\":\"2021-10-14T09:38:42+00:00\",\"dateModified\":\"2021-10-14T11:27:14+00:00\",\"breadcrumb\":{\"@id\":\"https:\\\/\\\/linqventure.com\\\/ca\\\/collaboracions\\\/#breadcrumb\"},\"inLanguage\":\"ca\",\"potentialAction\":[{\"@type\":\"ReadAction\",\"target\":[\"https:\\\/\\\/linqventure.com\\\/ca\\\/collaboracions\\\/\"]}]},{\"@type\":\"BreadcrumbList\",\"@id\":\"https:\\\/\\\/linqventure.com\\\/ca\\\/collaboracions\\\/#breadcrumb\",\"itemListElement\":[{\"@type\":\"ListItem\",\"position\":1,\"name\":\"Portada\",\"item\":\"https:\\\/\\\/linqventure.com\\\/ca\\\/\"},{\"@type\":\"ListItem\",\"position\":2,\"name\":\"Col\u00b7laboracions\"}]},{\"@type\":\"WebSite\",\"@id\":\"https:\\\/\\\/linqventure.com\\\/#website\",\"url\":\"https:\\\/\\\/linqventure.com\\\/\",\"name\":\"linQventure\",\"description\":\"Consultor\u00eda Estrat\u00e9gica y Finanzas Corporativas\",\"publisher\":{\"@id\":\"https:\\\/\\\/linqventure.com\\\/#organization\"},\"potentialAction\":[{\"@type\":\"SearchAction\",\"target\":{\"@type\":\"EntryPoint\",\"urlTemplate\":\"https:\\\/\\\/linqventure.com\\\/?s={search_term_string}\"},\"query-input\":{\"@type\":\"PropertyValueSpecification\",\"valueRequired\":true,\"valueName\":\"search_term_string\"}}],\"inLanguage\":\"ca\"},{\"@type\":\"Organization\",\"@id\":\"https:\\\/\\\/linqventure.com\\\/#organization\",\"name\":\"linQventure\",\"url\":\"https:\\\/\\\/linqventure.com\\\/\",\"logo\":{\"@type\":\"ImageObject\",\"inLanguage\":\"ca\",\"@id\":\"https:\\\/\\\/linqventure.com\\\/#\\\/schema\\\/logo\\\/image\\\/\",\"url\":\"https:\\\/\\\/linqventure.com\\\/wp-content\\\/uploads\\\/2021\\\/09\\\/logo_linqventure-ok.png\",\"contentUrl\":\"https:\\\/\\\/linqventure.com\\\/wp-content\\\/uploads\\\/2021\\\/09\\\/logo_linqventure-ok.png\",\"width\":200,\"height\":50,\"caption\":\"linQventure\"},\"image\":{\"@id\":\"https:\\\/\\\/linqventure.com\\\/#\\\/schema\\\/logo\\\/image\\\/\"}}]}<\/script>\n<!-- \/ Yoast SEO plugin. -->","yoast_head_json":{"title":"Col\u00b7laboracions - linQventure","robots":{"index":"index","follow":"follow","max-snippet":"max-snippet:-1","max-image-preview":"max-image-preview:large","max-video-preview":"max-video-preview:-1"},"canonical":"https:\/\/linqventure.com\/ca\/collaboracions\/","og_locale":"ca_ES","og_type":"article","og_title":"Col\u00b7laboracions - linQventure","og_description":"[vc_row css_animation=&#8221;&#8221; row_type=&#8221;row&#8221; use_row_as_full_screen_section=&#8221;no&#8221; type=&#8221;grid&#8221; angled_section=&#8221;no&#8221; text_align=&#8221;left&#8221; background_image_as_pattern=&#8221;without_pattern&#8221; z_index=&#8221;&#8221; css=&#8221;.vc_custom_1632235600870{padding-top: 60px !important;}&#8221;][vc_column][vc_column_text] Xarxa internacional [\/vc_column_text][vc_separator type=&#8221;normal&#8221; color=&#8221;#d8d002&#8243;][\/vc_column][\/vc_row][vc_row css_animation=&#8221;&#8221; row_type=&#8221;row&#8221; use_row_as_full_screen_section=&#8221;no&#8221; type=&#8221;grid&#8221; angled_section=&#8221;no&#8221; text_align=&#8221;left&#8221; background_image_as_pattern=&#8221;without_pattern&#8221; z_index=&#8221;&#8221; css=&#8221;.vc_custom_1633359989873{padding-bottom: 40px !important;}&#8221;][vc_column width=&#8221;1\/4&#8243;][vc_single_image image=&#8221;3069&#8243; img_size=&#8221;medium&#8221; onclick=&#8221;custom_link&#8221; img_link_target=&#8221;_blank&#8221; qode_css_animation=&#8221;&#8221; link=&#8221;https:%2F%2Fwww.transeo-association.eu|&#8221;][\/vc_column][vc_column width=&#8221;3\/4&#8243;][vc_empty_space][vc_column_text] Transeo, fundada en 2010, \u00e9s una associaci\u00f3 internacional sense...","og_url":"https:\/\/linqventure.com\/ca\/collaboracions\/","og_site_name":"linQventure","article_modified_time":"2021-10-14T11:27:14+00:00","twitter_card":"summary_large_image","twitter_misc":{"Temps estimat de lectura":"4 minuts"},"schema":{"@context":"https:\/\/schema.org","@graph":[{"@type":"WebPage","@id":"https:\/\/linqventure.com\/ca\/collaboracions\/","url":"https:\/\/linqventure.com\/ca\/collaboracions\/","name":"Col\u00b7laboracions - linQventure","isPartOf":{"@id":"https:\/\/linqventure.com\/#website"},"datePublished":"2021-10-14T09:38:42+00:00","dateModified":"2021-10-14T11:27:14+00:00","breadcrumb":{"@id":"https:\/\/linqventure.com\/ca\/collaboracions\/#breadcrumb"},"inLanguage":"ca","potentialAction":[{"@type":"ReadAction","target":["https:\/\/linqventure.com\/ca\/collaboracions\/"]}]},{"@type":"BreadcrumbList","@id":"https:\/\/linqventure.com\/ca\/collaboracions\/#breadcrumb","itemListElement":[{"@type":"ListItem","position":1,"name":"Portada","item":"https:\/\/linqventure.com\/ca\/"},{"@type":"ListItem","position":2,"name":"Col\u00b7laboracions"}]},{"@type":"WebSite","@id":"https:\/\/linqventure.com\/#website","url":"https:\/\/linqventure.com\/","name":"linQventure","description":"Consultor\u00eda Estrat\u00e9gica y Finanzas Corporativas","publisher":{"@id":"https:\/\/linqventure.com\/#organization"},"potentialAction":[{"@type":"SearchAction","target":{"@type":"EntryPoint","urlTemplate":"https:\/\/linqventure.com\/?s={search_term_string}"},"query-input":{"@type":"PropertyValueSpecification","valueRequired":true,"valueName":"search_term_string"}}],"inLanguage":"ca"},{"@type":"Organization","@id":"https:\/\/linqventure.com\/#organization","name":"linQventure","url":"https:\/\/linqventure.com\/","logo":{"@type":"ImageObject","inLanguage":"ca","@id":"https:\/\/linqventure.com\/#\/schema\/logo\/image\/","url":"https:\/\/linqventure.com\/wp-content\/uploads\/2021\/09\/logo_linqventure-ok.png","contentUrl":"https:\/\/linqventure.com\/wp-content\/uploads\/2021\/09\/logo_linqventure-ok.png","width":200,"height":50,"caption":"linQventure"},"image":{"@id":"https:\/\/linqventure.com\/#\/schema\/logo\/image\/"}}]}},"_links":{"self":[{"href":"https:\/\/linqventure.com\/ca\/wp-json\/wp\/v2\/pages\/3216","targetHints":{"allow":["GET"]}}],"collection":[{"href":"https:\/\/linqventure.com\/ca\/wp-json\/wp\/v2\/pages"}],"about":[{"href":"https:\/\/linqventure.com\/ca\/wp-json\/wp\/v2\/types\/page"}],"author":[{"embeddable":true,"href":"https:\/\/linqventure.com\/ca\/wp-json\/wp\/v2\/users\/1"}],"replies":[{"embeddable":true,"href":"https:\/\/linqventure.com\/ca\/wp-json\/wp\/v2\/comments?post=3216"}],"version-history":[{"count":3,"href":"https:\/\/linqventure.com\/ca\/wp-json\/wp\/v2\/pages\/3216\/revisions"}],"predecessor-version":[{"id":3321,"href":"https:\/\/linqventure.com\/ca\/wp-json\/wp\/v2\/pages\/3216\/revisions\/3321"}],"wp:attachment":[{"href":"https:\/\/linqventure.com\/ca\/wp-json\/wp\/v2\/media?parent=3216"}],"curies":[{"name":"wp","href":"https:\/\/api.w.org\/{rel}","templated":true}]}}