{"id":3227,"date":"2021-10-14T09:54:51","date_gmt":"2021-10-14T09:54:51","guid":{"rendered":"https:\/\/nhobo.com\/linqventure-new\/internacional\/"},"modified":"2021-10-14T09:54:52","modified_gmt":"2021-10-14T09:54:52","slug":"internacional","status":"publish","type":"page","link":"https:\/\/linqventure.com\/ca\/internacional\/","title":{"rendered":"Internacional"},"content":{"rendered":"<div class=\"wpb-content-wrapper\"><p>[vc_row css_animation=&#8221;&#8221; row_type=&#8221;row&#8221; use_row_as_full_screen_section=&#8221;no&#8221; type=&#8221;full_width&#8221; angled_section=&#8221;no&#8221; text_align=&#8221;left&#8221; background_image_as_pattern=&#8221;without_pattern&#8221;][vc_column][layerslider_vc id=&#8221;2&#8243;][\/vc_column][\/vc_row][vc_row css_animation=&#8221;&#8221; row_type=&#8221;row&#8221; use_row_as_full_screen_section=&#8221;no&#8221; type=&#8221;grid&#8221; angled_section=&#8221;no&#8221; text_align=&#8221;left&#8221; background_image_as_pattern=&#8221;without_pattern&#8221; z_index=&#8221;&#8221; css=&#8221;.vc_custom_1632305245979{padding-top: 60px !important;padding-bottom: 60px !important;background-color: #ffffff !important;background-position: center !important;background-repeat: no-repeat !important;background-size: cover !important;}&#8221;][vc_column offset=&#8221;vc_col-lg-12 vc_col-md-12&#8243;][vc_column_text]<\/p>\n<p style=\"text-align: justify;\"><span lang=\"es-ES\">Avui dia els mercats exteriors no s\u00f3n una opci\u00f3 per a les Empreses: s\u00f3n una necessitat.<\/span><\/p>\n<p style=\"text-align: justify;\"><span lang=\"es-ES\">El proc\u00e9s d&#8217;internacionalitzaci\u00f3 ja no segueix els patrons cl\u00e0ssics de l&#8217;exportaci\u00f3 fins a la implantaci\u00f3: avui, la preparaci\u00f3 de les persones, les possibilitats que ofereix la tecnologia, els menors costos de la mobilitat de persones i mercaderies i el coneixement, permeten abordar la internacionalitzaci\u00f3 amb diferents estrat\u00e8gies simult\u00e0niament.<\/span><\/p>\n<p style=\"text-align: justify;\"><span lang=\"es-ES\">Els socis de Linqventure tenim experi\u00e8ncia: sabem com afrontar la internacionalitzaci\u00f3, sabem qu\u00e8 fa falta i estem on cal estar.<\/span><\/p>\n<p>[\/vc_column_text][vc_empty_space][vc_column_text css=&#8221;.vc_custom_1633417956738{margin-top: 20px !important;margin-bottom: 20px !important;padding-left: 20px !important;background-color: #e5e5e5 !important;}&#8221;]<\/p>\n<h6>QU\u00c8:<\/h6>\n<p>[\/vc_column_text][vc_column_text]<span lang=\"es-ES\">Con\u00e8ixer i explorar mercats? Valorar potencial?<\/span><\/p>\n<p><span lang=\"es-ES\">Buscar importadors?<\/span><\/p>\n<p><span lang=\"es-ES\">Agents comercials?<\/span><\/p>\n<p><span lang=\"es-ES\">Socis?<\/span><\/p>\n<p><span lang=\"es-ES\">Qui s\u00f3n competidors i els qui possibles aliats?<\/span><\/p>\n<p><span lang=\"es-ES\">Quin \u00e9s el nostre pla? Establim objectius, calendari i necessitats?<\/span>[\/vc_column_text][vc_column_text css=&#8221;.vc_custom_1633417961753{margin-top: 20px !important;margin-bottom: 20px !important;padding-left: 20px !important;background-color: #e5e5e5 !important;}&#8221;]<\/p>\n<h6>COM:<\/h6>\n<p>[\/vc_column_text][vc_column_text]<span lang=\"es-ES\">Comencem exportant o ens implantem?<\/span><\/p>\n<p><span lang=\"es-ES\">Comprem una companyia local, busquem soci o ja ens implantem sols?<\/span><\/p>\n<p><span lang=\"es-ES\">Per on comencem? Per qu\u00e8?<\/span><\/p>\n<p><span lang=\"es-ES\">Que ens costa? Estem en condicions? Qu\u00e8 ens exigeix aquesta decisi\u00f3?<\/span><\/p>\n<p><span lang=\"es-ES\">Com ho financem?<\/span>[\/vc_column_text][vc_column_text css=&#8221;.vc_custom_1633417966418{margin-top: 20px !important;margin-bottom: 20px !important;padding-left: 20px !important;background-color: #e5e5e5 !important;}&#8221;]<\/p>\n<h6>ON:<\/h6>\n<p>[\/vc_column_text][vc_column_text]<span lang=\"es-ES\">Ens sentim c\u00f2modes gaireb\u00e9 en qualsevol \u00e0rea geogr\u00e0fica, per\u00f2 especialment en:<\/span>[\/vc_column_text][\/vc_column][\/vc_row][vc_row css_animation=&#8221;&#8221; row_type=&#8221;row&#8221; use_row_as_full_screen_section=&#8221;no&#8221; type=&#8221;grid&#8221; angled_section=&#8221;no&#8221; text_align=&#8221;left&#8221; background_image_as_pattern=&#8221;without_pattern&#8221; z_index=&#8221;&#8221; css=&#8221;.vc_custom_1632308909891{background-color: #ffffff !important;}&#8221;][vc_column width=&#8221;1\/4&#8243;][vc_column_text]<\/p>\n<h6><strong>Sud-am\u00e8rica<\/strong><\/h6>\n<p>Col\u00f2mbia<br \/>\nPer\u00fa<br \/>\nEquador<br \/>\nXile<br \/>\nM\u00e8xic[\/vc_column_text][\/vc_column][vc_column width=&#8221;3\/4&#8243;][vc_gallery interval=&#8221;5&#8243; images=&#8221;3126,3129,3132,3135,3138,3141&#8243; img_size=&#8221;full&#8221;][\/vc_column][\/vc_row][vc_row css_animation=&#8221;&#8221; row_type=&#8221;row&#8221; use_row_as_full_screen_section=&#8221;no&#8221; type=&#8221;grid&#8221; angled_section=&#8221;no&#8221; text_align=&#8221;left&#8221; background_image_as_pattern=&#8221;without_pattern&#8221; z_index=&#8221;&#8221; css=&#8221;.vc_custom_1632308917898{background-color: #ffffff !important;}&#8221;][vc_column width=&#8221;1\/4&#8243;][vc_column_text]<\/p>\n<h6><strong>Europa, i en particular<\/strong><\/h6>\n<p>Pol\u00f2nia<br \/>\nRep\u00fablica Txeca<br \/>\nEslov\u00e0quia<br \/>\nHongria<br \/>\nTurquia[\/vc_column_text][\/vc_column][vc_column width=&#8221;3\/4&#8243;][vc_gallery interval=&#8221;5&#8243; images=&#8221;3144,3147,3150,3153,3156&#8243; img_size=&#8221;full&#8221;][\/vc_column][\/vc_row]<\/p>\n<\/div>","protected":false},"excerpt":{"rendered":"<p>[vc_row css_animation=&#8221;&#8221; row_type=&#8221;row&#8221; use_row_as_full_screen_section=&#8221;no&#8221; type=&#8221;full_width&#8221; angled_section=&#8221;no&#8221; text_align=&#8221;left&#8221; background_image_as_pattern=&#8221;without_pattern&#8221;][vc_column][layerslider_vc id=&#8221;2&#8243;][\/vc_column][\/vc_row][vc_row css_animation=&#8221;&#8221; row_type=&#8221;row&#8221; use_row_as_full_screen_section=&#8221;no&#8221; type=&#8221;grid&#8221; angled_section=&#8221;no&#8221; text_align=&#8221;left&#8221; background_image_as_pattern=&#8221;without_pattern&#8221; z_index=&#8221;&#8221; css=&#8221;.vc_custom_1632305245979{padding-top: 60px !important;padding-bottom: 60px !important;background-color: #ffffff !important;background-position: center !important;background-repeat: no-repeat !important;background-size: cover !important;}&#8221;][vc_column offset=&#8221;vc_col-lg-12 vc_col-md-12&#8243;][vc_column_text] Avui dia els mercats exteriors no s\u00f3n una opci\u00f3 per a les Empreses:&#8230;<\/p>\n","protected":false},"author":1,"featured_media":0,"parent":0,"menu_order":0,"comment_status":"closed","ping_status":"closed","template":"full_width.php","meta":{"footnotes":""},"class_list":["post-3227","page","type-page","status-publish","hentry"],"yoast_head":"<!-- This site is optimized with the Yoast SEO plugin v27.4 - https:\/\/yoast.com\/product\/yoast-seo-wordpress\/ -->\n<title>Internacional - linQventure<\/title>\n<meta name=\"robots\" content=\"index, follow, max-snippet:-1, max-image-preview:large, max-video-preview:-1\" \/>\n<link rel=\"canonical\" href=\"https:\/\/linqventure.com\/ca\/internacional\/\" \/>\n<meta property=\"og:locale\" content=\"ca_ES\" \/>\n<meta property=\"og:type\" content=\"article\" \/>\n<meta property=\"og:title\" content=\"Internacional - linQventure\" \/>\n<meta property=\"og:description\" content=\"[vc_row css_animation=&#8221;&#8221; row_type=&#8221;row&#8221; use_row_as_full_screen_section=&#8221;no&#8221; type=&#8221;full_width&#8221; angled_section=&#8221;no&#8221; text_align=&#8221;left&#8221; background_image_as_pattern=&#8221;without_pattern&#8221;][vc_column][layerslider_vc id=&#8221;2&#8243;][\/vc_column][\/vc_row][vc_row css_animation=&#8221;&#8221; row_type=&#8221;row&#8221; use_row_as_full_screen_section=&#8221;no&#8221; type=&#8221;grid&#8221; angled_section=&#8221;no&#8221; text_align=&#8221;left&#8221; background_image_as_pattern=&#8221;without_pattern&#8221; z_index=&#8221;&#8221; css=&#8221;.vc_custom_1632305245979{padding-top: 60px !important;padding-bottom: 60px !important;background-color: #ffffff !important;background-position: center !important;background-repeat: no-repeat !important;background-size: cover !important;}&#8221;][vc_column offset=&#8221;vc_col-lg-12 vc_col-md-12&#8243;][vc_column_text] Avui dia els mercats exteriors no s\u00f3n una opci\u00f3 per a les Empreses:...\" \/>\n<meta property=\"og:url\" content=\"https:\/\/linqventure.com\/ca\/internacional\/\" \/>\n<meta property=\"og:site_name\" content=\"linQventure\" \/>\n<meta property=\"article:modified_time\" content=\"2021-10-14T09:54:52+00:00\" \/>\n<meta name=\"twitter:card\" content=\"summary_large_image\" \/>\n<meta name=\"twitter:label1\" content=\"Temps estimat de lectura\" \/>\n\t<meta name=\"twitter:data1\" content=\"3 minuts\" \/>\n<script type=\"application\/ld+json\" class=\"yoast-schema-graph\">{\"@context\":\"https:\\\/\\\/schema.org\",\"@graph\":[{\"@type\":\"WebPage\",\"@id\":\"https:\\\/\\\/linqventure.com\\\/ca\\\/internacional\\\/\",\"url\":\"https:\\\/\\\/linqventure.com\\\/ca\\\/internacional\\\/\",\"name\":\"Internacional - linQventure\",\"isPartOf\":{\"@id\":\"https:\\\/\\\/linqventure.com\\\/#website\"},\"datePublished\":\"2021-10-14T09:54:51+00:00\",\"dateModified\":\"2021-10-14T09:54:52+00:00\",\"breadcrumb\":{\"@id\":\"https:\\\/\\\/linqventure.com\\\/ca\\\/internacional\\\/#breadcrumb\"},\"inLanguage\":\"ca\",\"potentialAction\":[{\"@type\":\"ReadAction\",\"target\":[\"https:\\\/\\\/linqventure.com\\\/ca\\\/internacional\\\/\"]}]},{\"@type\":\"BreadcrumbList\",\"@id\":\"https:\\\/\\\/linqventure.com\\\/ca\\\/internacional\\\/#breadcrumb\",\"itemListElement\":[{\"@type\":\"ListItem\",\"position\":1,\"name\":\"Portada\",\"item\":\"https:\\\/\\\/linqventure.com\\\/ca\\\/\"},{\"@type\":\"ListItem\",\"position\":2,\"name\":\"Internacional\"}]},{\"@type\":\"WebSite\",\"@id\":\"https:\\\/\\\/linqventure.com\\\/#website\",\"url\":\"https:\\\/\\\/linqventure.com\\\/\",\"name\":\"linQventure\",\"description\":\"Consultor\u00eda Estrat\u00e9gica y Finanzas Corporativas\",\"publisher\":{\"@id\":\"https:\\\/\\\/linqventure.com\\\/#organization\"},\"potentialAction\":[{\"@type\":\"SearchAction\",\"target\":{\"@type\":\"EntryPoint\",\"urlTemplate\":\"https:\\\/\\\/linqventure.com\\\/?s={search_term_string}\"},\"query-input\":{\"@type\":\"PropertyValueSpecification\",\"valueRequired\":true,\"valueName\":\"search_term_string\"}}],\"inLanguage\":\"ca\"},{\"@type\":\"Organization\",\"@id\":\"https:\\\/\\\/linqventure.com\\\/#organization\",\"name\":\"linQventure\",\"url\":\"https:\\\/\\\/linqventure.com\\\/\",\"logo\":{\"@type\":\"ImageObject\",\"inLanguage\":\"ca\",\"@id\":\"https:\\\/\\\/linqventure.com\\\/#\\\/schema\\\/logo\\\/image\\\/\",\"url\":\"https:\\\/\\\/linqventure.com\\\/wp-content\\\/uploads\\\/2021\\\/09\\\/logo_linqventure-ok.png\",\"contentUrl\":\"https:\\\/\\\/linqventure.com\\\/wp-content\\\/uploads\\\/2021\\\/09\\\/logo_linqventure-ok.png\",\"width\":200,\"height\":50,\"caption\":\"linQventure\"},\"image\":{\"@id\":\"https:\\\/\\\/linqventure.com\\\/#\\\/schema\\\/logo\\\/image\\\/\"}}]}<\/script>\n<!-- \/ Yoast SEO plugin. -->","yoast_head_json":{"title":"Internacional - linQventure","robots":{"index":"index","follow":"follow","max-snippet":"max-snippet:-1","max-image-preview":"max-image-preview:large","max-video-preview":"max-video-preview:-1"},"canonical":"https:\/\/linqventure.com\/ca\/internacional\/","og_locale":"ca_ES","og_type":"article","og_title":"Internacional - linQventure","og_description":"[vc_row css_animation=&#8221;&#8221; row_type=&#8221;row&#8221; use_row_as_full_screen_section=&#8221;no&#8221; type=&#8221;full_width&#8221; angled_section=&#8221;no&#8221; text_align=&#8221;left&#8221; background_image_as_pattern=&#8221;without_pattern&#8221;][vc_column][layerslider_vc id=&#8221;2&#8243;][\/vc_column][\/vc_row][vc_row css_animation=&#8221;&#8221; row_type=&#8221;row&#8221; use_row_as_full_screen_section=&#8221;no&#8221; type=&#8221;grid&#8221; angled_section=&#8221;no&#8221; text_align=&#8221;left&#8221; background_image_as_pattern=&#8221;without_pattern&#8221; z_index=&#8221;&#8221; css=&#8221;.vc_custom_1632305245979{padding-top: 60px !important;padding-bottom: 60px !important;background-color: #ffffff !important;background-position: center !important;background-repeat: no-repeat !important;background-size: cover !important;}&#8221;][vc_column offset=&#8221;vc_col-lg-12 vc_col-md-12&#8243;][vc_column_text] Avui dia els mercats exteriors no s\u00f3n una opci\u00f3 per a les Empreses:...","og_url":"https:\/\/linqventure.com\/ca\/internacional\/","og_site_name":"linQventure","article_modified_time":"2021-10-14T09:54:52+00:00","twitter_card":"summary_large_image","twitter_misc":{"Temps estimat de lectura":"3 minuts"},"schema":{"@context":"https:\/\/schema.org","@graph":[{"@type":"WebPage","@id":"https:\/\/linqventure.com\/ca\/internacional\/","url":"https:\/\/linqventure.com\/ca\/internacional\/","name":"Internacional - linQventure","isPartOf":{"@id":"https:\/\/linqventure.com\/#website"},"datePublished":"2021-10-14T09:54:51+00:00","dateModified":"2021-10-14T09:54:52+00:00","breadcrumb":{"@id":"https:\/\/linqventure.com\/ca\/internacional\/#breadcrumb"},"inLanguage":"ca","potentialAction":[{"@type":"ReadAction","target":["https:\/\/linqventure.com\/ca\/internacional\/"]}]},{"@type":"BreadcrumbList","@id":"https:\/\/linqventure.com\/ca\/internacional\/#breadcrumb","itemListElement":[{"@type":"ListItem","position":1,"name":"Portada","item":"https:\/\/linqventure.com\/ca\/"},{"@type":"ListItem","position":2,"name":"Internacional"}]},{"@type":"WebSite","@id":"https:\/\/linqventure.com\/#website","url":"https:\/\/linqventure.com\/","name":"linQventure","description":"Consultor\u00eda Estrat\u00e9gica y Finanzas Corporativas","publisher":{"@id":"https:\/\/linqventure.com\/#organization"},"potentialAction":[{"@type":"SearchAction","target":{"@type":"EntryPoint","urlTemplate":"https:\/\/linqventure.com\/?s={search_term_string}"},"query-input":{"@type":"PropertyValueSpecification","valueRequired":true,"valueName":"search_term_string"}}],"inLanguage":"ca"},{"@type":"Organization","@id":"https:\/\/linqventure.com\/#organization","name":"linQventure","url":"https:\/\/linqventure.com\/","logo":{"@type":"ImageObject","inLanguage":"ca","@id":"https:\/\/linqventure.com\/#\/schema\/logo\/image\/","url":"https:\/\/linqventure.com\/wp-content\/uploads\/2021\/09\/logo_linqventure-ok.png","contentUrl":"https:\/\/linqventure.com\/wp-content\/uploads\/2021\/09\/logo_linqventure-ok.png","width":200,"height":50,"caption":"linQventure"},"image":{"@id":"https:\/\/linqventure.com\/#\/schema\/logo\/image\/"}}]}},"_links":{"self":[{"href":"https:\/\/linqventure.com\/ca\/wp-json\/wp\/v2\/pages\/3227","targetHints":{"allow":["GET"]}}],"collection":[{"href":"https:\/\/linqventure.com\/ca\/wp-json\/wp\/v2\/pages"}],"about":[{"href":"https:\/\/linqventure.com\/ca\/wp-json\/wp\/v2\/types\/page"}],"author":[{"embeddable":true,"href":"https:\/\/linqventure.com\/ca\/wp-json\/wp\/v2\/users\/1"}],"replies":[{"embeddable":true,"href":"https:\/\/linqventure.com\/ca\/wp-json\/wp\/v2\/comments?post=3227"}],"version-history":[{"count":3,"href":"https:\/\/linqventure.com\/ca\/wp-json\/wp\/v2\/pages\/3227\/revisions"}],"predecessor-version":[{"id":3230,"href":"https:\/\/linqventure.com\/ca\/wp-json\/wp\/v2\/pages\/3227\/revisions\/3230"}],"wp:attachment":[{"href":"https:\/\/linqventure.com\/ca\/wp-json\/wp\/v2\/media?parent=3227"}],"curies":[{"name":"wp","href":"https:\/\/api.w.org\/{rel}","templated":true}]}}