{"id":3328,"date":"2021-10-14T13:55:21","date_gmt":"2021-10-14T13:55:21","guid":{"rendered":"https:\/\/nhobo.com\/linqventure-new\/avis-legal\/"},"modified":"2021-10-14T13:55:23","modified_gmt":"2021-10-14T13:55:23","slug":"avis-legal","status":"publish","type":"page","link":"https:\/\/linqventure.com\/ca\/avis-legal\/","title":{"rendered":"Av\u00eds legal"},"content":{"rendered":"<div class=\"wpb-content-wrapper\"><p>[vc_row css_animation=&#8221;&#8221; row_type=&#8221;row&#8221; use_row_as_full_screen_section=&#8221;no&#8221; type=&#8221;full_width&#8221; angled_section=&#8221;no&#8221; text_align=&#8221;left&#8221; background_image_as_pattern=&#8221;without_pattern&#8221;][vc_column][vc_column_text]<\/p>\n<p>El lloc web <a href=\"http:\/\/www.linqventure.com\/\" target=\"_blank\" rel=\"noopener\">linqventure.com<\/a>\u00e9s propietat de <strong>Linqventure<\/strong>. Els seus continguts (textos, imatges, v\u00eddeos, etc.) estan protegits pels drets de la propietat intel\u00b7lectual i industrial.<strong>Linqventure<\/strong> es reserva el dret a modificar, suprimir i afegir els continguts del lloc web sense obligaci\u00f3 de comunicaci\u00f3 pr\u00e8via. Aix\u00ed mateix, es reserva el dret de suspendre temporal o indefinidament l&#8217;acc\u00e9s a aquest lloc. No es permet la reproducci\u00f3, modificaci\u00f3, \u00fas, distribuci\u00f3 dels seus continguts totalment o parcialment sense autoritzaci\u00f3 expressa per escrit de la propietat.<\/p>\n<p><strong>Linq Venture Group 2011<\/strong><br \/>\nMuntaner 339, 2n 2a<br \/>\n08021 \u2013 Barcelona, Espa\u00f1a<br \/>\nCIF: V65517880<\/p>\n<hr>\n<p>&nbsp;<\/p>\n<h2>Pol\u00edtica de Privacitat<\/h2>\n<p><strong>1. Responsable del tractament de les seves dades de car\u00e0cter personal.<\/strong><br \/>\n<span id=\"cloaka20250aefd8f2380eec31eb59fc2e1e8\"><\/span><\/p>\n<p><strong>Linq Venture Group 2011<\/strong><br \/>\nMuntaner 339, 2n 2a<br \/>\n08021 \u2013 Barcelona, Espa\u00f1a<br \/>\nCIF: V65517880<\/p>\n<p><strong>2. Finalitat del tractament de les seves dades personals.<\/strong><\/p>\n<p>\u00b7 FORMULARI DE CONTACTE.<br \/>\nEs posa en el seu coneixement que <strong>Linq Venture Group 2011<\/strong> \u00fanicament tractar\u00e0 les dades de car\u00e0cter personal que ens faciliti en el formulari de contacte i exclusivament amb la finalitat de remetre-li la informaci\u00f3 sol\u00b7licitada, aix\u00ed com resoldre els dubtes o q\u00fcestions que ens planteja.<\/p>\n<p>\u00b7 TREBALLA AMB NOSALTRES.<br \/>\n<strong>Linq Venture Group 2011<\/strong> recopilar\u00e0 i processar\u00e0 les dades personals dels candidats que ens faciliti en el formulari per a incorporar-los als processos de selecci\u00f3. Els documents de la sol\u00b7licitud s&#8217;esborraran autom\u00e0ticament passats tres anys, tret que ens sol\u00b7liciti la seva supressi\u00f3 amb anterioritat a aquesta data. No obstant aix\u00f2, en el cas que el candidat sigui seleccionat, les dades presentades s&#8217;emmagatzemaran amb la finalitat de gestionar la relaci\u00f3 laboral d&#8217;acord amb els requisits legals.<\/p>\n<p>Cal indicar que la no facilitaci\u00f3 de les dades necess\u00e0ries que se sol\u00b7liciten en qualsevol formulari tindr\u00e0 com a conseq\u00fc\u00e8ncia que la seva sol\u00b7licitud no pugui ser atesa.<br \/>\nA aquest efecte, i per a complir amb aquestes finalitats, \u00e9s important que ens informi de qualsevol modificaci\u00f3 que es produeixi en les seves dades personals a fi de mantenir-los actualitzats. En cas contrari, no responem de la veracitat d&#8217;aquests.<\/p>\n<p><strong>3. Conservaci\u00f3 de les seves dades personals.<\/strong><br \/>\nLes seves dades seran conservades durant el temps m\u00ednim necessari per a satisfer la finalitat per a la qual els va facilitar, aix\u00ed com per a atendre les responsabilitats que es poguessin derivar de les dades subministrades i de qualsevol altra exig\u00e8ncia legal.<br \/>\nTot aix\u00f2, sense perjudici de la conservaci\u00f3 que result\u00e9s necess\u00e0ria per a la formulaci\u00f3, l&#8217;exercici o la defensa de potencials reclamacions i\/o sempre que ho permet\u00e9s la legislaci\u00f3 aplicable.<\/p>\n<p><strong>4. Quina \u00e9s la legitimaci\u00f3 per al tractament de les seves dades personals.<\/strong><br \/>\nLa base del tractament de les seves dades personals \u00e9s el consentiment expr\u00e9s que presta en marcar la casella \u201cHe llegit i consento que les meves dades siguin tractades d&#8217;acord amb la Cl\u00e0usula de Protecci\u00f3 de Dades\u201d, que permet que ens pugui facilitar les seves dades.<br \/>\nLes dades que li sol\u00b7licitem s\u00f3n adequats, pertinents i estrictament necessaris i en cap cas est\u00e0 obligat a facilitar-nos-els, per\u00f2 la seva no comunicaci\u00f3 tindr\u00e0 com a conseq\u00fc\u00e8ncia que la seva sol\u00b7licitud no pugui ser atesa.<\/p>\n<p><strong>5. Xarxes Socials.<\/strong><br \/>\n<strong>Linq Venture Group 2011<\/strong> \u00e9s present en Instagram, Facebook, Twitter i Youtube amb la finalitat d&#8217;informar sobre els serveis que ofereix, aix\u00ed com de qualsevol altra activitat o esdeveniment que es realitzi i es vulgui donar publicitat, per\u00f2 en cap moment obtindr\u00e0 de les mateixes dades personals dels usuaris que interactuin en elles, tret que hi hagi autoritzaci\u00f3 expressa.<\/p>\n<p><strong>6. Destinataris de les seves dades personals.<\/strong><br \/>\n<strong>Linq Venture Group 2011<\/strong> no comunicar\u00e0 les seves dades a cap tercer, tret que se l&#8217;informi d&#8217;aix\u00f2 expressament o existeixi obligaci\u00f3 legal, igual que tampoc estan previstes transfer\u00e8ncies internacionals.<br \/>\n<strong> <\/strong><br \/>\n<strong>7. Els seus drets quan ens facilita les seves dades personals.<\/strong><br \/>\nLes seves dades personals s\u00f3n tractats amb absoluta confidencialitat. A continuaci\u00f3, se l&#8217;informa que com a titular o interessat t\u00e9 la possibilitat d&#8217;exercir els seus drets d&#8217;acc\u00e9s, rectificaci\u00f3, supressi\u00f3 i portabilitat de dades, aix\u00ed com el dret a la limitaci\u00f3 o oposici\u00f3 al tractament de les seves dades personals, en qualsevol moment, dirigint-se per escrit <strong>Linq Venture Group 2011 <\/strong>Muntaner 339, 2n 2a 08021 \u2013 Barcelona, Espa\u00f1a<br \/>\no al correu electr\u00f2nic habilitat a aquest efecte, <a href=\"mailto:info@linqventure.com\">info@linqventure.com<\/a>, incloent en tots dos casos fotocopia del seu DNI o un altre document d&#8217;identificaci\u00f3 equivalent.<\/p>\n<p>Models, formularis i m\u00e9s informaci\u00f3 disponible sobre els seus drets en la p\u00e0gina web de l&#8217;Autoritat de Control nacional competent, l&#8217;Ag\u00e8ncia Espanyola de Protecci\u00f3 de Dades, www.agpd.es &lt;<a href=\"http:\/\/www.agpd.es\/%3E\">http:\/\/www.agpd.es\/&gt;<\/a><\/p>\n<p><strong>8. Dret a retirar el seu consentiment.<\/strong><br \/>\nEn qualsevol moment t\u00e9 la possibilitat i el dret a retirar el consentiment per a qualsevol finalitat espec\u00edfica atorgada en el seu moment, mitjan\u00e7ant el procediment abans descrit, sense que aix\u00f2 afecti la licitud del tractament basat en el consentiment previ a la seva retirada.<\/p>\n<p><strong>9. On pot acudir per a reclamar en cas de considerar que les seves dades personals no s\u00f3n tractats adequadament.<\/strong><br \/>\nSi considera que les seves dades no s\u00f3n tractats correctament per <strong>Linq Venture Group 2011<\/strong> pot dirigir les seves reclamacions a l&#8217;Autoritat de Control nacional competent, l&#8217;Ag\u00e8ncia Espanyola de Protecci\u00f3 de Dades, www.agpd.es &lt;<a href=\"http:\/\/www.agpd.es\/%3E\">http:\/\/www.agpd.es\/&gt;<\/a> .<\/p>\n<p><strong>10. Qu\u00e8 fem per a garantir la seguretat i confidencialitat de les seves dades personals.<\/strong><br \/>\nAmb l&#8217;objectiu de salvaguardar la seguretat de les seves dades personals, l&#8217;informem que <strong>Linq Venture Group 2011<\/strong> ha adoptat totes les mesures d&#8217;\u00edndole t\u00e8cnica i organitzativa necess\u00e0ries per a garantir la seguretat de les dades personals subministrades. Tot aix\u00f2 per a evitar la seva alteraci\u00f3, p\u00e8rdua, i\/o tractaments o accessos no autoritzats, tal com exigeix la normativa, si b\u00e9 la seguretat absoluta no existeix.<br \/>\nIgualment, <strong>Linq Venture Group 2011<\/strong> l&#8217;informa que tot el nostre personal, qualsevol que sigui la fase del tractament en la qual intervingui, ha adoptat el comprom\u00eds de tractar les seves dades personals amb la m\u00e0xima cura i confidencialitat i que el seu tractament s&#8217;efectuar\u00e0 d&#8217;acord amb la legislaci\u00f3 vigent sobre protecci\u00f3 de dades de car\u00e0cter personal, en particular amb el Reglament (UE) 2016\/679 del Parlament Europeu i del Consell de 27 d&#8217;abril de 2016. Li recordem que ni <strong>Linq Venture Group 2011<\/strong>, ni qualsevol dels seus empleats, cedir\u00e0 o comunicar\u00e0 les seves dades a tercers, excepte en els casos legalment previstos, o tret que vost\u00e8 ho autoritzi expressament.<\/p>\n<p><strong>11. Modificaci\u00f3 de la Pol\u00edtica de Privacitat.<\/strong><br \/>\n<strong>Linq Venture Group 2011<\/strong> podr\u00e0 alterar la present Pol\u00edtica de Privacitat per a adaptar-la a la legislaci\u00f3 sobre dades personals aplicable a cada moment. En aquests sup\u00f2sits, s&#8217;anunciar\u00e0 en aquesta p\u00e0gina els canvis introdu\u00efts amb raonable antelaci\u00f3 a la seva posada en pr\u00e0ctica.<\/p>\n<hr>\n<h2>Enlla\u00e7os des d&#8217;altres webs<\/h2>\n<p>Els usuaris i en general qualsevol persona f\u00edsica o jur\u00eddica que es proposi establir un link entre les seves p\u00e0gines web i la web de la <strong>Linq Venture Group 2011<\/strong>o qualsevol de les seves seccions, ho podr\u00e0 fer sense que es requereixi autoritzaci\u00f3 pr\u00e8via per escrit per part de <strong>Linq Venture Group 2011<\/strong> i sempre que es respecti l&#8217;estructura de la part del web on enllacin.<\/p>\n<p>[\/vc_column_text][\/vc_column][\/vc_row][vc_row css_animation=&#8221;&#8221; row_type=&#8221;row&#8221; use_row_as_full_screen_section=&#8221;no&#8221; type=&#8221;full_width&#8221; angled_section=&#8221;no&#8221; text_align=&#8221;left&#8221; background_image_as_pattern=&#8221;without_pattern&#8221;][vc_column][vc_empty_space][\/vc_column][\/vc_row]<\/p>\n<\/div>","protected":false},"excerpt":{"rendered":"<p>[vc_row css_animation=&#8221;&#8221; row_type=&#8221;row&#8221; use_row_as_full_screen_section=&#8221;no&#8221; type=&#8221;full_width&#8221; angled_section=&#8221;no&#8221; text_align=&#8221;left&#8221; background_image_as_pattern=&#8221;without_pattern&#8221;][vc_column][vc_column_text] El lloc web linqventure.com\u00e9s propietat de Linqventure. Els seus continguts (textos, imatges, v\u00eddeos, etc.) estan protegits pels drets de la propietat intel\u00b7lectual i industrial.Linqventure es reserva el dret a modificar, suprimir i afegir els continguts del lloc&#8230;<\/p>\n","protected":false},"author":1,"featured_media":0,"parent":0,"menu_order":0,"comment_status":"closed","ping_status":"open","template":"","meta":{"footnotes":""},"class_list":["post-3328","page","type-page","status-publish","hentry"],"yoast_head":"<!-- This site is optimized with the Yoast SEO plugin v27.4 - https:\/\/yoast.com\/product\/yoast-seo-wordpress\/ -->\n<title>Av\u00eds legal - linQventure<\/title>\n<meta name=\"robots\" content=\"index, follow, max-snippet:-1, max-image-preview:large, max-video-preview:-1\" \/>\n<link rel=\"canonical\" href=\"https:\/\/linqventure.com\/ca\/avis-legal\/\" \/>\n<meta property=\"og:locale\" content=\"ca_ES\" \/>\n<meta property=\"og:type\" content=\"article\" \/>\n<meta property=\"og:title\" content=\"Av\u00eds legal - linQventure\" \/>\n<meta property=\"og:description\" content=\"[vc_row css_animation=&#8221;&#8221; row_type=&#8221;row&#8221; use_row_as_full_screen_section=&#8221;no&#8221; type=&#8221;full_width&#8221; angled_section=&#8221;no&#8221; text_align=&#8221;left&#8221; background_image_as_pattern=&#8221;without_pattern&#8221;][vc_column][vc_column_text] El lloc web linqventure.com\u00e9s propietat de Linqventure. Els seus continguts (textos, imatges, v\u00eddeos, etc.) estan protegits pels drets de la propietat intel\u00b7lectual i industrial.Linqventure es reserva el dret a modificar, suprimir i afegir els continguts del lloc...\" \/>\n<meta property=\"og:url\" content=\"https:\/\/linqventure.com\/ca\/avis-legal\/\" \/>\n<meta property=\"og:site_name\" content=\"linQventure\" \/>\n<meta property=\"article:modified_time\" content=\"2021-10-14T13:55:23+00:00\" \/>\n<meta name=\"twitter:card\" content=\"summary_large_image\" \/>\n<meta name=\"twitter:label1\" content=\"Temps estimat de lectura\" \/>\n\t<meta name=\"twitter:data1\" content=\"6 minuts\" \/>\n<script type=\"application\/ld+json\" class=\"yoast-schema-graph\">{\"@context\":\"https:\\\/\\\/schema.org\",\"@graph\":[{\"@type\":\"WebPage\",\"@id\":\"https:\\\/\\\/linqventure.com\\\/ca\\\/avis-legal\\\/\",\"url\":\"https:\\\/\\\/linqventure.com\\\/ca\\\/avis-legal\\\/\",\"name\":\"Av\u00eds legal - linQventure\",\"isPartOf\":{\"@id\":\"https:\\\/\\\/linqventure.com\\\/#website\"},\"datePublished\":\"2021-10-14T13:55:21+00:00\",\"dateModified\":\"2021-10-14T13:55:23+00:00\",\"breadcrumb\":{\"@id\":\"https:\\\/\\\/linqventure.com\\\/ca\\\/avis-legal\\\/#breadcrumb\"},\"inLanguage\":\"ca\",\"potentialAction\":[{\"@type\":\"ReadAction\",\"target\":[\"https:\\\/\\\/linqventure.com\\\/ca\\\/avis-legal\\\/\"]}]},{\"@type\":\"BreadcrumbList\",\"@id\":\"https:\\\/\\\/linqventure.com\\\/ca\\\/avis-legal\\\/#breadcrumb\",\"itemListElement\":[{\"@type\":\"ListItem\",\"position\":1,\"name\":\"Portada\",\"item\":\"https:\\\/\\\/linqventure.com\\\/ca\\\/\"},{\"@type\":\"ListItem\",\"position\":2,\"name\":\"Av\u00eds legal\"}]},{\"@type\":\"WebSite\",\"@id\":\"https:\\\/\\\/linqventure.com\\\/#website\",\"url\":\"https:\\\/\\\/linqventure.com\\\/\",\"name\":\"linQventure\",\"description\":\"Consultor\u00eda Estrat\u00e9gica y Finanzas Corporativas\",\"publisher\":{\"@id\":\"https:\\\/\\\/linqventure.com\\\/#organization\"},\"potentialAction\":[{\"@type\":\"SearchAction\",\"target\":{\"@type\":\"EntryPoint\",\"urlTemplate\":\"https:\\\/\\\/linqventure.com\\\/?s={search_term_string}\"},\"query-input\":{\"@type\":\"PropertyValueSpecification\",\"valueRequired\":true,\"valueName\":\"search_term_string\"}}],\"inLanguage\":\"ca\"},{\"@type\":\"Organization\",\"@id\":\"https:\\\/\\\/linqventure.com\\\/#organization\",\"name\":\"linQventure\",\"url\":\"https:\\\/\\\/linqventure.com\\\/\",\"logo\":{\"@type\":\"ImageObject\",\"inLanguage\":\"ca\",\"@id\":\"https:\\\/\\\/linqventure.com\\\/#\\\/schema\\\/logo\\\/image\\\/\",\"url\":\"https:\\\/\\\/linqventure.com\\\/wp-content\\\/uploads\\\/2021\\\/09\\\/logo_linqventure-ok.png\",\"contentUrl\":\"https:\\\/\\\/linqventure.com\\\/wp-content\\\/uploads\\\/2021\\\/09\\\/logo_linqventure-ok.png\",\"width\":200,\"height\":50,\"caption\":\"linQventure\"},\"image\":{\"@id\":\"https:\\\/\\\/linqventure.com\\\/#\\\/schema\\\/logo\\\/image\\\/\"}}]}<\/script>\n<!-- \/ Yoast SEO plugin. -->","yoast_head_json":{"title":"Av\u00eds legal - linQventure","robots":{"index":"index","follow":"follow","max-snippet":"max-snippet:-1","max-image-preview":"max-image-preview:large","max-video-preview":"max-video-preview:-1"},"canonical":"https:\/\/linqventure.com\/ca\/avis-legal\/","og_locale":"ca_ES","og_type":"article","og_title":"Av\u00eds legal - linQventure","og_description":"[vc_row css_animation=&#8221;&#8221; row_type=&#8221;row&#8221; use_row_as_full_screen_section=&#8221;no&#8221; type=&#8221;full_width&#8221; angled_section=&#8221;no&#8221; text_align=&#8221;left&#8221; background_image_as_pattern=&#8221;without_pattern&#8221;][vc_column][vc_column_text] El lloc web linqventure.com\u00e9s propietat de Linqventure. Els seus continguts (textos, imatges, v\u00eddeos, etc.) estan protegits pels drets de la propietat intel\u00b7lectual i industrial.Linqventure es reserva el dret a modificar, suprimir i afegir els continguts del lloc...","og_url":"https:\/\/linqventure.com\/ca\/avis-legal\/","og_site_name":"linQventure","article_modified_time":"2021-10-14T13:55:23+00:00","twitter_card":"summary_large_image","twitter_misc":{"Temps estimat de lectura":"6 minuts"},"schema":{"@context":"https:\/\/schema.org","@graph":[{"@type":"WebPage","@id":"https:\/\/linqventure.com\/ca\/avis-legal\/","url":"https:\/\/linqventure.com\/ca\/avis-legal\/","name":"Av\u00eds legal - linQventure","isPartOf":{"@id":"https:\/\/linqventure.com\/#website"},"datePublished":"2021-10-14T13:55:21+00:00","dateModified":"2021-10-14T13:55:23+00:00","breadcrumb":{"@id":"https:\/\/linqventure.com\/ca\/avis-legal\/#breadcrumb"},"inLanguage":"ca","potentialAction":[{"@type":"ReadAction","target":["https:\/\/linqventure.com\/ca\/avis-legal\/"]}]},{"@type":"BreadcrumbList","@id":"https:\/\/linqventure.com\/ca\/avis-legal\/#breadcrumb","itemListElement":[{"@type":"ListItem","position":1,"name":"Portada","item":"https:\/\/linqventure.com\/ca\/"},{"@type":"ListItem","position":2,"name":"Av\u00eds legal"}]},{"@type":"WebSite","@id":"https:\/\/linqventure.com\/#website","url":"https:\/\/linqventure.com\/","name":"linQventure","description":"Consultor\u00eda Estrat\u00e9gica y Finanzas Corporativas","publisher":{"@id":"https:\/\/linqventure.com\/#organization"},"potentialAction":[{"@type":"SearchAction","target":{"@type":"EntryPoint","urlTemplate":"https:\/\/linqventure.com\/?s={search_term_string}"},"query-input":{"@type":"PropertyValueSpecification","valueRequired":true,"valueName":"search_term_string"}}],"inLanguage":"ca"},{"@type":"Organization","@id":"https:\/\/linqventure.com\/#organization","name":"linQventure","url":"https:\/\/linqventure.com\/","logo":{"@type":"ImageObject","inLanguage":"ca","@id":"https:\/\/linqventure.com\/#\/schema\/logo\/image\/","url":"https:\/\/linqventure.com\/wp-content\/uploads\/2021\/09\/logo_linqventure-ok.png","contentUrl":"https:\/\/linqventure.com\/wp-content\/uploads\/2021\/09\/logo_linqventure-ok.png","width":200,"height":50,"caption":"linQventure"},"image":{"@id":"https:\/\/linqventure.com\/#\/schema\/logo\/image\/"}}]}},"_links":{"self":[{"href":"https:\/\/linqventure.com\/ca\/wp-json\/wp\/v2\/pages\/3328","targetHints":{"allow":["GET"]}}],"collection":[{"href":"https:\/\/linqventure.com\/ca\/wp-json\/wp\/v2\/pages"}],"about":[{"href":"https:\/\/linqventure.com\/ca\/wp-json\/wp\/v2\/types\/page"}],"author":[{"embeddable":true,"href":"https:\/\/linqventure.com\/ca\/wp-json\/wp\/v2\/users\/1"}],"replies":[{"embeddable":true,"href":"https:\/\/linqventure.com\/ca\/wp-json\/wp\/v2\/comments?post=3328"}],"version-history":[{"count":4,"href":"https:\/\/linqventure.com\/ca\/wp-json\/wp\/v2\/pages\/3328\/revisions"}],"predecessor-version":[{"id":3333,"href":"https:\/\/linqventure.com\/ca\/wp-json\/wp\/v2\/pages\/3328\/revisions\/3333"}],"wp:attachment":[{"href":"https:\/\/linqventure.com\/ca\/wp-json\/wp\/v2\/media?parent=3328"}],"curies":[{"name":"wp","href":"https:\/\/api.w.org\/{rel}","templated":true}]}}