{"id":3331,"date":"2021-10-14T13:55:22","date_gmt":"2021-10-14T13:55:22","guid":{"rendered":"https:\/\/nhobo.com\/linqventure-new\/politica-de-cookies\/"},"modified":"2021-10-14T13:55:23","modified_gmt":"2021-10-14T13:55:23","slug":"politica-de-cookies","status":"publish","type":"page","link":"https:\/\/linqventure.com\/ca\/politica-de-cookies\/","title":{"rendered":"Pol\u00edtica de cookies"},"content":{"rendered":"<div class=\"wpb-content-wrapper\"><p>[vc_row css_animation=&#8221;&#8221; row_type=&#8221;row&#8221; use_row_as_full_screen_section=&#8221;no&#8221; type=&#8221;full_width&#8221; angled_section=&#8221;no&#8221; text_align=&#8221;left&#8221; background_image_as_pattern=&#8221;without_pattern&#8221;][vc_column][vc_column_text]<\/p>\n<p>Seguint les directrius de l&#8217;Ag\u00e8ncia Espanyola de Protecci\u00f3 de Dades procedim a detallar l&#8217;\u00fas de <em>cookies<\/em> que fa aquesta web amb la finalitat d&#8217;informar-lo amb la m\u00e0xima exactitud possible.<\/p>\n<p>El lloc web de <strong>Linq Venture Group 2011<\/strong>, utilitza cookies i\/o altres arxius de funcionalitat similar (d&#8217;ara endavant, les \u201cCookies\u201d) per a millorar la seva experi\u00e8ncia d&#8217;usuari. Aquesta pol\u00edtica pot ser actualitzada, per la qual cosa li convidem a revisar-la de manera regular.<\/p>\n<p><strong>Qu\u00e8 s\u00f3n les cookies?<\/strong><\/p>\n<p>S\u00f3n petits fitxers de dades que el servidor d&#8217;Internet envia al dispositiu amb el qual et connectes a les nostres webs i que aquest arxiva. S&#8217;associen \u00fanicament al seu navegador i no proporcionen per si mateixes dades personals. Les cookies no poden danyar el seu dispositiu i a m\u00e9s s\u00f3n molt \u00fatils, ja que ens ajuden a identificar i resoldre errors.<\/p>\n<p>En navegar per aquest lloc web s&#8217;utilitzen cookies de sessi\u00f3 i cookies persistents que, al seu torn, poden ser Cookies pr\u00f2pies i\/o de tercers.<\/p>\n<p>Les <strong>cookies de sessi\u00f3<\/strong>s\u00f3n cookies dissenyades per a recaptar i emmagatzemar dades mentre l&#8217;usuari accedeix a una p\u00e0gina web. Se solen emprar per a emmagatzemar informaci\u00f3 que nom\u00e9s interessa conservar per a la prestaci\u00f3 del servei sol\u00b7licitat per l&#8217;usuari en una sola ocasi\u00f3. \u00c9s a dir, s\u00f3n temporals i desapareixen quan finalitza la sessi\u00f3.<\/p>\n<p>Les <strong>cookies persistents<\/strong> s\u00f3n un tipus de cookies en el qual les dades segueixen emmagatzemats en el terminal i als quals es pot accedir i tractar durant un per\u00edode definit pel responsable de la cookie, i que pot anar d&#8217;uns minuts a diversos anys.<\/p>\n<p>Les<strong>cookies pr\u00f2pies<\/strong> s\u00f3n les creades o gestionades pel responsable de la p\u00e0gina web (linqventure).<\/p>\n<p>Les<strong>cookies de tercers<\/strong>s\u00f3n les administrades per prestadors de serveis t\u00e8cnics, d&#8217;an\u00e0lisis, xarxes socials, de personalitzaci\u00f3 i de publicitat (inclosa publicitat comportamental) aliens a <strong>Linq Venture Group 2011<\/strong><\/p>\n<p><strong>Quins tipus de cookies podem utilitzar?<\/strong><\/p>\n<p>&nbsp;<\/p>\n<p><strong>COOKIES PR\u00d2PIES<\/strong><\/p>\n<p>Finalitat T\u00e8cnica:<\/p>\n<p>\u00daltima connexi\u00f3 de l&#8217;usuari per a navegar per les webs del lloc i utilitzar les seves diferents opcions o serveis. Mai s&#8217;utilitzaran per a recopilar informaci\u00f3 amb l&#8217;objectiu de mostrar-li publicitat personalitzada.<\/p>\n<p>Un identificador d&#8217;usuari per sessi\u00f3, la data i hora de l&#8217;\u00faltima connexi\u00f3 de l&#8217;usuari i els par\u00e0metres necessaris per a navegar entre la web d&#8217;empreses i la de particulars.<\/p>\n<p>Finalitat An\u00e0lisi:<\/p>\n<p>Serveixen per a analitzar els h\u00e0bits de navegaci\u00f3 dels usuaris, amb l&#8217;objectiu d&#8217;optimitzar les funcionalitats i el manteniment t\u00e8cnic i operatiu de les webs del lloc i garantir el millor servei possible. Mai s&#8217;utilitzaran per a mostrar anuncis personalitzats, ni per a recordar les prefer\u00e8ncies de l&#8217;usuari m\u00e9s enll\u00e0 de la sessi\u00f3.<\/p>\n<p>Perfil tecnol\u00f2gic del dispositiu, origen de l&#8217;acc\u00e9s a la web, activitat de navegaci\u00f3 i termes de cerca utilitzats.<\/p>\n<p>Per a realitzar aquestes an\u00e0lisis utilitzem el servei Google Analitycs: Google Analitycs emmagatzema <em>cookies<\/em> per a poder elaborar estad\u00edstiques sobre el tr\u00e0nsit i volum de visites d&#8217;aquesta web. En utilitzar aquest lloc web est\u00e0 consentint el tractament d&#8217;informaci\u00f3 sobre vost\u00e8 per Google. Les condicions d&#8217;aquests serveis poden consultar-se en la seg\u00fcent adre\u00e7a:<a href=\"https:\/\/developers.google.com\/analytics\/devguides\/collection\/analyticsjs\/cookie-usage.\">https:\/\/developers.google.com\/analytics\/devguides\/collection\/analyticsjs\/cookie-usage.<\/a><\/p>\n<p>Publicitat comportamental:<\/p>\n<p>S\u00f3n aquelles que permeten emmagatzemar informaci\u00f3 del comportament dels usuaris obtinguda a trav\u00e9s de l&#8217;observaci\u00f3 continuada dels seus h\u00e0bits de navegaci\u00f3, la qual cosa permet desenvolupar un perfil espec\u00edfic d&#8217;usuari. D&#8217;aquesta manera, s&#8217;utilitzen per a personalitzar les campanyes publicit\u00e0ries que s&#8217;ajustin a les prefer\u00e8ncies de l&#8217;usuari.<\/p>\n<p>&nbsp;<\/p>\n<p><strong>COOKIES DE TERCERS<\/strong><\/p>\n<p>Finalitat T\u00e8cnica:<\/p>\n<p>S\u00f3n aquelles que permeten a l&#8217;usuari la navegaci\u00f3 a trav\u00e9s de la p\u00e0gina web i la utilitzaci\u00f3 de les diferents opcions o serveis que en ella existeixin com, per exemple, emmagatzemar continguts per a la difusi\u00f3 de v\u00eddeos o so o compartir continguts a trav\u00e9s de xarxes socials.<\/p>\n<p>Finalitat An\u00e0lisi:<\/p>\n<p>S\u00f3n aquelles que permeten el seguiment i an\u00e0lisi del comportament dels usuaris de la p\u00e0gina web, per a l&#8217;elaboraci\u00f3 de perfils de navegaci\u00f3, amb la finalitat d&#8217;introduir millores en funci\u00f3 de l&#8217;an\u00e0lisi de les dades d&#8217;\u00fas que es faci sobre la web. Entre altres dades, un identificador d&#8217;usuari per sessi\u00f3 i la data de primera connexi\u00f3 a la web i de l&#8217;ocasi\u00f3 anterior en la qual va accedir a la web.<\/p>\n<p>Finalitat Personalitzaci\u00f3:<\/p>\n<p>Entre altres dades, l&#8217;idioma en el qual s&#8217;ha accedit a la web i carregat l&#8217;aplicaci\u00f3 i, a l&#8217;hora de reproduir un v\u00eddeo, l&#8217;opci\u00f3 de volum o la resoluci\u00f3 seleccionada per l&#8217;usuari.<\/p>\n<p>Permeten especificar o personalitzar algunes caracter\u00edstiques de les opcions generals de l&#8217;usuari en la p\u00e0gina Web. En concret l&#8217;idioma preferit per l&#8217;usuari, el tipus de navegador a trav\u00e9s del qual s&#8217;accedeix o les opcions de volum en els v\u00eddeos preferides per l&#8217;usuari.<\/p>\n<p>Finalitat Publicitat:<\/p>\n<p>S\u00f3n aquelles que permeten la gesti\u00f3 dels espais publicitaris inclosos en la p\u00e0gina web, aplicaci\u00f3 o plataforma des de la qual presta el servei sol\u00b7licitat sobre la base de criteris com el contingut editat o la freq\u00fc\u00e8ncia en la qual es mostren els anuncis. D&#8217;aquesta manera, ajuden a millorar i gestionar l&#8217;exposici\u00f3 de l&#8217;usuari a anuncis publicitaris, evitant que apareguin anuncis que l&#8217;usuari ja ha vist.<\/p>\n<p>Finalitat Publicitat Comportamental:<\/p>\n<p>S\u00f3n aquelles que permeten emmagatzemar informaci\u00f3 del comportament dels usuaris obtinguda a trav\u00e9s de l&#8217;observaci\u00f3 continuada dels seus h\u00e0bits de navegaci\u00f3, el que permet desenvolupar un perfil especifico de l&#8217;usuari. D&#8217;aquesta manera, s&#8217;utilitzen per a personalitzar les campanyes publicit\u00e0ries que s&#8217;ajustin a les prefer\u00e8ncies de l&#8217;usuari.<\/p>\n<p>Xarxes socials:<\/p>\n<p>Cada xarxa social utilitza les seves pr\u00f2pies cookies perqu\u00e8 vost\u00e8 pugui punxar en botons del tipus M&#8217;agrada o Compartir.<\/p>\n<p><strong>Autoritzaci\u00f3 per a l&#8217;\u00fas de cookies<\/strong><\/p>\n<p>De conformitat amb l&#8217;av\u00eds de cookies que apareix en el lloc web, l&#8217;usuari o visitant dels mateixos accepta que, en navegar per aquest, consent expressament l&#8217;\u00fas de cookies segons la descripci\u00f3 que es detalla a continuaci\u00f3, excepte en la mesura que hagi modificat la configuraci\u00f3 del seu navegador per a rebutjar la utilitzaci\u00f3 d&#8217;aquestes.<\/p>\n<p><strong>Configuraci\u00f3 de les Cookies<\/strong><\/p>\n<p>Els navegadors m\u00e9s populars tenen opcions de configuraci\u00f3 i funcionalitats de seguretat que et permeten evitar la instal\u00b7laci\u00f3 de cookies i\/o d&#8217;altres sistemes de recollida de dades de navegaci\u00f3 en el teu dispositiu. Pots configurar el teu navegador perqu\u00e8 rebutgi les cookies, per\u00f2 aix\u00f2 (en funci\u00f3 de les finalitats de les cookies) podria impedir-te, totalment o parcialment, el funcionament normal de la p\u00e0gina web o que impedeixi l&#8217;acc\u00e9s a alguns serveis d&#8217;aquesta. Per exemple, podria impedir realitzar unes certes transaccions, usar determinades funcionalitats o tenir acc\u00e9s a alguns continguts de les nostres webs.<\/p>\n<p>Per a la configuraci\u00f3 de les Cookies depenent del navegador en el qual et trobis pots accedir a:<\/p>\n<ul>\n<li>Internet Explorer: Eliminar i administrar cookies<\/li>\n<li>Mozilla Firefox: Esborrar Cookies; Impedir que els llocs web guardin les seves prefer\u00e8ncies o estats de sessi\u00f3 en Firefox<\/li>\n<li>Google Chrome: Com administrar cookies i dades de llocs<\/li>\n<\/ul>\n<p>De la mateixa manera, si no desitja que el codi Javascript de Google Analytics recopili les dades de la seva visita pot instal\u00b7lar el complement d&#8217;inhabilitaci\u00f3 per a navegadors de Google Analytics: <a href=\"https:\/\/tools.google.com\/dlpage\/gaoptout.\">https:\/\/tools.google.com\/dlpage\/gaoptout.<\/a> El complement no evita que la informaci\u00f3 s&#8217;envi\u00ef al lloc web o, per altres vies, a altres serveis d&#8217;anal\u00edtica web.<\/p>\n<p>Si utilitza qualsevol altre navegador, o els enlla\u00e7os proporcionats no contenen la informaci\u00f3 que desitja, pot localitzar com gestionar les cookies que s&#8217;instal\u00b7len en el seu equip accedint al men\u00fa \u201cOpcions\u201d o \u201cConfiguraci\u00f3\u201d \u2013o equivalent- del navegador, o b\u00e9 consultant la secci\u00f3 de \u201cAjuda\u201d o \u201cSuport\u201d del propi navegador.<\/p>\n<p>Hi ha navegadors que permeten configurar regles espec\u00edfiques \u2013excepcions- per a administrar les cookies per lloc web, de manera que poden inhabilitar-se les cookies de tots els llocs excepte d&#8217;aquells en els quals es confi\u00ef.<\/p>\n<p>En cas de bloquejar o desactivar l&#8217;\u00fas de \u2018cookies\u2019 en el seu navegador \u00e9s possible que alguns serveis o funcionalitats de la p\u00e0gina web no estiguin disponibles.<\/p>\n<p>Recordi que has de configurar les seves prefer\u00e8ncies en tots els dispositius que utilitzis per a navegar per internet.<\/p>\n<p>Pot revocar l&#8217;\u00fas de cookies en el teu navegador a trav\u00e9s de les indicacions anteriors o mitjan\u00e7ant la instal\u00b7laci\u00f3 d&#8217;un sistema de rebuig en el teu navegador web.<\/p>\n<p><strong>Actualitzacions i canvis en la Pol\u00edtica de Cookies<\/strong><\/p>\n<p><strong>Linq Venture Group 2011<\/strong>, pot modificar aquesta Pol\u00edtica de Cookies en funci\u00f3 de noves exig\u00e8ncies legislatives, reglament\u00e0ries, o amb la finalitat d&#8217;adaptar aquesta pol\u00edtica a les instruccions dictades per l&#8217;Ag\u00e8ncia Espanyola de Protecci\u00f3 de Dades.<\/p>\n<p>Quan es produeixin canvis significatius en aquesta Pol\u00edtica de Cookies se&#8217;t comunicar\u00e0 mitjan\u00e7ant un av\u00eds informatiu en la p\u00e0gina web.<\/p>\n<p>Si desitja m\u00e9s informaci\u00f3 sobre quin \u00fas fem de les Cookies, pots contactar a trav\u00e9s de l&#8217;adre\u00e7a: <a href=\"mailto:info@linqventure.com\">info@linqventure.com<\/a><\/p>\n<p>&nbsp;<\/p>\n<h3><strong>CONSENTIMENT<\/strong><\/h3>\n<p>En <strong>Linq Venture Group 2011<\/strong>, mai guardem les dades personals dels nostres usuaris, a excepci\u00f3 de l&#8217;adre\u00e7a IP d&#8217;acord amb el descrit anteriorment, tret que vulgui registrar-se de manera volunt\u00e0ria amb la finalitat de contractar els serveis que posem a la seva disposici\u00f3 o de rebre informaci\u00f3 sobre continguts del seu inter\u00e8s.<\/p>\n<p>En navegar i continuar en la nostra web ens indica que est\u00e0 consentint l&#8217;\u00fas de les cookies abans enunciades, i en les condicions contingudes en la present Pol\u00edtica de Cookies.<\/p>\n<p>Si desitja revocar el consentiment prestat haur\u00e0 d&#8217;eliminar les cookies instal\u00b7lades. Per a evitar que s&#8217;instal\u00b7lin en el futur haur\u00e0 d&#8217;activar les opcions de Navegaci\u00f3 Privada o \u201cDo-Not-Track\u201d previstes en el seu navegador, \u00e9s a dir, bloquejar o desactivar la instal\u00b7laci\u00f3 de cookies.<\/p>\n<p><strong>Notes addicionals<\/strong><\/p>\n<p>Ni aquesta web ni els seus representants legals es fan responsables ni del contingut ni de la veracitat de les pol\u00edtiques de privacitat que puguin tenir els tercers esmentats en aquesta pol\u00edtica de cookies.<\/p>\n<p>Els navegadors web s\u00f3n les eines encarregades d&#8217;emmagatzemar les cookies i des d&#8217;aquest lloc ha d&#8217;efectuar el seu dret a eliminaci\u00f3 o desactivaci\u00f3 d&#8217;aquestes. Ni aquesta web ni els seus representants legals poden garantir la correcta o incorrecta manipulaci\u00f3 de les cookies per part dels esmentats navegadors.<\/p>\n<p>En alguns casos \u00e9s necessari instal\u00b7lar cookies perqu\u00e8 el navegador no oblidi la seva decisi\u00f3 de no acceptaci\u00f3 d&#8217;aquestes.<\/p>\n<p>En el cas de les cookies de Google Analytics, aquesta empresa emmagatzema les cookies en servidors situats als Estats Units i es compromet a no compartir-la amb tercers, excepte en els casos en els quals sigui necessari per al funcionament del sistema o quan la llei obligui a aquest efecte. Segons Google no guarda la seva adre\u00e7a IP. Google Inc. \u00e9s una companyia adherida a l&#8217;Acord de Port Segur que garanteix que totes les dades transferides seran tractats amb un nivell de protecci\u00f3 concorde a la normativa europea.<\/p>\n<p>Per a qualsevol dubte o consulta sobre aquesta pol\u00edtica de cookies no dubti a comunicar-se amb nosaltres a trav\u00e9s de l&#8217;adre\u00e7a:<a href=\"mailto:info@linqventure.com\">info@linqventure.com<\/a><span id=\"cloak1126d8bc72e79ba45f8fee9cbd525ffb\"><\/span><\/p>\n<p>Pol\u00edtica actualitzada a maig de 2018<\/p>\n<p>[\/vc_column_text][\/vc_column][\/vc_row][vc_row css_animation=&#8221;&#8221; row_type=&#8221;row&#8221; use_row_as_full_screen_section=&#8221;no&#8221; type=&#8221;full_width&#8221; angled_section=&#8221;no&#8221; text_align=&#8221;left&#8221; background_image_as_pattern=&#8221;without_pattern&#8221;][vc_column][vc_empty_space][\/vc_column][\/vc_row]<\/p>\n<\/div>","protected":false},"excerpt":{"rendered":"<p>[vc_row css_animation=&#8221;&#8221; row_type=&#8221;row&#8221; use_row_as_full_screen_section=&#8221;no&#8221; type=&#8221;full_width&#8221; angled_section=&#8221;no&#8221; text_align=&#8221;left&#8221; background_image_as_pattern=&#8221;without_pattern&#8221;][vc_column][vc_column_text] Seguint les directrius de l&#8217;Ag\u00e8ncia Espanyola de Protecci\u00f3 de Dades procedim a detallar l&#8217;\u00fas de cookies que fa aquesta web amb la finalitat d&#8217;informar-lo amb la m\u00e0xima exactitud possible. El lloc web de Linq Venture Group 2011,&#8230;<\/p>\n","protected":false},"author":1,"featured_media":0,"parent":0,"menu_order":0,"comment_status":"closed","ping_status":"open","template":"","meta":{"footnotes":""},"class_list":["post-3331","page","type-page","status-publish","hentry"],"yoast_head":"<!-- This site is optimized with the Yoast SEO plugin v27.4 - https:\/\/yoast.com\/product\/yoast-seo-wordpress\/ -->\n<title>Pol\u00edtica de cookies - linQventure<\/title>\n<meta name=\"robots\" content=\"index, follow, max-snippet:-1, max-image-preview:large, max-video-preview:-1\" \/>\n<link rel=\"canonical\" href=\"https:\/\/linqventure.com\/ca\/politica-de-cookies\/\" \/>\n<meta property=\"og:locale\" content=\"ca_ES\" \/>\n<meta property=\"og:type\" content=\"article\" \/>\n<meta property=\"og:title\" content=\"Pol\u00edtica de cookies - linQventure\" \/>\n<meta property=\"og:description\" content=\"[vc_row css_animation=&#8221;&#8221; row_type=&#8221;row&#8221; use_row_as_full_screen_section=&#8221;no&#8221; type=&#8221;full_width&#8221; angled_section=&#8221;no&#8221; text_align=&#8221;left&#8221; background_image_as_pattern=&#8221;without_pattern&#8221;][vc_column][vc_column_text] Seguint les directrius de l&#8217;Ag\u00e8ncia Espanyola de Protecci\u00f3 de Dades procedim a detallar l&#8217;\u00fas de cookies que fa aquesta web amb la finalitat d&#8217;informar-lo amb la m\u00e0xima exactitud possible. El lloc web de Linq Venture Group 2011,...\" \/>\n<meta property=\"og:url\" content=\"https:\/\/linqventure.com\/ca\/politica-de-cookies\/\" \/>\n<meta property=\"og:site_name\" content=\"linQventure\" \/>\n<meta property=\"article:modified_time\" content=\"2021-10-14T13:55:23+00:00\" \/>\n<meta name=\"twitter:card\" content=\"summary_large_image\" \/>\n<meta name=\"twitter:label1\" content=\"Temps estimat de lectura\" \/>\n\t<meta name=\"twitter:data1\" content=\"10 minuts\" \/>\n<script type=\"application\/ld+json\" class=\"yoast-schema-graph\">{\"@context\":\"https:\\\/\\\/schema.org\",\"@graph\":[{\"@type\":\"WebPage\",\"@id\":\"https:\\\/\\\/linqventure.com\\\/ca\\\/politica-de-cookies\\\/\",\"url\":\"https:\\\/\\\/linqventure.com\\\/ca\\\/politica-de-cookies\\\/\",\"name\":\"Pol\u00edtica de cookies - linQventure\",\"isPartOf\":{\"@id\":\"https:\\\/\\\/linqventure.com\\\/#website\"},\"datePublished\":\"2021-10-14T13:55:22+00:00\",\"dateModified\":\"2021-10-14T13:55:23+00:00\",\"breadcrumb\":{\"@id\":\"https:\\\/\\\/linqventure.com\\\/ca\\\/politica-de-cookies\\\/#breadcrumb\"},\"inLanguage\":\"ca\",\"potentialAction\":[{\"@type\":\"ReadAction\",\"target\":[\"https:\\\/\\\/linqventure.com\\\/ca\\\/politica-de-cookies\\\/\"]}]},{\"@type\":\"BreadcrumbList\",\"@id\":\"https:\\\/\\\/linqventure.com\\\/ca\\\/politica-de-cookies\\\/#breadcrumb\",\"itemListElement\":[{\"@type\":\"ListItem\",\"position\":1,\"name\":\"Portada\",\"item\":\"https:\\\/\\\/linqventure.com\\\/ca\\\/\"},{\"@type\":\"ListItem\",\"position\":2,\"name\":\"Pol\u00edtica de cookies\"}]},{\"@type\":\"WebSite\",\"@id\":\"https:\\\/\\\/linqventure.com\\\/#website\",\"url\":\"https:\\\/\\\/linqventure.com\\\/\",\"name\":\"linQventure\",\"description\":\"Consultor\u00eda Estrat\u00e9gica y Finanzas Corporativas\",\"publisher\":{\"@id\":\"https:\\\/\\\/linqventure.com\\\/#organization\"},\"potentialAction\":[{\"@type\":\"SearchAction\",\"target\":{\"@type\":\"EntryPoint\",\"urlTemplate\":\"https:\\\/\\\/linqventure.com\\\/?s={search_term_string}\"},\"query-input\":{\"@type\":\"PropertyValueSpecification\",\"valueRequired\":true,\"valueName\":\"search_term_string\"}}],\"inLanguage\":\"ca\"},{\"@type\":\"Organization\",\"@id\":\"https:\\\/\\\/linqventure.com\\\/#organization\",\"name\":\"linQventure\",\"url\":\"https:\\\/\\\/linqventure.com\\\/\",\"logo\":{\"@type\":\"ImageObject\",\"inLanguage\":\"ca\",\"@id\":\"https:\\\/\\\/linqventure.com\\\/#\\\/schema\\\/logo\\\/image\\\/\",\"url\":\"https:\\\/\\\/linqventure.com\\\/wp-content\\\/uploads\\\/2021\\\/09\\\/logo_linqventure-ok.png\",\"contentUrl\":\"https:\\\/\\\/linqventure.com\\\/wp-content\\\/uploads\\\/2021\\\/09\\\/logo_linqventure-ok.png\",\"width\":200,\"height\":50,\"caption\":\"linQventure\"},\"image\":{\"@id\":\"https:\\\/\\\/linqventure.com\\\/#\\\/schema\\\/logo\\\/image\\\/\"}}]}<\/script>\n<!-- \/ Yoast SEO plugin. -->","yoast_head_json":{"title":"Pol\u00edtica de cookies - linQventure","robots":{"index":"index","follow":"follow","max-snippet":"max-snippet:-1","max-image-preview":"max-image-preview:large","max-video-preview":"max-video-preview:-1"},"canonical":"https:\/\/linqventure.com\/ca\/politica-de-cookies\/","og_locale":"ca_ES","og_type":"article","og_title":"Pol\u00edtica de cookies - linQventure","og_description":"[vc_row css_animation=&#8221;&#8221; row_type=&#8221;row&#8221; use_row_as_full_screen_section=&#8221;no&#8221; type=&#8221;full_width&#8221; angled_section=&#8221;no&#8221; text_align=&#8221;left&#8221; background_image_as_pattern=&#8221;without_pattern&#8221;][vc_column][vc_column_text] Seguint les directrius de l&#8217;Ag\u00e8ncia Espanyola de Protecci\u00f3 de Dades procedim a detallar l&#8217;\u00fas de cookies que fa aquesta web amb la finalitat d&#8217;informar-lo amb la m\u00e0xima exactitud possible. El lloc web de Linq Venture Group 2011,...","og_url":"https:\/\/linqventure.com\/ca\/politica-de-cookies\/","og_site_name":"linQventure","article_modified_time":"2021-10-14T13:55:23+00:00","twitter_card":"summary_large_image","twitter_misc":{"Temps estimat de lectura":"10 minuts"},"schema":{"@context":"https:\/\/schema.org","@graph":[{"@type":"WebPage","@id":"https:\/\/linqventure.com\/ca\/politica-de-cookies\/","url":"https:\/\/linqventure.com\/ca\/politica-de-cookies\/","name":"Pol\u00edtica de cookies - linQventure","isPartOf":{"@id":"https:\/\/linqventure.com\/#website"},"datePublished":"2021-10-14T13:55:22+00:00","dateModified":"2021-10-14T13:55:23+00:00","breadcrumb":{"@id":"https:\/\/linqventure.com\/ca\/politica-de-cookies\/#breadcrumb"},"inLanguage":"ca","potentialAction":[{"@type":"ReadAction","target":["https:\/\/linqventure.com\/ca\/politica-de-cookies\/"]}]},{"@type":"BreadcrumbList","@id":"https:\/\/linqventure.com\/ca\/politica-de-cookies\/#breadcrumb","itemListElement":[{"@type":"ListItem","position":1,"name":"Portada","item":"https:\/\/linqventure.com\/ca\/"},{"@type":"ListItem","position":2,"name":"Pol\u00edtica de cookies"}]},{"@type":"WebSite","@id":"https:\/\/linqventure.com\/#website","url":"https:\/\/linqventure.com\/","name":"linQventure","description":"Consultor\u00eda Estrat\u00e9gica y Finanzas Corporativas","publisher":{"@id":"https:\/\/linqventure.com\/#organization"},"potentialAction":[{"@type":"SearchAction","target":{"@type":"EntryPoint","urlTemplate":"https:\/\/linqventure.com\/?s={search_term_string}"},"query-input":{"@type":"PropertyValueSpecification","valueRequired":true,"valueName":"search_term_string"}}],"inLanguage":"ca"},{"@type":"Organization","@id":"https:\/\/linqventure.com\/#organization","name":"linQventure","url":"https:\/\/linqventure.com\/","logo":{"@type":"ImageObject","inLanguage":"ca","@id":"https:\/\/linqventure.com\/#\/schema\/logo\/image\/","url":"https:\/\/linqventure.com\/wp-content\/uploads\/2021\/09\/logo_linqventure-ok.png","contentUrl":"https:\/\/linqventure.com\/wp-content\/uploads\/2021\/09\/logo_linqventure-ok.png","width":200,"height":50,"caption":"linQventure"},"image":{"@id":"https:\/\/linqventure.com\/#\/schema\/logo\/image\/"}}]}},"_links":{"self":[{"href":"https:\/\/linqventure.com\/ca\/wp-json\/wp\/v2\/pages\/3331","targetHints":{"allow":["GET"]}}],"collection":[{"href":"https:\/\/linqventure.com\/ca\/wp-json\/wp\/v2\/pages"}],"about":[{"href":"https:\/\/linqventure.com\/ca\/wp-json\/wp\/v2\/types\/page"}],"author":[{"embeddable":true,"href":"https:\/\/linqventure.com\/ca\/wp-json\/wp\/v2\/users\/1"}],"replies":[{"embeddable":true,"href":"https:\/\/linqventure.com\/ca\/wp-json\/wp\/v2\/comments?post=3331"}],"version-history":[{"count":1,"href":"https:\/\/linqventure.com\/ca\/wp-json\/wp\/v2\/pages\/3331\/revisions"}],"predecessor-version":[{"id":3334,"href":"https:\/\/linqventure.com\/ca\/wp-json\/wp\/v2\/pages\/3331\/revisions\/3334"}],"wp:attachment":[{"href":"https:\/\/linqventure.com\/ca\/wp-json\/wp\/v2\/media?parent=3331"}],"curies":[{"name":"wp","href":"https:\/\/api.w.org\/{rel}","templated":true}]}}