{"id":3480,"date":"2021-10-19T13:41:20","date_gmt":"2021-10-19T13:41:20","guid":{"rendered":"https:\/\/nhobo.com\/linqventure-new\/a-propos-de-nous\/"},"modified":"2021-11-30T11:43:32","modified_gmt":"2021-11-30T11:43:32","slug":"a-propos-de-nous","status":"publish","type":"page","link":"https:\/\/linqventure.com\/fr\/a-propos-de-nous\/","title":{"rendered":"A propos de nous"},"content":{"rendered":"<div class=\"wpb-content-wrapper\"><p>[vc_row css_animation=\u00a0\u00bb\u00a0\u00bb row_type=\u00a0\u00bbrow\u00a0\u00bb use_row_as_full_screen_section=\u00a0\u00bbno\u00a0\u00bb type=\u00a0\u00bbgrid\u00a0\u00bb angled_section=\u00a0\u00bbno\u00a0\u00bb text_align=\u00a0\u00bbleft\u00a0\u00bb background_image_as_pattern=\u00a0\u00bbwithout_pattern\u00a0\u00bb css=\u00a0\u00bb.vc_custom_1632224503697{padding-top: 60px !important;padding-bottom: 60px !important;background-color: #ffffff !important;}\u00a0\u00bb z_index=\u00a0\u00bb\u00a0\u00bb][vc_column][vc_column_text]<\/p>\n<p style=\"text-align: justify; font-size: 16px;\">Compte tenu de la complexit\u00e9 des environnements d&rsquo;aujourd&rsquo;hui, les entreprises et les entrepreneurs &#8211; nos clients &#8211; exigent la simplicit\u00e9 dans leurs approches et appr\u00e9cient grandement notre soutien dans les processus et les op\u00e9rations qu&rsquo;ils nous confient, appr\u00e9ciant les organisations l\u00e9g\u00e8res qui maximisent la valeur et minimisent le superflu.<\/p>\n<p style=\"text-align: justify; font-size: 16px;\">En ce sens, notre implication directe en tant que partenaires apporte une grande valeur ajout\u00e9e par rapport aux autres formes de conseil.<\/p>\n<p style=\"text-align: justify; font-size: 16px;\">L&rsquo;\u00e9quipe\u00a0<strong>LinQventure\u00a0<\/strong>est compos\u00e9e de professionnels consolid\u00e9s par leurs parcours respectifs dans le management de grandes entreprises, avec une exp\u00e9rience qualifi\u00e9e en conseil.<\/p>\n<p style=\"text-align: justify; font-size: 16px;\">Nous appliquons la meth\u00f2de <strong>LEAN\u00a0<\/strong>\u00e0 notre bureau: c&rsquo;est pourquoi les partenaires sont directement impliqu\u00e9s dans les projets et ne font qu&rsquo;ajouter de la valeur.<\/p>\n<p style=\"text-align: justify; font-size: 16px;\">Le concept <strong>LINK\u00a0<\/strong>est la base de la connaissance du r\u00e9seau. Et Nous le pratiquons.<\/p>\n<p>[\/vc_column_text][vc_empty_space][vc_column_text]<\/p>\n<h4><strong>LinQventure synth\u00e9tise<\/strong> ainsi trois concepts qui fa\u00e7onnent notre mani\u00e8re de faire et notre projet: <strong>Lean, Link<\/strong> et <strong>Venture<\/strong>.<\/h4>\n<p>[\/vc_column_text][\/vc_column][\/vc_row][vc_row css_animation=\u00a0\u00bb\u00a0\u00bb row_type=\u00a0\u00bbrow\u00a0\u00bb use_row_as_full_screen_section=\u00a0\u00bbno\u00a0\u00bb type=\u00a0\u00bbgrid\u00a0\u00bb angled_section=\u00a0\u00bbno\u00a0\u00bb text_align=\u00a0\u00bbcenter\u00a0\u00bb background_image_as_pattern=\u00a0\u00bbwithout_pattern\u00a0\u00bb z_index=\u00a0\u00bb\u00a0\u00bb css=\u00a0\u00bb.vc_custom_1632233242875{padding-top: 60px !important;padding-bottom: 60px !important;}\u00a0\u00bb][vc_column width=\u00a0\u00bb1\/4&Prime;][vc_empty_space][vc_single_image image=\u00a0\u00bb3059&Prime; img_size=\u00a0\u00bbfull\u00a0\u00bb alignment=\u00a0\u00bbcenter\u00a0\u00bb qode_css_animation=\u00a0\u00bb\u00a0\u00bb][vc_empty_space][vc_column_text]<\/p>\n<h3 style=\"text-align: center;\">Jordi Moix<\/h3>\n<p style=\"text-align: center;\">Partenaire<\/p>\n<p>[\/vc_column_text][vc_separator type=\u00a0\u00bbsmall\u00a0\u00bb position=\u00a0\u00bbcenter\u00a0\u00bb color=\u00a0\u00bb#d8d002&Prime;][vc_column_text]<\/p>\n<p style=\"text-align: center;\"><a href=\"mailto:jmoix@linqventure.com\">jmoix@linqventure.com<\/a><\/p>\n<p style=\"text-align: center;\">Tel. +34 93 241 98 06<\/p>\n<p>[\/vc_column_text]<span class='q_social_icon_holder circle_social' ><a itemprop='url' href='#' target='_blank'><span class='fa-stack fa-lg' style=''><i class=\"qode_icon_font_awesome fa fa-linkedin \" style=\"\" ><\/i><\/span><\/a><\/span>[\/vc_column][vc_column width=\u00a0\u00bb3\/4&Prime;][vc_empty_space][vc_column_text]<\/p>\n<p style=\"text-align: left;\"><span style=\"color: #000000;\"><strong>TRAJECTOIRE PROFESSIONNELLE<\/strong><\/span><\/p>\n<hr \/>\n<p style=\"text-align: left;\"><span lang=\"FR\">TALUS REALE ESTATE Asset Manager Partner pour les fonds immobiliers institutionnels paneurop\u00e9ens. <\/span><span lang=\"ES\">Directeur des investissements. 1 500 MM d&rsquo;Actifs d\u00e9velopp\u00e9s.\u00a0<\/span>ADDED VALUE. Associ\u00e9 fondateur Conseil dans le secteur de l&rsquo;immobilier financier. Assistance \u00e0 divers clients pour concevoir des strat\u00e9gies et mettre en \u0153uvre des actions dans la gestion de divers actifs immobiliers. REYAL URBIS. Directeur G\u00e9n\u00e9ral de la Promotion et de l&rsquo;Expansion Internationale. Responsable de la gestion de l&rsquo;activit\u00e9 de promotion immobili\u00e8re du groupe. METROVACESA. Directeur G\u00e9n\u00e9ral Catalogne. Pr\u00e9sident de La Maquinista Vila Global SA. Bureaux, Commerces, H\u00f4tels, Logements, Seniors. LAIETANA. Directeur g\u00e9n\u00e9ral. Membre du conseil d&rsquo;administration. HABITAT. Directeur g\u00e9n\u00e9ral. CITIBANK. Directeur de compte, New York \/ Madrid. AIG. Commercial new-yorkais.<\/p>\n<p>&nbsp;<\/p>\n<p style=\"text-align: left;\"><span style=\"color: #000000;\"><strong>ENTRA\u00ceNEMENT<\/strong><\/span><\/p>\n<hr \/>\n<p style=\"text-align: left;\">Master Administration des Entreprises. \u00c9cole de commerce Thunderbird, Arizona 1982<br \/>\nDipl\u00f4me en \u00e9tudes commerciales de l&rsquo;ESADE, Barcelone 1982.<br \/>\nIl parle catalan, espagnol et anglais.<\/p>\n<p>&nbsp;<\/p>\n<p style=\"text-align: left;\"><span style=\"color: #000000;\"><strong>LES AUTRES INFORMATIONS<\/strong><\/span><\/p>\n<hr \/>\n<p style=\"text-align: left;\">Vice-pr\u00e9sident du secteur immobilier. Conseil d&rsquo;administration du FC Barcelona.<br \/>\nr\u00e9sident du Comit\u00e9 Ex\u00e9cutif de l&rsquo;ULI (Institut Foncier Urbain) Barcelone 2005-2007.<br \/>\nMembre du Cercle d&rsquo;\u00c9conomie et de l&rsquo;AED.<br \/>\nMembre fondateur du Club Immobilier ESADE Alumni 2000-2005.<\/p>\n<p>[\/vc_column_text][vc_empty_space][\/vc_column][\/vc_row][vc_row css_animation=\u00a0\u00bb\u00a0\u00bb row_type=\u00a0\u00bbrow\u00a0\u00bb use_row_as_full_screen_section=\u00a0\u00bbno\u00a0\u00bb type=\u00a0\u00bbgrid\u00a0\u00bb angled_section=\u00a0\u00bbno\u00a0\u00bb text_align=\u00a0\u00bbcenter\u00a0\u00bb background_image_as_pattern=\u00a0\u00bbwithout_pattern\u00a0\u00bb z_index=\u00a0\u00bb\u00a0\u00bb css=\u00a0\u00bb.vc_custom_1632233287448{padding-bottom: 60px !important;}\u00a0\u00bb][vc_column width=\u00a0\u00bb1\/4&Prime;][vc_empty_space][vc_single_image image=\u00a0\u00bb3056&Prime; img_size=\u00a0\u00bbfull\u00a0\u00bb alignment=\u00a0\u00bbcenter\u00a0\u00bb qode_css_animation=\u00a0\u00bb\u00a0\u00bb][vc_empty_space][vc_column_text]<\/p>\n<h3 style=\"text-align: center;\">Pere Gal\u00ed<\/h3>\n<p style=\"text-align: center;\">Partenaire<\/p>\n<p>[\/vc_column_text][vc_separator type=\u00a0\u00bbsmall\u00a0\u00bb position=\u00a0\u00bbcenter\u00a0\u00bb color=\u00a0\u00bb#d8d002&Prime;][vc_column_text]<\/p>\n<p style=\"text-align: center;\"><a href=\"mailto:pgali@linqventure.com\">pgali@linqventure.com<\/a><\/p>\n<p style=\"text-align: center;\">Tel. +34 93 241 98 06<\/p>\n<p>[\/vc_column_text]<span class='q_social_icon_holder circle_social' ><a itemprop='url' href='#' target='_blank'><span class='fa-stack fa-lg' style=''><i class=\"qode_icon_font_awesome fa fa-linkedin \" style=\"\" ><\/i><\/span><\/a><\/span>[\/vc_column][vc_column width=\u00a0\u00bb3\/4&Prime;][vc_empty_space][vc_column_text]<\/p>\n<p style=\"text-align: left;\"><span style=\"color: #000000;\"><strong>TRAJECTOIRE PROFESSIONNELLE<\/strong><\/span><\/p>\n<hr \/>\n<p style=\"text-align: left;\">Plus de 15 ans d&rsquo;exp\u00e9rience manag\u00e9riale en tant que CEO et International Business Development Manager dans diff\u00e9rentes entreprises et secteurs.<br \/>\nIl a travaill\u00e9 dans des entreprises telles que Nutrexpa, Indo, Esteves-Philips Diamond Tools, Agrupaci\u00f3 M\u00fatua, Bagues Masriera.<br \/>\nPendant 3 ans, il a \u00e9t\u00e9 secr\u00e9taire \u00e0 la Promotion \u00e9conomique de la Generalitat de Catalunya.<br \/>\nIl a plus de 17 ans d&rsquo;exp\u00e9rience en tant qu&rsquo;associ\u00e9 dans le conseil en internationalisation des entreprises, les fusions et acquisitions et l&rsquo;entrepreneurship.<\/p>\n<p>&nbsp;<\/p>\n<p style=\"text-align: left;\"><span style=\"color: #000000;\"><strong>ENTRA\u00ceNEMENT<\/strong><\/span><\/p>\n<hr \/>\n<p style=\"text-align: left;\">Master de l&rsquo;ESADE (Barcelone) et PADE de l&rsquo;IESE (Barcelone).<br \/>\nIl parle catalan, espagnol, fran\u00e7ais, anglais et finnois.<\/p>\n<p>&nbsp;<\/p>\n<p style=\"text-align: left;\"><span style=\"color: #000000;\"><strong>LES AUTRES INFORMATIONS<\/strong><\/span><\/p>\n<hr \/>\n<p style=\"text-align: left;\">Il est membre de divers Conseils d&rsquo;Administration et Conseils Consultatifs d&rsquo;Institutions et de Fondations \u00e0 but non lucratif.<\/p>\n<p>[\/vc_column_text][vc_empty_space][\/vc_column][\/vc_row]<\/p>\n<\/div>","protected":false},"excerpt":{"rendered":"<p>[vc_row css_animation=\u00a0\u00bb\u00a0\u00bb row_type=\u00a0\u00bbrow\u00a0\u00bb use_row_as_full_screen_section=\u00a0\u00bbno\u00a0\u00bb type=\u00a0\u00bbgrid\u00a0\u00bb angled_section=\u00a0\u00bbno\u00a0\u00bb text_align=\u00a0\u00bbleft\u00a0\u00bb background_image_as_pattern=\u00a0\u00bbwithout_pattern\u00a0\u00bb css=\u00a0\u00bb.vc_custom_1632224503697{padding-top: 60px !important;padding-bottom: 60px !important;background-color: #ffffff !important;}\u00a0\u00bb z_index=\u00a0\u00bb\u00a0\u00bb][vc_column][vc_column_text] Compte tenu de la complexit\u00e9 des environnements d&rsquo;aujourd&rsquo;hui, les entreprises et les entrepreneurs &#8211; nos clients &#8211; exigent la simplicit\u00e9 dans leurs approches et appr\u00e9cient grandement notre soutien dans&#8230;<\/p>\n","protected":false},"author":1,"featured_media":0,"parent":0,"menu_order":0,"comment_status":"closed","ping_status":"closed","template":"full_width.php","meta":{"footnotes":""},"class_list":["post-3480","page","type-page","status-publish","hentry"],"yoast_head":"<!-- This site is optimized with the Yoast SEO plugin v27.4 - https:\/\/yoast.com\/product\/yoast-seo-wordpress\/ -->\n<title>A propos de nous - linQventure<\/title>\n<meta name=\"robots\" content=\"index, follow, max-snippet:-1, max-image-preview:large, max-video-preview:-1\" \/>\n<link rel=\"canonical\" href=\"https:\/\/linqventure.com\/fr\/a-propos-de-nous\/\" \/>\n<meta property=\"og:locale\" content=\"fr_FR\" \/>\n<meta property=\"og:type\" content=\"article\" \/>\n<meta property=\"og:title\" content=\"A propos de nous - linQventure\" \/>\n<meta property=\"og:description\" content=\"[vc_row css_animation=\u00a0\u00bb\u00a0\u00bb row_type=\u00a0\u00bbrow\u00a0\u00bb use_row_as_full_screen_section=\u00a0\u00bbno\u00a0\u00bb type=\u00a0\u00bbgrid\u00a0\u00bb angled_section=\u00a0\u00bbno\u00a0\u00bb text_align=\u00a0\u00bbleft\u00a0\u00bb background_image_as_pattern=\u00a0\u00bbwithout_pattern\u00a0\u00bb css=\u00a0\u00bb.vc_custom_1632224503697{padding-top: 60px !important;padding-bottom: 60px !important;background-color: #ffffff !important;}\u00a0\u00bb z_index=\u00a0\u00bb\u00a0\u00bb][vc_column][vc_column_text] Compte tenu de la complexit\u00e9 des environnements d&rsquo;aujourd&rsquo;hui, les entreprises et les entrepreneurs &#8211; nos clients &#8211; exigent la simplicit\u00e9 dans leurs approches et appr\u00e9cient grandement notre soutien dans...\" \/>\n<meta property=\"og:url\" content=\"https:\/\/linqventure.com\/fr\/a-propos-de-nous\/\" \/>\n<meta property=\"og:site_name\" content=\"linQventure\" \/>\n<meta property=\"article:modified_time\" content=\"2021-11-30T11:43:32+00:00\" \/>\n<meta name=\"twitter:card\" content=\"summary_large_image\" \/>\n<meta name=\"twitter:label1\" content=\"Dur\u00e9e de lecture estim\u00e9e\" \/>\n\t<meta name=\"twitter:data1\" content=\"3 minutes\" \/>\n<script type=\"application\/ld+json\" class=\"yoast-schema-graph\">{\"@context\":\"https:\\\/\\\/schema.org\",\"@graph\":[{\"@type\":\"WebPage\",\"@id\":\"https:\\\/\\\/linqventure.com\\\/fr\\\/a-propos-de-nous\\\/\",\"url\":\"https:\\\/\\\/linqventure.com\\\/fr\\\/a-propos-de-nous\\\/\",\"name\":\"A propos de nous - linQventure\",\"isPartOf\":{\"@id\":\"https:\\\/\\\/linqventure.com\\\/#website\"},\"datePublished\":\"2021-10-19T13:41:20+00:00\",\"dateModified\":\"2021-11-30T11:43:32+00:00\",\"breadcrumb\":{\"@id\":\"https:\\\/\\\/linqventure.com\\\/fr\\\/a-propos-de-nous\\\/#breadcrumb\"},\"inLanguage\":\"fr-FR\",\"potentialAction\":[{\"@type\":\"ReadAction\",\"target\":[\"https:\\\/\\\/linqventure.com\\\/fr\\\/a-propos-de-nous\\\/\"]}]},{\"@type\":\"BreadcrumbList\",\"@id\":\"https:\\\/\\\/linqventure.com\\\/fr\\\/a-propos-de-nous\\\/#breadcrumb\",\"itemListElement\":[{\"@type\":\"ListItem\",\"position\":1,\"name\":\"Portada\",\"item\":\"https:\\\/\\\/linqventure.com\\\/fr\\\/\"},{\"@type\":\"ListItem\",\"position\":2,\"name\":\"A propos de nous\"}]},{\"@type\":\"WebSite\",\"@id\":\"https:\\\/\\\/linqventure.com\\\/#website\",\"url\":\"https:\\\/\\\/linqventure.com\\\/\",\"name\":\"linQventure\",\"description\":\"Consultor\u00eda Estrat\u00e9gica y Finanzas Corporativas\",\"publisher\":{\"@id\":\"https:\\\/\\\/linqventure.com\\\/#organization\"},\"potentialAction\":[{\"@type\":\"SearchAction\",\"target\":{\"@type\":\"EntryPoint\",\"urlTemplate\":\"https:\\\/\\\/linqventure.com\\\/?s={search_term_string}\"},\"query-input\":{\"@type\":\"PropertyValueSpecification\",\"valueRequired\":true,\"valueName\":\"search_term_string\"}}],\"inLanguage\":\"fr-FR\"},{\"@type\":\"Organization\",\"@id\":\"https:\\\/\\\/linqventure.com\\\/#organization\",\"name\":\"linQventure\",\"url\":\"https:\\\/\\\/linqventure.com\\\/\",\"logo\":{\"@type\":\"ImageObject\",\"inLanguage\":\"fr-FR\",\"@id\":\"https:\\\/\\\/linqventure.com\\\/#\\\/schema\\\/logo\\\/image\\\/\",\"url\":\"https:\\\/\\\/linqventure.com\\\/wp-content\\\/uploads\\\/2021\\\/09\\\/logo_linqventure-ok.png\",\"contentUrl\":\"https:\\\/\\\/linqventure.com\\\/wp-content\\\/uploads\\\/2021\\\/09\\\/logo_linqventure-ok.png\",\"width\":200,\"height\":50,\"caption\":\"linQventure\"},\"image\":{\"@id\":\"https:\\\/\\\/linqventure.com\\\/#\\\/schema\\\/logo\\\/image\\\/\"}}]}<\/script>\n<!-- \/ Yoast SEO plugin. -->","yoast_head_json":{"title":"A propos de nous - linQventure","robots":{"index":"index","follow":"follow","max-snippet":"max-snippet:-1","max-image-preview":"max-image-preview:large","max-video-preview":"max-video-preview:-1"},"canonical":"https:\/\/linqventure.com\/fr\/a-propos-de-nous\/","og_locale":"fr_FR","og_type":"article","og_title":"A propos de nous - linQventure","og_description":"[vc_row css_animation=\u00a0\u00bb\u00a0\u00bb row_type=\u00a0\u00bbrow\u00a0\u00bb use_row_as_full_screen_section=\u00a0\u00bbno\u00a0\u00bb type=\u00a0\u00bbgrid\u00a0\u00bb angled_section=\u00a0\u00bbno\u00a0\u00bb text_align=\u00a0\u00bbleft\u00a0\u00bb background_image_as_pattern=\u00a0\u00bbwithout_pattern\u00a0\u00bb css=\u00a0\u00bb.vc_custom_1632224503697{padding-top: 60px !important;padding-bottom: 60px !important;background-color: #ffffff !important;}\u00a0\u00bb z_index=\u00a0\u00bb\u00a0\u00bb][vc_column][vc_column_text] Compte tenu de la complexit\u00e9 des environnements d&rsquo;aujourd&rsquo;hui, les entreprises et les entrepreneurs &#8211; nos clients &#8211; exigent la simplicit\u00e9 dans leurs approches et appr\u00e9cient grandement notre soutien dans...","og_url":"https:\/\/linqventure.com\/fr\/a-propos-de-nous\/","og_site_name":"linQventure","article_modified_time":"2021-11-30T11:43:32+00:00","twitter_card":"summary_large_image","twitter_misc":{"Dur\u00e9e de lecture estim\u00e9e":"3 minutes"},"schema":{"@context":"https:\/\/schema.org","@graph":[{"@type":"WebPage","@id":"https:\/\/linqventure.com\/fr\/a-propos-de-nous\/","url":"https:\/\/linqventure.com\/fr\/a-propos-de-nous\/","name":"A propos de nous - linQventure","isPartOf":{"@id":"https:\/\/linqventure.com\/#website"},"datePublished":"2021-10-19T13:41:20+00:00","dateModified":"2021-11-30T11:43:32+00:00","breadcrumb":{"@id":"https:\/\/linqventure.com\/fr\/a-propos-de-nous\/#breadcrumb"},"inLanguage":"fr-FR","potentialAction":[{"@type":"ReadAction","target":["https:\/\/linqventure.com\/fr\/a-propos-de-nous\/"]}]},{"@type":"BreadcrumbList","@id":"https:\/\/linqventure.com\/fr\/a-propos-de-nous\/#breadcrumb","itemListElement":[{"@type":"ListItem","position":1,"name":"Portada","item":"https:\/\/linqventure.com\/fr\/"},{"@type":"ListItem","position":2,"name":"A propos de nous"}]},{"@type":"WebSite","@id":"https:\/\/linqventure.com\/#website","url":"https:\/\/linqventure.com\/","name":"linQventure","description":"Consultor\u00eda Estrat\u00e9gica y Finanzas Corporativas","publisher":{"@id":"https:\/\/linqventure.com\/#organization"},"potentialAction":[{"@type":"SearchAction","target":{"@type":"EntryPoint","urlTemplate":"https:\/\/linqventure.com\/?s={search_term_string}"},"query-input":{"@type":"PropertyValueSpecification","valueRequired":true,"valueName":"search_term_string"}}],"inLanguage":"fr-FR"},{"@type":"Organization","@id":"https:\/\/linqventure.com\/#organization","name":"linQventure","url":"https:\/\/linqventure.com\/","logo":{"@type":"ImageObject","inLanguage":"fr-FR","@id":"https:\/\/linqventure.com\/#\/schema\/logo\/image\/","url":"https:\/\/linqventure.com\/wp-content\/uploads\/2021\/09\/logo_linqventure-ok.png","contentUrl":"https:\/\/linqventure.com\/wp-content\/uploads\/2021\/09\/logo_linqventure-ok.png","width":200,"height":50,"caption":"linQventure"},"image":{"@id":"https:\/\/linqventure.com\/#\/schema\/logo\/image\/"}}]}},"_links":{"self":[{"href":"https:\/\/linqventure.com\/fr\/wp-json\/wp\/v2\/pages\/3480","targetHints":{"allow":["GET"]}}],"collection":[{"href":"https:\/\/linqventure.com\/fr\/wp-json\/wp\/v2\/pages"}],"about":[{"href":"https:\/\/linqventure.com\/fr\/wp-json\/wp\/v2\/types\/page"}],"author":[{"embeddable":true,"href":"https:\/\/linqventure.com\/fr\/wp-json\/wp\/v2\/users\/1"}],"replies":[{"embeddable":true,"href":"https:\/\/linqventure.com\/fr\/wp-json\/wp\/v2\/comments?post=3480"}],"version-history":[{"count":6,"href":"https:\/\/linqventure.com\/fr\/wp-json\/wp\/v2\/pages\/3480\/revisions"}],"predecessor-version":[{"id":3611,"href":"https:\/\/linqventure.com\/fr\/wp-json\/wp\/v2\/pages\/3480\/revisions\/3611"}],"wp:attachment":[{"href":"https:\/\/linqventure.com\/fr\/wp-json\/wp\/v2\/media?parent=3480"}],"curies":[{"name":"wp","href":"https:\/\/api.w.org\/{rel}","templated":true}]}}