{"id":3487,"date":"2021-10-19T13:47:47","date_gmt":"2021-10-19T13:47:47","guid":{"rendered":"https:\/\/nhobo.com\/linqventure-new\/conseil-et-finance-dentreprise\/"},"modified":"2021-10-19T14:00:26","modified_gmt":"2021-10-19T14:00:26","slug":"conseil-et-finance-dentreprise","status":"publish","type":"page","link":"https:\/\/linqventure.com\/fr\/conseil-et-finance-dentreprise\/","title":{"rendered":"Conseil et Finance d&rsquo;Entreprise"},"content":{"rendered":"<div class=\"wpb-content-wrapper\"><p>[vc_row css_animation=\u00a0\u00bb\u00a0\u00bb row_type=\u00a0\u00bbrow\u00a0\u00bb use_row_as_full_screen_section=\u00a0\u00bbno\u00a0\u00bb type=\u00a0\u00bbfull_width\u00a0\u00bb angled_section=\u00a0\u00bbno\u00a0\u00bb text_align=\u00a0\u00bbleft\u00a0\u00bb background_image_as_pattern=\u00a0\u00bbwithout_pattern\u00a0\u00bb z_index=\u00a0\u00bb\u00a0\u00bb css=\u00a0\u00bb.vc_custom_1516804479403{background-color: #ffffff !important;background-position: center !important;background-repeat: no-repeat !important;background-size: cover !important;}\u00a0\u00bb][vc_column offset=\u00a0\u00bbvc_col-lg-12 vc_col-md-12&Prime;][vc_row_inner row_type=\u00a0\u00bbrow\u00a0\u00bb type=\u00a0\u00bbgrid\u00a0\u00bb text_align=\u00a0\u00bbleft\u00a0\u00bb css_animation=\u00a0\u00bb\u00a0\u00bb css=\u00a0\u00bb.vc_custom_1516806474517{padding-top: 100px !important;}\u00a0\u00bb][vc_column_inner offset=\u00a0\u00bbvc_col-lg-4 vc_col-md-12&Prime;]<div class=\"image_with_text\"><img decoding=\"async\" itemprop=\"image\" src=\"https:\/\/linqventure.com\/wp-content\/uploads\/2021\/09\/fusiones.jpg\" alt=\"Fusions et acquisitions\" \/><h4 >Fusions et acquisitions<\/h4><span style=\"margin: 6px 0px;\" class=\"separator transparent\"><\/span><span lang=\"es-ES\">Conseils sur la vente et l&rsquo;achat d&rsquo;entreprises.<\/span><\/p>\n<p><span lang=\"es-ES\">Implication et proximit\u00e9 avec les actionnaires pour optimiser la structuration de l&rsquo;op\u00e9ration.<\/span><\/div>[vc_empty_space height=\u00a0\u00bb82px\u00a0\u00bb][\/vc_column_inner][vc_column_inner offset=\u00a0\u00bbvc_col-lg-4 vc_col-md-12&Prime;]<div class=\"image_with_text\"><img decoding=\"async\" itemprop=\"image\" src=\"https:\/\/linqventure.com\/wp-content\/uploads\/2021\/09\/funding.jpg\" alt=\"Structuration financi\u00e8re\" \/><h4 >Structuration financi\u00e8re<\/h4><span style=\"margin: 6px 0px;\" class=\"separator transparent\"><\/span><span lang=\"es-ES\">Analyse et structuration financi\u00e8re du projet.<\/span><\/p>\n<p><span lang=\"es-ES\">\u00c9valuation des alternatives de financement.<\/span><\/p>\n<p><span lang=\"es-ES\">Financement priv\u00e9\/public.<\/span><\/p>\n<p><span lang=\"es-ES\">Structuration des tours de financement successifs.<\/span><\/div>[vc_empty_space height=\u00a0\u00bb82px\u00a0\u00bb][\/vc_column_inner][vc_column_inner offset=\u00a0\u00bbvc_col-lg-4 vc_col-md-12&Prime;]<div class=\"image_with_text\"><img decoding=\"async\" itemprop=\"image\" src=\"https:\/\/linqventure.com\/wp-content\/uploads\/2021\/09\/busqueda.jpg\" alt=\"Recherche de financement\" \/><h4 >Recherche de financement<\/h4><span style=\"margin: 6px 0px;\" class=\"separator transparent\"><\/span><span lang=\"es-ES\">Recherche de capitaux et de financements externes.<\/span><\/p>\n<p><span lang=\"es-ES\">Conception des augmentations de capital.<\/span><\/p>\n<p><span lang=\"es-ES\">Investisseurs en Venture Capital, Venture Capital, Family Offices et Investisseurs Directs<\/span><\/div>[vc_empty_space height=\u00a0\u00bb82px\u00a0\u00bb][\/vc_column_inner][\/vc_row_inner][\/vc_column][\/vc_row][vc_row css_animation=\u00a0\u00bb\u00a0\u00bb row_type=\u00a0\u00bbrow\u00a0\u00bb use_row_as_full_screen_section=\u00a0\u00bbno\u00a0\u00bb type=\u00a0\u00bbfull_width\u00a0\u00bb angled_section=\u00a0\u00bbno\u00a0\u00bb text_align=\u00a0\u00bbleft\u00a0\u00bb background_image_as_pattern=\u00a0\u00bbwithout_pattern\u00a0\u00bb z_index=\u00a0\u00bb\u00a0\u00bb css=\u00a0\u00bb.vc_custom_1632299166181{padding-bottom: 60px !important;background-color: #ffffff !important;background-position: center !important;background-repeat: no-repeat !important;background-size: cover !important;}\u00a0\u00bb background_image=\u00a0\u00bb234&Prime;][vc_column offset=\u00a0\u00bbvc_col-lg-12 vc_col-md-12&Prime;][vc_row_inner row_type=\u00a0\u00bbrow\u00a0\u00bb type=\u00a0\u00bbgrid\u00a0\u00bb text_align=\u00a0\u00bbleft\u00a0\u00bb css_animation=\u00a0\u00bb\u00a0\u00bb][vc_column_inner offset=\u00a0\u00bbvc_col-lg-4 vc_col-md-12&Prime;]<div class=\"image_with_text\"><img decoding=\"async\" itemprop=\"image\" src=\"https:\/\/linqventure.com\/wp-content\/uploads\/2021\/09\/negociacion.jpg\" alt=\"Refinancement\" \/><h4 >Refinancement<\/h4><span style=\"margin: 6px 0px;\" class=\"separator transparent\"><\/span><span lang=\"es-ES\">Restructuration de la dette financi\u00e8re.<\/span><\/p>\n<p><span lang=\"es-ES\">Acc\u00e8s et n\u00e9gociation avec les entit\u00e9s financi\u00e8res.<\/span><\/div>[vc_empty_space height=\u00a0\u00bb25px\u00a0\u00bb][\/vc_column_inner][vc_column_inner offset=\u00a0\u00bbvc_col-lg-4 vc_col-md-12&Prime;]<div class=\"image_with_text\"><img decoding=\"async\" itemprop=\"image\" src=\"https:\/\/linqventure.com\/wp-content\/uploads\/2021\/09\/acompanar.jpg\" alt=\"Analyse de projet\" \/><h4 >Analyse de projet<\/h4><span style=\"margin: 6px 0px;\" class=\"separator transparent\"><\/span><span lang=\"es-ES\">Analyse d&rsquo;id\u00e9es, Analyse d&rsquo;\u00e9quipe.<\/span><\/p>\n<p><span lang=\"es-ES\">Validation march\u00e9\/projet et du mod\u00e8le \u00e9conomique.<\/span><\/p>\n<p><span lang=\"es-ES\">Etude de financement.<\/span><\/div>[vc_empty_space height=\u00a0\u00bb25px\u00a0\u00bb][\/vc_column_inner][vc_column_inner offset=\u00a0\u00bbvc_col-lg-4 vc_col-md-12&Prime;][\/vc_column_inner][\/vc_row_inner][\/vc_column][\/vc_row]<\/p>\n<\/div>","protected":false},"excerpt":{"rendered":"<p>[vc_row css_animation=\u00a0\u00bb\u00a0\u00bb row_type=\u00a0\u00bbrow\u00a0\u00bb use_row_as_full_screen_section=\u00a0\u00bbno\u00a0\u00bb type=\u00a0\u00bbfull_width\u00a0\u00bb angled_section=\u00a0\u00bbno\u00a0\u00bb text_align=\u00a0\u00bbleft\u00a0\u00bb background_image_as_pattern=\u00a0\u00bbwithout_pattern\u00a0\u00bb z_index=\u00a0\u00bb\u00a0\u00bb css=\u00a0\u00bb.vc_custom_1516804479403{background-color: #ffffff !important;background-position: center !important;background-repeat: no-repeat !important;background-size: cover !important;}\u00a0\u00bb][vc_column offset=\u00a0\u00bbvc_col-lg-12 vc_col-md-12&Prime;][vc_row_inner row_type=\u00a0\u00bbrow\u00a0\u00bb type=\u00a0\u00bbgrid\u00a0\u00bb text_align=\u00a0\u00bbleft\u00a0\u00bb css_animation=\u00a0\u00bb\u00a0\u00bb css=\u00a0\u00bb.vc_custom_1516806474517{padding-top: 100px !important;}\u00a0\u00bb][vc_column_inner offset=\u00a0\u00bbvc_col-lg-4 vc_col-md-12&Prime;][vc_empty_space height=\u00a0\u00bb82px\u00a0\u00bb][\/vc_column_inner][vc_column_inner offset=\u00a0\u00bbvc_col-lg-4 vc_col-md-12&Prime;][vc_empty_space height=\u00a0\u00bb82px\u00a0\u00bb][\/vc_column_inner][vc_column_inner offset=\u00a0\u00bbvc_col-lg-4 vc_col-md-12&Prime;][vc_empty_space height=\u00a0\u00bb82px\u00a0\u00bb][\/vc_column_inner][\/vc_row_inner][\/vc_column][\/vc_row][vc_row css_animation=\u00a0\u00bb\u00a0\u00bb row_type=\u00a0\u00bbrow\u00a0\u00bb use_row_as_full_screen_section=\u00a0\u00bbno\u00a0\u00bb type=\u00a0\u00bbfull_width\u00a0\u00bb angled_section=\u00a0\u00bbno\u00a0\u00bb text_align=\u00a0\u00bbleft\u00a0\u00bb background_image_as_pattern=\u00a0\u00bbwithout_pattern\u00a0\u00bb z_index=\u00a0\u00bb\u00a0\u00bb css=\u00a0\u00bb.vc_custom_1632299166181{padding-bottom:&#8230;<\/p>\n","protected":false},"author":1,"featured_media":0,"parent":0,"menu_order":0,"comment_status":"closed","ping_status":"closed","template":"full_width.php","meta":{"footnotes":""},"class_list":["post-3487","page","type-page","status-publish","hentry"],"yoast_head":"<!-- This site is optimized with the Yoast SEO plugin v27.4 - https:\/\/yoast.com\/product\/yoast-seo-wordpress\/ -->\n<title>Conseil et Finance d&#039;Entreprise - linQventure<\/title>\n<meta name=\"robots\" content=\"index, follow, max-snippet:-1, max-image-preview:large, max-video-preview:-1\" \/>\n<link rel=\"canonical\" href=\"https:\/\/linqventure.com\/fr\/conseil-et-finance-dentreprise\/\" \/>\n<meta property=\"og:locale\" content=\"fr_FR\" \/>\n<meta property=\"og:type\" content=\"article\" \/>\n<meta property=\"og:title\" content=\"Conseil et Finance d&#039;Entreprise - linQventure\" \/>\n<meta property=\"og:description\" content=\"[vc_row css_animation=\u00a0\u00bb\u00a0\u00bb row_type=\u00a0\u00bbrow\u00a0\u00bb use_row_as_full_screen_section=\u00a0\u00bbno\u00a0\u00bb type=\u00a0\u00bbfull_width\u00a0\u00bb angled_section=\u00a0\u00bbno\u00a0\u00bb text_align=\u00a0\u00bbleft\u00a0\u00bb background_image_as_pattern=\u00a0\u00bbwithout_pattern\u00a0\u00bb z_index=\u00a0\u00bb\u00a0\u00bb css=\u00a0\u00bb.vc_custom_1516804479403{background-color: #ffffff !important;background-position: center !important;background-repeat: no-repeat !important;background-size: cover !important;}\u00a0\u00bb][vc_column offset=\u00a0\u00bbvc_col-lg-12 vc_col-md-12&Prime;][vc_row_inner row_type=\u00a0\u00bbrow\u00a0\u00bb type=\u00a0\u00bbgrid\u00a0\u00bb text_align=\u00a0\u00bbleft\u00a0\u00bb css_animation=\u00a0\u00bb\u00a0\u00bb css=\u00a0\u00bb.vc_custom_1516806474517{padding-top: 100px !important;}\u00a0\u00bb][vc_column_inner offset=\u00a0\u00bbvc_col-lg-4 vc_col-md-12&Prime;][vc_empty_space height=\u00a0\u00bb82px\u00a0\u00bb][\/vc_column_inner][vc_column_inner offset=\u00a0\u00bbvc_col-lg-4 vc_col-md-12&Prime;][vc_empty_space height=\u00a0\u00bb82px\u00a0\u00bb][\/vc_column_inner][vc_column_inner offset=\u00a0\u00bbvc_col-lg-4 vc_col-md-12&Prime;][vc_empty_space height=\u00a0\u00bb82px\u00a0\u00bb][\/vc_column_inner][\/vc_row_inner][\/vc_column][\/vc_row][vc_row css_animation=\u00a0\u00bb\u00a0\u00bb row_type=\u00a0\u00bbrow\u00a0\u00bb use_row_as_full_screen_section=\u00a0\u00bbno\u00a0\u00bb type=\u00a0\u00bbfull_width\u00a0\u00bb angled_section=\u00a0\u00bbno\u00a0\u00bb text_align=\u00a0\u00bbleft\u00a0\u00bb background_image_as_pattern=\u00a0\u00bbwithout_pattern\u00a0\u00bb z_index=\u00a0\u00bb\u00a0\u00bb css=\u00a0\u00bb.vc_custom_1632299166181{padding-bottom:...\" \/>\n<meta property=\"og:url\" content=\"https:\/\/linqventure.com\/fr\/conseil-et-finance-dentreprise\/\" \/>\n<meta property=\"og:site_name\" content=\"linQventure\" \/>\n<meta property=\"article:modified_time\" content=\"2021-10-19T14:00:26+00:00\" \/>\n<meta name=\"twitter:card\" content=\"summary_large_image\" \/>\n<meta name=\"twitter:label1\" content=\"Dur\u00e9e de lecture estim\u00e9e\" \/>\n\t<meta name=\"twitter:data1\" content=\"2 minutes\" \/>\n<script type=\"application\/ld+json\" class=\"yoast-schema-graph\">{\"@context\":\"https:\\\/\\\/schema.org\",\"@graph\":[{\"@type\":\"WebPage\",\"@id\":\"https:\\\/\\\/linqventure.com\\\/fr\\\/conseil-et-finance-dentreprise\\\/\",\"url\":\"https:\\\/\\\/linqventure.com\\\/fr\\\/conseil-et-finance-dentreprise\\\/\",\"name\":\"Conseil et Finance d'Entreprise - linQventure\",\"isPartOf\":{\"@id\":\"https:\\\/\\\/linqventure.com\\\/#website\"},\"datePublished\":\"2021-10-19T13:47:47+00:00\",\"dateModified\":\"2021-10-19T14:00:26+00:00\",\"breadcrumb\":{\"@id\":\"https:\\\/\\\/linqventure.com\\\/fr\\\/conseil-et-finance-dentreprise\\\/#breadcrumb\"},\"inLanguage\":\"fr-FR\",\"potentialAction\":[{\"@type\":\"ReadAction\",\"target\":[\"https:\\\/\\\/linqventure.com\\\/fr\\\/conseil-et-finance-dentreprise\\\/\"]}]},{\"@type\":\"BreadcrumbList\",\"@id\":\"https:\\\/\\\/linqventure.com\\\/fr\\\/conseil-et-finance-dentreprise\\\/#breadcrumb\",\"itemListElement\":[{\"@type\":\"ListItem\",\"position\":1,\"name\":\"Portada\",\"item\":\"https:\\\/\\\/linqventure.com\\\/fr\\\/\"},{\"@type\":\"ListItem\",\"position\":2,\"name\":\"Conseil et Finance d&rsquo;Entreprise\"}]},{\"@type\":\"WebSite\",\"@id\":\"https:\\\/\\\/linqventure.com\\\/#website\",\"url\":\"https:\\\/\\\/linqventure.com\\\/\",\"name\":\"linQventure\",\"description\":\"Consultor\u00eda Estrat\u00e9gica y Finanzas Corporativas\",\"publisher\":{\"@id\":\"https:\\\/\\\/linqventure.com\\\/#organization\"},\"potentialAction\":[{\"@type\":\"SearchAction\",\"target\":{\"@type\":\"EntryPoint\",\"urlTemplate\":\"https:\\\/\\\/linqventure.com\\\/?s={search_term_string}\"},\"query-input\":{\"@type\":\"PropertyValueSpecification\",\"valueRequired\":true,\"valueName\":\"search_term_string\"}}],\"inLanguage\":\"fr-FR\"},{\"@type\":\"Organization\",\"@id\":\"https:\\\/\\\/linqventure.com\\\/#organization\",\"name\":\"linQventure\",\"url\":\"https:\\\/\\\/linqventure.com\\\/\",\"logo\":{\"@type\":\"ImageObject\",\"inLanguage\":\"fr-FR\",\"@id\":\"https:\\\/\\\/linqventure.com\\\/#\\\/schema\\\/logo\\\/image\\\/\",\"url\":\"https:\\\/\\\/linqventure.com\\\/wp-content\\\/uploads\\\/2021\\\/09\\\/logo_linqventure-ok.png\",\"contentUrl\":\"https:\\\/\\\/linqventure.com\\\/wp-content\\\/uploads\\\/2021\\\/09\\\/logo_linqventure-ok.png\",\"width\":200,\"height\":50,\"caption\":\"linQventure\"},\"image\":{\"@id\":\"https:\\\/\\\/linqventure.com\\\/#\\\/schema\\\/logo\\\/image\\\/\"}}]}<\/script>\n<!-- \/ Yoast SEO plugin. -->","yoast_head_json":{"title":"Conseil et Finance d'Entreprise - linQventure","robots":{"index":"index","follow":"follow","max-snippet":"max-snippet:-1","max-image-preview":"max-image-preview:large","max-video-preview":"max-video-preview:-1"},"canonical":"https:\/\/linqventure.com\/fr\/conseil-et-finance-dentreprise\/","og_locale":"fr_FR","og_type":"article","og_title":"Conseil et Finance d'Entreprise - linQventure","og_description":"[vc_row css_animation=\u00a0\u00bb\u00a0\u00bb row_type=\u00a0\u00bbrow\u00a0\u00bb use_row_as_full_screen_section=\u00a0\u00bbno\u00a0\u00bb type=\u00a0\u00bbfull_width\u00a0\u00bb angled_section=\u00a0\u00bbno\u00a0\u00bb text_align=\u00a0\u00bbleft\u00a0\u00bb background_image_as_pattern=\u00a0\u00bbwithout_pattern\u00a0\u00bb z_index=\u00a0\u00bb\u00a0\u00bb css=\u00a0\u00bb.vc_custom_1516804479403{background-color: #ffffff !important;background-position: center !important;background-repeat: no-repeat !important;background-size: cover !important;}\u00a0\u00bb][vc_column offset=\u00a0\u00bbvc_col-lg-12 vc_col-md-12&Prime;][vc_row_inner row_type=\u00a0\u00bbrow\u00a0\u00bb type=\u00a0\u00bbgrid\u00a0\u00bb text_align=\u00a0\u00bbleft\u00a0\u00bb css_animation=\u00a0\u00bb\u00a0\u00bb css=\u00a0\u00bb.vc_custom_1516806474517{padding-top: 100px !important;}\u00a0\u00bb][vc_column_inner offset=\u00a0\u00bbvc_col-lg-4 vc_col-md-12&Prime;][vc_empty_space height=\u00a0\u00bb82px\u00a0\u00bb][\/vc_column_inner][vc_column_inner offset=\u00a0\u00bbvc_col-lg-4 vc_col-md-12&Prime;][vc_empty_space height=\u00a0\u00bb82px\u00a0\u00bb][\/vc_column_inner][vc_column_inner offset=\u00a0\u00bbvc_col-lg-4 vc_col-md-12&Prime;][vc_empty_space height=\u00a0\u00bb82px\u00a0\u00bb][\/vc_column_inner][\/vc_row_inner][\/vc_column][\/vc_row][vc_row css_animation=\u00a0\u00bb\u00a0\u00bb row_type=\u00a0\u00bbrow\u00a0\u00bb use_row_as_full_screen_section=\u00a0\u00bbno\u00a0\u00bb type=\u00a0\u00bbfull_width\u00a0\u00bb angled_section=\u00a0\u00bbno\u00a0\u00bb text_align=\u00a0\u00bbleft\u00a0\u00bb background_image_as_pattern=\u00a0\u00bbwithout_pattern\u00a0\u00bb z_index=\u00a0\u00bb\u00a0\u00bb css=\u00a0\u00bb.vc_custom_1632299166181{padding-bottom:...","og_url":"https:\/\/linqventure.com\/fr\/conseil-et-finance-dentreprise\/","og_site_name":"linQventure","article_modified_time":"2021-10-19T14:00:26+00:00","twitter_card":"summary_large_image","twitter_misc":{"Dur\u00e9e de lecture estim\u00e9e":"2 minutes"},"schema":{"@context":"https:\/\/schema.org","@graph":[{"@type":"WebPage","@id":"https:\/\/linqventure.com\/fr\/conseil-et-finance-dentreprise\/","url":"https:\/\/linqventure.com\/fr\/conseil-et-finance-dentreprise\/","name":"Conseil et Finance d'Entreprise - linQventure","isPartOf":{"@id":"https:\/\/linqventure.com\/#website"},"datePublished":"2021-10-19T13:47:47+00:00","dateModified":"2021-10-19T14:00:26+00:00","breadcrumb":{"@id":"https:\/\/linqventure.com\/fr\/conseil-et-finance-dentreprise\/#breadcrumb"},"inLanguage":"fr-FR","potentialAction":[{"@type":"ReadAction","target":["https:\/\/linqventure.com\/fr\/conseil-et-finance-dentreprise\/"]}]},{"@type":"BreadcrumbList","@id":"https:\/\/linqventure.com\/fr\/conseil-et-finance-dentreprise\/#breadcrumb","itemListElement":[{"@type":"ListItem","position":1,"name":"Portada","item":"https:\/\/linqventure.com\/fr\/"},{"@type":"ListItem","position":2,"name":"Conseil et Finance d&rsquo;Entreprise"}]},{"@type":"WebSite","@id":"https:\/\/linqventure.com\/#website","url":"https:\/\/linqventure.com\/","name":"linQventure","description":"Consultor\u00eda Estrat\u00e9gica y Finanzas Corporativas","publisher":{"@id":"https:\/\/linqventure.com\/#organization"},"potentialAction":[{"@type":"SearchAction","target":{"@type":"EntryPoint","urlTemplate":"https:\/\/linqventure.com\/?s={search_term_string}"},"query-input":{"@type":"PropertyValueSpecification","valueRequired":true,"valueName":"search_term_string"}}],"inLanguage":"fr-FR"},{"@type":"Organization","@id":"https:\/\/linqventure.com\/#organization","name":"linQventure","url":"https:\/\/linqventure.com\/","logo":{"@type":"ImageObject","inLanguage":"fr-FR","@id":"https:\/\/linqventure.com\/#\/schema\/logo\/image\/","url":"https:\/\/linqventure.com\/wp-content\/uploads\/2021\/09\/logo_linqventure-ok.png","contentUrl":"https:\/\/linqventure.com\/wp-content\/uploads\/2021\/09\/logo_linqventure-ok.png","width":200,"height":50,"caption":"linQventure"},"image":{"@id":"https:\/\/linqventure.com\/#\/schema\/logo\/image\/"}}]}},"_links":{"self":[{"href":"https:\/\/linqventure.com\/fr\/wp-json\/wp\/v2\/pages\/3487","targetHints":{"allow":["GET"]}}],"collection":[{"href":"https:\/\/linqventure.com\/fr\/wp-json\/wp\/v2\/pages"}],"about":[{"href":"https:\/\/linqventure.com\/fr\/wp-json\/wp\/v2\/types\/page"}],"author":[{"embeddable":true,"href":"https:\/\/linqventure.com\/fr\/wp-json\/wp\/v2\/users\/1"}],"replies":[{"embeddable":true,"href":"https:\/\/linqventure.com\/fr\/wp-json\/wp\/v2\/comments?post=3487"}],"version-history":[{"count":2,"href":"https:\/\/linqventure.com\/fr\/wp-json\/wp\/v2\/pages\/3487\/revisions"}],"predecessor-version":[{"id":3492,"href":"https:\/\/linqventure.com\/fr\/wp-json\/wp\/v2\/pages\/3487\/revisions\/3492"}],"wp:attachment":[{"href":"https:\/\/linqventure.com\/fr\/wp-json\/wp\/v2\/media?parent=3487"}],"curies":[{"name":"wp","href":"https:\/\/api.w.org\/{rel}","templated":true}]}}