{"id":3576,"date":"2021-10-19T15:04:35","date_gmt":"2021-10-19T15:04:35","guid":{"rendered":"https:\/\/nhobo.com\/linqventure-new\/avis-legal\/"},"modified":"2021-10-21T11:42:56","modified_gmt":"2021-10-21T11:42:56","slug":"avis-legal","status":"publish","type":"page","link":"https:\/\/linqventure.com\/fr\/avis-legal\/","title":{"rendered":"Avertissement l\u00e9gal"},"content":{"rendered":"<div class=\"wpb-content-wrapper\"><p>[vc_row css_animation=\u00a0\u00bb\u00a0\u00bb row_type=\u00a0\u00bbrow\u00a0\u00bb use_row_as_full_screen_section=\u00a0\u00bbno\u00a0\u00bb type=\u00a0\u00bbfull_width\u00a0\u00bb angled_section=\u00a0\u00bbno\u00a0\u00bb text_align=\u00a0\u00bbleft\u00a0\u00bb background_image_as_pattern=\u00a0\u00bbwithout_pattern\u00a0\u00bb][vc_column][vc_column_text]<\/p>\n<p>Le site <a href=\"http:\/\/www.linqventure.com\/\" target=\"_blank\" rel=\"noopener\">linqventure.com<\/a> est la propri\u00e9t\u00e9 de <strong>Linqventure<\/strong>. Le site linqventure.com est la propri\u00e9t\u00e9 de Linqventure. Ses contenus (textes, images, vid\u00e9os, etc.) sont prot\u00e9g\u00e9s par des droits de propri\u00e9t\u00e9 intellectuelle et industrielle. <strong>Linqventure<\/strong> se r\u00e9serve le droit de modifier, supprimer et ajouter le contenu du site Web sans obligation de notification pr\u00e9alable. De m\u00eame, il se r\u00e9serve le droit de suspendre temporairement ou ind\u00e9finiment l&rsquo;acc\u00e8s \u00e0 ce site. La reproduction, la modification, l&rsquo;utilisation, la distribution de son contenu en tout ou en partie n&rsquo;est pas autoris\u00e9e sans l&rsquo;autorisation \u00e9crite expresse de la propri\u00e9t\u00e9.<\/p>\n<p><strong>Linq Venture Group 2011<\/strong><br \/>\nMuntaner 339, 2n 2a<br \/>\n08021 \u2013 Barcelona, Espa\u00f1a<br \/>\nCAF: V65517880<\/p>\n<hr>\n<p>&nbsp;<\/p>\n<h2>Politique de confidentialit\u00e9<\/h2>\n<p><strong>1. Responsable du traitement de vos donn\u00e9es personnelles.<\/strong><br \/>\n<span id=\"cloaka20250aefd8f2380eec31eb59fc2e1e8\"><\/span><\/p>\n<p><strong>Linq Venture Group 2011<\/strong><br \/>\nMuntaner 339, 2n 2a<br \/>\n08021 \u2013 Barcelona, Espa\u00f1a<br \/>\nCAF: V65517880<\/p>\n<p><strong>2. Finalit\u00e9 du traitement de vos donn\u00e9es personnelles.<\/strong><\/p>\n<p>\u00b7 FORMULAIRE DE CONTACT.<br \/>\nVous \u00eates inform\u00e9 que <strong>Linq Venture Group 2011<\/strong>traitera uniquement les donn\u00e9es personnelles que vous nous fournissez dans le formulaire de contact et exclusivement dans le but de vous envoyer les informations demand\u00e9es, ainsi que de r\u00e9soudre les doutes ou questions que vous soulevez.<\/p>\n<p>\u00b7 TRAVAILLER AVEC NOUS.<br \/>\n<strong>Linq Venture Group 2011<\/strong>collectera et traitera les donn\u00e9es personnelles des candidats que vous nous fournissez dans le formulaire pour les int\u00e9grer dans les processus de s\u00e9lection. Les documents de candidature seront automatiquement supprim\u00e9s au bout de trois ans, sauf si vous demandez leur suppression avant cette date. Cependant, dans le cas o\u00f9 le candidat est s\u00e9lectionn\u00e9, les donn\u00e9es soumises seront stock\u00e9es afin de g\u00e9rer la relation de travail conform\u00e9ment aux exigences l\u00e9gales.<\/p>\n<p>Il convient de noter que le d\u00e9faut de fournir les donn\u00e9es n\u00e9cessaires demand\u00e9es sous quelque forme que ce soit aura pour cons\u00e9quence que votre demande ne pourra pas \u00eatre r\u00e9pondue.<br \/>\n\u00c0 cette fin, et pour remplir ces finalit\u00e9s, il est important que vous nous informiez de toute modification intervenue dans vos donn\u00e9es personnelles afin de les tenir \u00e0 jour. Dans le cas contraire, nous ne sommes pas responsables de leur v\u00e9racit\u00e9.<\/p>\n<p><strong>3. Conservation de vos donn\u00e9es personnelles.<\/strong><br \/>\nVos donn\u00e9es seront conserv\u00e9es pendant le temps minimum n\u00e9cessaire pour satisfaire la finalit\u00e9 pour laquelle elles ont \u00e9t\u00e9 fournies, ainsi que pour r\u00e9pondre aux responsabilit\u00e9s pouvant d\u00e9couler des donn\u00e9es fournies et de toute autre exigence l\u00e9gale<br \/>\nLe tout sans pr\u00e9judice de la conservation n\u00e9cessaire \u00e0 la formulation, l&rsquo;exercice ou la d\u00e9fense d&rsquo;\u00e9ventuelles r\u00e9clamations et\/ou chaque fois que la l\u00e9gislation applicable le permet.<\/p>\n<p><strong>4. L\u00e9gitimit\u00e9 du traitement de vos donn\u00e9es personnelles.<\/strong><br \/>\nLa base du traitement de vos donn\u00e9es personnelles est le consentement expr\u00e8s que vous donnez en cochant la case \u00ab J&rsquo;ai lu et j&rsquo;accepte que mes donn\u00e9es soient trait\u00e9es conform\u00e9ment \u00e0 la clause de protection des donn\u00e9es \u00bb, qui vous permet de nous fournir vos donn\u00e9es.<br \/>\nLes donn\u00e9es que nous vous demandons sont ad\u00e9quates, pertinentes et strictement n\u00e9cessaires et vous n&rsquo;\u00eates en aucun cas oblig\u00e9 de nous les fournir, mais votre d\u00e9faut de communication entra\u00eenera le non-respect de votre demande.<\/p>\n<p><strong>5. R\u00e9seaux sociaux.<\/strong><br \/>\n<strong>Linq Venture Group 2011<\/strong> est pr\u00e9sent sur Instagram, Facebook, Twitter et Youtube afin d&rsquo;informer sur les services qu&rsquo;il propose, ainsi que sur toute autre activit\u00e9 ou \u00e9v\u00e9nement qui est r\u00e9alis\u00e9 et souhaite faire de la publicit\u00e9, mais \u00e0 aucun moment il n&rsquo;obtiendra d&rsquo;eux les donn\u00e9es personnelles des utilisateurs qui y interagissent, sauf autorisation expresse.<\/p>\n<p><strong>6. Destinataires de vos donn\u00e9es personnelles.<\/strong><br \/>\n<strong>Linq Venture Group 2011<\/strong> ne communiquera vos donn\u00e9es \u00e0 aucun tiers, sauf si vous en \u00eates express\u00e9ment inform\u00e9 ou s&rsquo;il existe une obligation l\u00e9gale, tout comme les transferts internationaux ne sont pas pr\u00e9vus.<br \/>\n<strong> <\/strong><br \/>\n<strong>7. Vos droits lorsque vous nous fournissez vos donn\u00e9es personnelles.<\/strong><br \/>\nVos donn\u00e9es personnelles sont trait\u00e9es avec une confidentialit\u00e9 absolue. Ensuite, vous \u00eates inform\u00e9 qu&rsquo;en tant que propri\u00e9taire ou int\u00e9ress\u00e9, vous avez la possibilit\u00e9 d&rsquo;exercer vos droits d&rsquo;acc\u00e8s, de rectification, de suppression et de portabilit\u00e9 des donn\u00e9es, ainsi que le droit de limiter ou de vous opposer au traitement de vos donn\u00e9es personnelles, \u00e0 tout moment. , en contactant par \u00e9crit <strong>Linq Venture Group 2011 <\/strong>Muntaner 339, 2n 2a 08021 \u2013 Barcelona, Espa\u00f1a<br \/>\nou \u00e0 l&#8217;email pr\u00e9vu \u00e0 cet effet, <a href=\"mailto:info@linqventure.com\">info@linqventure.com<\/a>, comprenant dans les deux cas une photocopie de votre pi\u00e8ce d&rsquo;identit\u00e9 ou autre pi\u00e8ce d&rsquo;identit\u00e9 \u00e9quivalente.<\/p>\n<p>Mod\u00e8les, formulaires et plus d&rsquo;informations disponibles sur vos droits sur le site Web de l&rsquo;autorit\u00e9 nationale de contr\u00f4le comp\u00e9tente, l&rsquo;Agence espagnole de protection des donn\u00e9es, www.agpd.es &lt;<a href=\"http:\/\/www.agpd.es\/%3E\">http:\/\/www.agpd.es\/&gt;<\/a><\/p>\n<p><strong>8. Droit de retirer votre consentement.<\/strong><br \/>\n\u00c0 tout moment, vous avez la possibilit\u00e9 et le droit de retirer votre consentement \u00e0 toute fin sp\u00e9cifique accord\u00e9e \u00e0 ce moment-l\u00e0, via la proc\u00e9dure d\u00e9crite ci-dessus, sans affecter la l\u00e9galit\u00e9 du traitement bas\u00e9 sur le consentement avant son retrait.<\/p>\n<p><strong>9. O\u00f9 pouvez-vous plaindre si vous estimez que vos donn\u00e9es personnelles ne sont pas trait\u00e9es correctement.<\/strong><br \/>\nSi vous consid\u00e9rez que vos donn\u00e9es ne sont pas trait\u00e9es correctement par <strong>Linq Venture Group 2011<\/strong>, vous pouvez adresser vos r\u00e9clamations \u00e0 l&rsquo;autorit\u00e9 nationale de contr\u00f4le comp\u00e9tente, l&rsquo;Agence espagnole de protection des donn\u00e9es, www.agpd.es &lt;<a href=\"http:\/\/www.agpd.es\/%3E\">http:\/\/www.agpd.es\/&gt;<\/a> .<\/p>\n<p><strong>10. Ce que nous faisons pour garantir la s\u00e9curit\u00e9 et la confidentialit\u00e9 de vos donn\u00e9es personnelles.<\/strong><br \/>\nAfin de garantir la s\u00e9curit\u00e9 de vos donn\u00e9es personnelles, nous vous informons que <strong>Linq Venture Group 2011<\/strong> a adopt\u00e9 toutes les mesures techniques et organisationnelles n\u00e9cessaires pour garantir la s\u00e9curit\u00e9 des donn\u00e9es personnelles fournies. Tout cela pour \u00e9viter son alt\u00e9ration, sa perte et \/ ou son traitement ou son acc\u00e8s non autoris\u00e9, comme l&rsquo;exige la r\u00e9glementation, bien que la s\u00e9curit\u00e9 absolue n&rsquo;existe pas.<br \/>\nDe m\u00eame, <strong>Linq Venture Group 2011<\/strong> vous informe que tout notre personnel, quelle que soit la phase du traitement dans laquelle il intervient, s&rsquo;est engag\u00e9 \u00e0 traiter vos donn\u00e9es personnelles avec le maximum de soin et de confidentialit\u00e9 et que leur traitement sera effectu\u00e9 conform\u00e9ment aux la l\u00e9gislation en vigueur sur la protection des donn\u00e9es personnelles, notamment avec le R\u00e8glement (UE) 2016\/679 du Parlement europ\u00e9en et du Conseil du 27 avril 2016. Nous vous rappelons que ni <strong>Linq Venture Group 2011<\/strong>, ni aucun de ses employ\u00e9s, c\u00e9dera ou communiquera vos donn\u00e9es \u00e0 des tiers, sauf dans les cas pr\u00e9vus par la loi, ou sauf autorisation expresse de votre part.<\/p>\n<p><strong>11. Modification de la politique de confidentialit\u00e9.<\/strong><br \/>\n<strong>Linq Venture Group 2011<\/strong> peut modifier cette politique de confidentialit\u00e9 pour l&rsquo;adapter \u00e0 la l\u00e9gislation sur les donn\u00e9es personnelles applicable \u00e0 tout moment. Dans de tels cas, les changements introduits seront annonc\u00e9s sur cette page avec une anticipation raisonnable de leur mise en \u0153uvre.<\/p>\n<hr>\n<h2>Liens d&rsquo;autres sites Web<\/h2>\n<p>Les utilisateurs et en g\u00e9n\u00e9ral toute personne physique ou morale qui a l&rsquo;intention d&rsquo;\u00e9tablir un lien entre leurs pages Web et le site Web de <strong>Linq Venture Group 2011<\/strong> ou l&rsquo;une de ses sections, peuvent le faire sans l&rsquo;autorisation \u00e9crite pr\u00e9alable de <strong>Linq Venture Group 2011<\/strong> et \u00e0 condition que la structure de la partie du Web o\u00f9 ils se connectent soit respect\u00e9e.<\/p>\n<p>[\/vc_column_text][\/vc_column][\/vc_row][vc_row css_animation=\u00a0\u00bb\u00a0\u00bb row_type=\u00a0\u00bbrow\u00a0\u00bb use_row_as_full_screen_section=\u00a0\u00bbno\u00a0\u00bb type=\u00a0\u00bbfull_width\u00a0\u00bb angled_section=\u00a0\u00bbno\u00a0\u00bb text_align=\u00a0\u00bbleft\u00a0\u00bb background_image_as_pattern=\u00a0\u00bbwithout_pattern\u00a0\u00bb][vc_column][vc_empty_space][\/vc_column][\/vc_row]<\/p>\n<\/div>","protected":false},"excerpt":{"rendered":"<p>[vc_row css_animation=\u00a0\u00bb\u00a0\u00bb row_type=\u00a0\u00bbrow\u00a0\u00bb use_row_as_full_screen_section=\u00a0\u00bbno\u00a0\u00bb type=\u00a0\u00bbfull_width\u00a0\u00bb angled_section=\u00a0\u00bbno\u00a0\u00bb text_align=\u00a0\u00bbleft\u00a0\u00bb background_image_as_pattern=\u00a0\u00bbwithout_pattern\u00a0\u00bb][vc_column][vc_column_text] Le site linqventure.com est la propri\u00e9t\u00e9 de Linqventure. Le site linqventure.com est la propri\u00e9t\u00e9 de Linqventure. Ses contenus (textes, images, vid\u00e9os, etc.) sont prot\u00e9g\u00e9s par des droits de propri\u00e9t\u00e9 intellectuelle et industrielle. Linqventure se r\u00e9serve le droit&#8230;<\/p>\n","protected":false},"author":1,"featured_media":0,"parent":0,"menu_order":0,"comment_status":"closed","ping_status":"open","template":"","meta":{"footnotes":""},"class_list":["post-3576","page","type-page","status-publish","hentry"],"yoast_head":"<!-- This site is optimized with the Yoast SEO plugin v27.4 - https:\/\/yoast.com\/product\/yoast-seo-wordpress\/ -->\n<title>Avertissement l\u00e9gal - linQventure<\/title>\n<meta name=\"robots\" content=\"index, follow, max-snippet:-1, max-image-preview:large, max-video-preview:-1\" \/>\n<link rel=\"canonical\" href=\"https:\/\/linqventure.com\/fr\/avis-legal\/\" \/>\n<meta property=\"og:locale\" content=\"fr_FR\" \/>\n<meta property=\"og:type\" content=\"article\" \/>\n<meta property=\"og:title\" content=\"Avertissement l\u00e9gal - linQventure\" \/>\n<meta property=\"og:description\" content=\"[vc_row css_animation=\u00a0\u00bb\u00a0\u00bb row_type=\u00a0\u00bbrow\u00a0\u00bb use_row_as_full_screen_section=\u00a0\u00bbno\u00a0\u00bb type=\u00a0\u00bbfull_width\u00a0\u00bb angled_section=\u00a0\u00bbno\u00a0\u00bb text_align=\u00a0\u00bbleft\u00a0\u00bb background_image_as_pattern=\u00a0\u00bbwithout_pattern\u00a0\u00bb][vc_column][vc_column_text] Le site linqventure.com est la propri\u00e9t\u00e9 de Linqventure. Le site linqventure.com est la propri\u00e9t\u00e9 de Linqventure. Ses contenus (textes, images, vid\u00e9os, etc.) sont prot\u00e9g\u00e9s par des droits de propri\u00e9t\u00e9 intellectuelle et industrielle. Linqventure se r\u00e9serve le droit...\" \/>\n<meta property=\"og:url\" content=\"https:\/\/linqventure.com\/fr\/avis-legal\/\" \/>\n<meta property=\"og:site_name\" content=\"linQventure\" \/>\n<meta property=\"article:modified_time\" content=\"2021-10-21T11:42:56+00:00\" \/>\n<meta name=\"twitter:card\" content=\"summary_large_image\" \/>\n<meta name=\"twitter:label1\" content=\"Dur\u00e9e de lecture estim\u00e9e\" \/>\n\t<meta name=\"twitter:data1\" content=\"7 minutes\" \/>\n<script type=\"application\/ld+json\" class=\"yoast-schema-graph\">{\"@context\":\"https:\\\/\\\/schema.org\",\"@graph\":[{\"@type\":\"WebPage\",\"@id\":\"https:\\\/\\\/linqventure.com\\\/fr\\\/avis-legal\\\/\",\"url\":\"https:\\\/\\\/linqventure.com\\\/fr\\\/avis-legal\\\/\",\"name\":\"Avertissement l\u00e9gal - linQventure\",\"isPartOf\":{\"@id\":\"https:\\\/\\\/linqventure.com\\\/#website\"},\"datePublished\":\"2021-10-19T15:04:35+00:00\",\"dateModified\":\"2021-10-21T11:42:56+00:00\",\"breadcrumb\":{\"@id\":\"https:\\\/\\\/linqventure.com\\\/fr\\\/avis-legal\\\/#breadcrumb\"},\"inLanguage\":\"fr-FR\",\"potentialAction\":[{\"@type\":\"ReadAction\",\"target\":[\"https:\\\/\\\/linqventure.com\\\/fr\\\/avis-legal\\\/\"]}]},{\"@type\":\"BreadcrumbList\",\"@id\":\"https:\\\/\\\/linqventure.com\\\/fr\\\/avis-legal\\\/#breadcrumb\",\"itemListElement\":[{\"@type\":\"ListItem\",\"position\":1,\"name\":\"Portada\",\"item\":\"https:\\\/\\\/linqventure.com\\\/fr\\\/\"},{\"@type\":\"ListItem\",\"position\":2,\"name\":\"Avertissement l\u00e9gal\"}]},{\"@type\":\"WebSite\",\"@id\":\"https:\\\/\\\/linqventure.com\\\/#website\",\"url\":\"https:\\\/\\\/linqventure.com\\\/\",\"name\":\"linQventure\",\"description\":\"Consultor\u00eda Estrat\u00e9gica y Finanzas Corporativas\",\"publisher\":{\"@id\":\"https:\\\/\\\/linqventure.com\\\/#organization\"},\"potentialAction\":[{\"@type\":\"SearchAction\",\"target\":{\"@type\":\"EntryPoint\",\"urlTemplate\":\"https:\\\/\\\/linqventure.com\\\/?s={search_term_string}\"},\"query-input\":{\"@type\":\"PropertyValueSpecification\",\"valueRequired\":true,\"valueName\":\"search_term_string\"}}],\"inLanguage\":\"fr-FR\"},{\"@type\":\"Organization\",\"@id\":\"https:\\\/\\\/linqventure.com\\\/#organization\",\"name\":\"linQventure\",\"url\":\"https:\\\/\\\/linqventure.com\\\/\",\"logo\":{\"@type\":\"ImageObject\",\"inLanguage\":\"fr-FR\",\"@id\":\"https:\\\/\\\/linqventure.com\\\/#\\\/schema\\\/logo\\\/image\\\/\",\"url\":\"https:\\\/\\\/linqventure.com\\\/wp-content\\\/uploads\\\/2021\\\/09\\\/logo_linqventure-ok.png\",\"contentUrl\":\"https:\\\/\\\/linqventure.com\\\/wp-content\\\/uploads\\\/2021\\\/09\\\/logo_linqventure-ok.png\",\"width\":200,\"height\":50,\"caption\":\"linQventure\"},\"image\":{\"@id\":\"https:\\\/\\\/linqventure.com\\\/#\\\/schema\\\/logo\\\/image\\\/\"}}]}<\/script>\n<!-- \/ Yoast SEO plugin. -->","yoast_head_json":{"title":"Avertissement l\u00e9gal - linQventure","robots":{"index":"index","follow":"follow","max-snippet":"max-snippet:-1","max-image-preview":"max-image-preview:large","max-video-preview":"max-video-preview:-1"},"canonical":"https:\/\/linqventure.com\/fr\/avis-legal\/","og_locale":"fr_FR","og_type":"article","og_title":"Avertissement l\u00e9gal - linQventure","og_description":"[vc_row css_animation=\u00a0\u00bb\u00a0\u00bb row_type=\u00a0\u00bbrow\u00a0\u00bb use_row_as_full_screen_section=\u00a0\u00bbno\u00a0\u00bb type=\u00a0\u00bbfull_width\u00a0\u00bb angled_section=\u00a0\u00bbno\u00a0\u00bb text_align=\u00a0\u00bbleft\u00a0\u00bb background_image_as_pattern=\u00a0\u00bbwithout_pattern\u00a0\u00bb][vc_column][vc_column_text] Le site linqventure.com est la propri\u00e9t\u00e9 de Linqventure. Le site linqventure.com est la propri\u00e9t\u00e9 de Linqventure. Ses contenus (textes, images, vid\u00e9os, etc.) sont prot\u00e9g\u00e9s par des droits de propri\u00e9t\u00e9 intellectuelle et industrielle. Linqventure se r\u00e9serve le droit...","og_url":"https:\/\/linqventure.com\/fr\/avis-legal\/","og_site_name":"linQventure","article_modified_time":"2021-10-21T11:42:56+00:00","twitter_card":"summary_large_image","twitter_misc":{"Dur\u00e9e de lecture estim\u00e9e":"7 minutes"},"schema":{"@context":"https:\/\/schema.org","@graph":[{"@type":"WebPage","@id":"https:\/\/linqventure.com\/fr\/avis-legal\/","url":"https:\/\/linqventure.com\/fr\/avis-legal\/","name":"Avertissement l\u00e9gal - linQventure","isPartOf":{"@id":"https:\/\/linqventure.com\/#website"},"datePublished":"2021-10-19T15:04:35+00:00","dateModified":"2021-10-21T11:42:56+00:00","breadcrumb":{"@id":"https:\/\/linqventure.com\/fr\/avis-legal\/#breadcrumb"},"inLanguage":"fr-FR","potentialAction":[{"@type":"ReadAction","target":["https:\/\/linqventure.com\/fr\/avis-legal\/"]}]},{"@type":"BreadcrumbList","@id":"https:\/\/linqventure.com\/fr\/avis-legal\/#breadcrumb","itemListElement":[{"@type":"ListItem","position":1,"name":"Portada","item":"https:\/\/linqventure.com\/fr\/"},{"@type":"ListItem","position":2,"name":"Avertissement l\u00e9gal"}]},{"@type":"WebSite","@id":"https:\/\/linqventure.com\/#website","url":"https:\/\/linqventure.com\/","name":"linQventure","description":"Consultor\u00eda Estrat\u00e9gica y Finanzas Corporativas","publisher":{"@id":"https:\/\/linqventure.com\/#organization"},"potentialAction":[{"@type":"SearchAction","target":{"@type":"EntryPoint","urlTemplate":"https:\/\/linqventure.com\/?s={search_term_string}"},"query-input":{"@type":"PropertyValueSpecification","valueRequired":true,"valueName":"search_term_string"}}],"inLanguage":"fr-FR"},{"@type":"Organization","@id":"https:\/\/linqventure.com\/#organization","name":"linQventure","url":"https:\/\/linqventure.com\/","logo":{"@type":"ImageObject","inLanguage":"fr-FR","@id":"https:\/\/linqventure.com\/#\/schema\/logo\/image\/","url":"https:\/\/linqventure.com\/wp-content\/uploads\/2021\/09\/logo_linqventure-ok.png","contentUrl":"https:\/\/linqventure.com\/wp-content\/uploads\/2021\/09\/logo_linqventure-ok.png","width":200,"height":50,"caption":"linQventure"},"image":{"@id":"https:\/\/linqventure.com\/#\/schema\/logo\/image\/"}}]}},"_links":{"self":[{"href":"https:\/\/linqventure.com\/fr\/wp-json\/wp\/v2\/pages\/3576","targetHints":{"allow":["GET"]}}],"collection":[{"href":"https:\/\/linqventure.com\/fr\/wp-json\/wp\/v2\/pages"}],"about":[{"href":"https:\/\/linqventure.com\/fr\/wp-json\/wp\/v2\/types\/page"}],"author":[{"embeddable":true,"href":"https:\/\/linqventure.com\/fr\/wp-json\/wp\/v2\/users\/1"}],"replies":[{"embeddable":true,"href":"https:\/\/linqventure.com\/fr\/wp-json\/wp\/v2\/comments?post=3576"}],"version-history":[{"count":5,"href":"https:\/\/linqventure.com\/fr\/wp-json\/wp\/v2\/pages\/3576\/revisions"}],"predecessor-version":[{"id":3592,"href":"https:\/\/linqventure.com\/fr\/wp-json\/wp\/v2\/pages\/3576\/revisions\/3592"}],"wp:attachment":[{"href":"https:\/\/linqventure.com\/fr\/wp-json\/wp\/v2\/media?parent=3576"}],"curies":[{"name":"wp","href":"https:\/\/api.w.org\/{rel}","templated":true}]}}