{"id":3579,"date":"2021-10-19T15:20:05","date_gmt":"2021-10-19T15:20:05","guid":{"rendered":"https:\/\/nhobo.com\/linqventure-new\/politique-de-cookies\/"},"modified":"2021-10-21T11:34:47","modified_gmt":"2021-10-21T11:34:47","slug":"politique-de-cookies","status":"publish","type":"page","link":"https:\/\/linqventure.com\/fr\/politique-de-cookies\/","title":{"rendered":"Politique de cookies"},"content":{"rendered":"<div class=\"wpb-content-wrapper\"><p>[vc_row css_animation=\u00a0\u00bb\u00a0\u00bb row_type=\u00a0\u00bbrow\u00a0\u00bb use_row_as_full_screen_section=\u00a0\u00bbno\u00a0\u00bb type=\u00a0\u00bbfull_width\u00a0\u00bb angled_section=\u00a0\u00bbno\u00a0\u00bb text_align=\u00a0\u00bbleft\u00a0\u00bb background_image_as_pattern=\u00a0\u00bbwithout_pattern\u00a0\u00bb][vc_column][vc_column_text]<\/p>\n<p>Conform\u00e9ment aux directives de l&rsquo;Agence espagnole de protection des donn\u00e9es, nous d\u00e9taillons l&rsquo;utilisation des<em>cookies<\/em> effectu\u00e9s par ce site Web afin de vous informer le plus pr\u00e9cis\u00e9ment possible.<\/p>\n<p>Le site Web de <strong>Linq Venture Group 2011<\/strong>utilise des cookies et\/ou d&rsquo;autres fichiers avec des fonctionnalit\u00e9s similaires (ci-apr\u00e8s, \u00ab Cookies \u00bb) pour am\u00e9liorer votre exp\u00e9rience utilisateur. Cette politique peut \u00eatre mise \u00e0 jour, nous vous invitons donc \u00e0 la consulter r\u00e9guli\u00e8rement.<\/p>\n<p><strong>Que sont les cookies ?<\/strong><\/p>\n<p>Il s&rsquo;agit de petits fichiers de donn\u00e9es que le serveur Internet envoie \u00e0 l&rsquo;appareil avec lequel vous vous connectez \u00e0 nos sites Internet et qu&rsquo;il archive. Ils sont uniquement associ\u00e9s \u00e0 votre navigateur et ne fournissent pas eux-m\u00eames de donn\u00e9es personnelles. Les cookies ne peuvent pas endommager votre appareil et sont \u00e9galement tr\u00e8s utiles, car ils nous aident \u00e0 identifier et \u00e0 r\u00e9soudre les erreurs.<\/p>\n<p>Lors de la navigation sur ce site Web, des cookies de session et des cookies persistants sont utilis\u00e9s, qui peuvent \u00eatre des cookies propres et\/ou tiers.<\/p>\n<p>Les<strong>cookies de session<\/strong>sont des cookies con\u00e7us pour collecter et stocker des donn\u00e9es pendant que l&rsquo;utilisateur acc\u00e8de \u00e0 une page Web. Ils sont g\u00e9n\u00e9ralement utilis\u00e9s pour stocker des informations qui ne sont int\u00e9ress\u00e9es qu&rsquo;\u00e0 conserver pour la fourniture du service demand\u00e9 par l&rsquo;utilisateur \u00e0 une seule occasion. C&rsquo;est-\u00e0-dire qu&rsquo;ils sont temporaires et disparaissent \u00e0 la fin de la session.<\/p>\n<p>Les <strong>cookies persistants<\/strong> sont un type de cookie dans lequel les donn\u00e9es sont toujours stock\u00e9es dans le terminal et peuvent \u00eatre consult\u00e9es et trait\u00e9es pendant une dur\u00e9e d\u00e9finie par le responsable du cookie, qui peut aller de quelques minutes \u00e0 plusieurs ann\u00e9es.<\/p>\n<p>Les<strong>cookies propres<\/strong> sont ceux cr\u00e9\u00e9s ou g\u00e9r\u00e9s par le responsable du site (linqventure).<\/p>\n<p>Les <strong>cookies tiers<\/strong> sont ceux g\u00e9r\u00e9s par des prestataires de services techniques, d&rsquo;analyse, de m\u00e9dias sociaux, de personnalisation et de publicit\u00e9 (y compris la publicit\u00e9 comportementale) en dehors de <strong>Linq Venture Group 2011.<\/strong><\/p>\n<p><strong>Quels types de cookies pouvons-nous utiliser?<\/strong><\/p>\n<p>&nbsp;<\/p>\n<p><strong>PROPRES COOKIES<\/strong><\/p>\n<p>Objectif technique:<\/p>\n<p>Derni\u00e8re connexion de l&rsquo;utilisateur pour naviguer sur le site et utiliser ses diff\u00e9rentes options ou services. Ils ne seront jamais utilis\u00e9s pour collecter des informations afin de vous montrer des publicit\u00e9s personnalis\u00e9es.<\/p>\n<p>Un identifiant utilisateur par session, la date et l&rsquo;heure de la derni\u00e8re connexion de l&rsquo;utilisateur et les param\u00e8tres n\u00e9cessaires pour naviguer entre le site de l&rsquo;entreprise et celui des particuliers.<\/p>\n<p>Analyse de l&rsquo;objectif :<\/p>\n<p>Ils servent \u00e0 analyser les habitudes de navigation des utilisateurs, dans le but d&rsquo;optimiser les fonctionnalit\u00e9s et la maintenance technique et op\u00e9rationnelle des sites Internet du site et de garantir le meilleur service possible. Ils ne seront jamais utilis\u00e9s pour afficher des publicit\u00e9s personnalis\u00e9es ou pour m\u00e9moriser les pr\u00e9f\u00e9rences de l&rsquo;utilisateur au-del\u00e0 de la session.<\/p>\n<p>Profil technologique de l&rsquo;appareil, origine de l&rsquo;acc\u00e8s au Web, activit\u00e9 de navigation et termes de recherche utilis\u00e9s.<\/p>\n<p>Pour effectuer ces analyses, nous utilisons le service Google Analytics: Google Analytics stocke des <em>cookies<\/em> afin d&rsquo;\u00e9tablir des statistiques sur le trafic et le volume de visites sur ce site. En utilisant ce site Web, vous consentez au traitement des informations vous concernant par Google. Les conditions de ces services peuvent \u00eatre consult\u00e9es \u00e0 l&rsquo;adresse suivante :<a href=\"https:\/\/developers.google.com\/analytics\/devguides\/collection\/analyticsjs\/cookie-usage.\">https:\/\/developers.google.com\/analytics\/devguides\/collection\/analyticsjs\/cookie-usage.<\/a><\/p>\n<p>Publicit\u00e9 comportementale:<\/p>\n<p>Ce sont ceux qui permettent le stockage d&rsquo;informations sur le comportement des utilisateurs obtenues gr\u00e2ce \u00e0 l&rsquo;observation continue de leurs habitudes de navigation, ce qui permet le d\u00e9veloppement d&rsquo;un profil d&rsquo;utilisateur sp\u00e9cifique. De cette mani\u00e8re, ils sont utilis\u00e9s pour personnaliser les campagnes publicitaires adapt\u00e9es aux pr\u00e9f\u00e9rences de l&rsquo;utilisateur.<\/p>\n<p>&nbsp;<\/p>\n<p><strong>COOKIES DE TIERS<\/strong><\/p>\n<p>Objectif technique:<\/p>\n<p>Ce sont ceux qui permettent \u00e0 l&rsquo;utilisateur de naviguer sur le site Web et d&rsquo;utiliser les diff\u00e9rentes options ou services qui y existent, tels que, par exemple, le stockage de contenu pour la diffusion de vid\u00e9os ou de sons ou le partage de contenu via les r\u00e9seaux sociaux.<\/p>\n<p>Analyse de l&rsquo;objectif :<\/p>\n<p>Ce sont ceux qui permettent de surveiller et d&rsquo;analyser le comportement des utilisateurs du site Web pour \u00e9laborer des profils de navigation, afin d&rsquo;introduire des am\u00e9liorations bas\u00e9es sur l&rsquo;analyse des donn\u00e9es d&rsquo;utilisation effectu\u00e9es sur le Web. Entre autres donn\u00e9es, un identifiant utilisateur par session et la date du premier acc\u00e8s et de l&rsquo;acc\u00e8s pr\u00e9c\u00e9dent au web.<\/p>\n<p>Personnalisation de l&rsquo;objectif:<\/p>\n<p>Entre autres informations, la langue dans laquelle le Web a \u00e9t\u00e9 consult\u00e9 et l&rsquo;application charg\u00e9e et, lors de la lecture d&rsquo;une vid\u00e9o, l&rsquo;option de volume ou la r\u00e9solution s\u00e9lectionn\u00e9e par l&rsquo;utilisateur.<\/p>\n<p>Ils vous permettent de sp\u00e9cifier ou de personnaliser certaines caract\u00e9ristiques des options utilisateur g\u00e9n\u00e9rales sur la page Web. lus pr\u00e9cis\u00e9ment, la langue pr\u00e9f\u00e9r\u00e9e par l&rsquo;utilisateur, le type de navigateur via lequel il est accessible ou les options de volume dans les vid\u00e9os pr\u00e9f\u00e9r\u00e9es par l&rsquo;utilisateur.<\/p>\n<p>But publicitaire:<\/p>\n<p>Ce sont ceux qui permettent la gestion des espaces publicitaires inclus dans la page Web, l&rsquo;application ou la plate-forme \u00e0 partir de laquelle le service demand\u00e9 est fourni en fonction de crit\u00e8res tels que le contenu \u00e9dit\u00e9 ou la fr\u00e9quence \u00e0 laquelle les annonces sont affich\u00e9es. De cette mani\u00e8re, ils contribuent \u00e0 am\u00e9liorer et \u00e0 g\u00e9rer l&rsquo;exposition de l&rsquo;utilisateur aux publicit\u00e9s, en emp\u00eachant l&rsquo;apparition de publicit\u00e9s que l&rsquo;utilisateur a d\u00e9j\u00e0 vues.<\/p>\n<p>But de la publicit\u00e9 comportementale :<\/p>\n<p>Ce sont ceux qui permettent le stockage d&rsquo;informations sur le comportement des utilisateurs obtenues gr\u00e2ce \u00e0 l&rsquo;observation continue de leurs habitudes de navigation, ce qui permet le d\u00e9veloppement d&rsquo;un profil d&rsquo;utilisateur sp\u00e9cifique. De cette mani\u00e8re, ils sont utilis\u00e9s pour personnaliser les campagnes publicitaires adapt\u00e9es aux pr\u00e9f\u00e9rences de l&rsquo;utilisateur.<\/p>\n<p>R\u00e9seaux sociaux:<\/p>\n<p>Chaque r\u00e9seau social utilise ses propres cookies afin que vous puissiez cliquer sur des boutons tels que J&rsquo;aime ou Partager.<\/p>\n<p><strong>Autorisation d&rsquo;utilisation des cookies<\/strong><\/p>\n<p>Conform\u00e9ment \u00e0 l&rsquo;avis relatif aux cookies qui appara\u00eet sur le site Web, l&rsquo;utilisateur ou le visiteur de celui-ci accepte que, lors de sa navigation, il consente express\u00e9ment \u00e0 l&rsquo;utilisation de cookies conform\u00e9ment \u00e0 la description d\u00e9taill\u00e9e ci-dessous, sauf dans la mesure o\u00f9 Vous avez modifi\u00e9 votre navigateur.<\/p>\n<p><strong>Param\u00e8tres des cookies<\/strong><\/p>\n<p>Les navigateurs les plus populaires disposent d&rsquo;options de configuration et de fonctionnalit\u00e9s de s\u00e9curit\u00e9 qui vous permettent d&rsquo;\u00e9viter l&rsquo;installation de cookies et\/ou d&rsquo;autres syst\u00e8mes de collecte de donn\u00e9es de navigation sur votre terminal. Vous pouvez configurer votre navigateur pour rejeter les cookies, mais cela (selon les finalit\u00e9s des cookies) pourrait vous emp\u00eacher, totalement ou partiellement, du fonctionnement normal du site Web ou emp\u00eacher l&rsquo;acc\u00e8s \u00e0 certains services de celui-ci. Par exemple, cela pourrait vous emp\u00eacher d&rsquo;effectuer certaines transactions, d&rsquo;utiliser certaines fonctionnalit\u00e9s ou d&rsquo;avoir acc\u00e8s \u00e0 certains contenus sur nos sites Web.<\/p>\n<p>Pour param\u00e9trer les Cookies, selon le navigateur dans lequel vous vous trouvez, vous pouvez acc\u00e9der \u00e0 :<\/p>\n<ul>\n<li>Internet Explorer : Supprimer et g\u00e9rer les cookies<\/li>\n<li>Mozilla Firefox : supprimer les cookies ; Emp\u00eacher les sites Web d&rsquo;enregistrer vos pr\u00e9f\u00e9rences ou \u00e9tats de session dans Firefox<\/li>\n<li>Google Chrome : Comment g\u00e9rer les cookies et les donn\u00e9es du site<\/li>\n<\/ul>\n<p>De m\u00eame, si vous ne souhaitez pas que le code JavaScript de Google Analytics collecte les donn\u00e9es de votre visite, vous pouvez installer le module compl\u00e9mentaire de d\u00e9sactivation de Google Analytics pour les navigateurs : <a href=\"https:\/\/tools.google.com\/dlpage\/gaoptout.\">https:\/\/tools.google.com\/dlpage\/gaoptout.<\/a> Le plugin n&#8217;emp\u00eache pas l&rsquo;envoi d&rsquo;informations au site Web ou, d&rsquo;une autre mani\u00e8re, \u00e0 d&rsquo;autres services d&rsquo;analyse Web.<\/p>\n<p>Si vous utilisez un autre navigateur ou que les liens fournis ne contiennent pas les informations que vous souhaitez, vous pouvez savoir comment g\u00e9rer les cookies install\u00e9s sur votre ordinateur en acc\u00e9dant au menu \u00ab\u00a0Options\u00a0\u00bb ou \u00ab\u00a0Param\u00e8tres\u00a0\u00bb -ou \u00e9quivalent- de le navigateur, ou en consultant la section \u00ab Aide \u00bb ou \u00ab Assistance \u00bb du navigateur lui-m\u00eame.<\/p>\n<p>Il existe des navigateurs qui vous permettent de configurer des r\u00e8gles sp\u00e9cifiques &#8211; exceptions &#8211; pour g\u00e9rer les cookies par site Web, afin que les cookies puissent \u00eatre d\u00e9sactiv\u00e9s de tous les sites, \u00e0 l&rsquo;exception de ceux de confiance.<\/p>\n<p>En cas de blocage ou de d\u00e9sactivation de l&rsquo;utilisation de \u00ab cookies \u00bb dans votre navigateur, certains services ou fonctionnalit\u00e9s du site Web peuvent ne pas \u00eatre disponibles.<\/p>\n<p>N&rsquo;oubliez pas que vous devez configurer vos pr\u00e9f\u00e9rences sur tous les appareils que vous utilisez pour surfer sur Internet.<\/p>\n<p>Vous pouvez r\u00e9voquer l&rsquo;utilisation de cookies dans votre navigateur via les indications ci-dessus ou en installant un syst\u00e8me de rejet dans votre navigateur Web.<\/p>\n<p><strong>Mises \u00e0 jour et modifications de la politique en mati\u00e8re de cookies<\/strong><\/p>\n<p><strong>Linq Venture Group 2011<\/strong>, peut modifier cette politique de cookies en fonction de nouvelles exigences l\u00e9gislatives ou r\u00e9glementaires, ou afin d&rsquo;adapter cette politique aux instructions \u00e9mises par l&rsquo;Agence espagnole de protection des donn\u00e9es.<\/p>\n<p>Lorsque des modifications importantes sont apport\u00e9es \u00e0 la pr\u00e9sente politique en mati\u00e8re de cookies, vous en \u00eates inform\u00e9 par le biais d&rsquo;une note d&rsquo;information sur le site web.<\/p>\n<p>Si vous souhaitez obtenir plus d&rsquo;informations sur la mani\u00e8re dont nous utilisons les cookies, vous pouvez nous contacter \u00e0 l&rsquo;adresse suivante : <a href=\"mailto:info@linqventure.com\">info@linqventure.com.<\/a><\/p>\n<p>&nbsp;<\/p>\n<h3><strong>CONSENTEMENT<\/strong><\/h3>\n<p>Chez <strong>Linq Venture Group 2011<\/strong>, nous ne stockons jamais les donn\u00e9es personnelles de nos utilisateurs, \u00e0 l&rsquo;exception de l&rsquo;adresse IP telle que d\u00e9crite ci-dessus, sauf si vous souhaitez vous inscrire volontairement afin de contracter les services que nous mettons \u00e0 votre disposition ou de recevoir des informations sur le contenu de vous int\u00e9resse.<\/p>\n<p>En naviguant et en poursuivant sur notre site, vous indiquez que vous consentez \u00e0 l&rsquo;utilisation des cookies susmentionn\u00e9s, et dans les conditions contenues dans la pr\u00e9sente Politique de cookies.<\/p>\n<p>Si vous souhaitez r\u00e9voquer le consentement donn\u00e9, vous devez supprimer les cookies install\u00e9s. Pour \u00e9viter qu&rsquo;ils ne soient install\u00e9s \u00e0 l&rsquo;avenir, vous devez activer les options de navigation priv\u00e9e ou \u00ab Ne pas suivre \u00bb fournies dans votre navigateur, c&rsquo;est-\u00e0-dire bloquer ou d\u00e9sactiver l&rsquo;installation de cookies.<\/p>\n<p><strong>Notes compl\u00e9mentaires<\/strong><\/p>\n<p>Ni ce site Web ni ses repr\u00e9sentants l\u00e9gaux ne sont responsables du contenu ou de la v\u00e9racit\u00e9 des politiques de confidentialit\u00e9 que les tiers mentionn\u00e9s dans cette politique de cookies peuvent avoir.<\/p>\n<p>Les navigateurs Web sont les outils charg\u00e9s de stocker les cookies et \u00e0 partir de cet endroit, vous devez exercer votre droit de les supprimer ou de les d\u00e9sactiver. Ni ce site Web ni ses repr\u00e9sentants l\u00e9gaux ne peuvent garantir le traitement correct ou incorrect des cookies par les navigateurs susmentionn\u00e9s.<\/p>\n<p>Dans certains cas, il est n\u00e9cessaire d&rsquo;installer des cookies pour que le navigateur n&rsquo;oublie pas votre d\u00e9cision de ne pas les accepter.<\/p>\n<p>Dans le cas des cookies Google Analytics, cette soci\u00e9t\u00e9 stocke des cookies sur des serveurs situ\u00e9s aux \u00c9tats-Unis et s&rsquo;engage \u00e0 ne pas les partager avec des tiers, sauf dans les cas o\u00f9 cela est n\u00e9cessaire au fonctionnement du syst\u00e8me ou lorsque la loi les y oblige. un effet. Selon Google, il n&rsquo;enregistre pas votre adresse IP. Google Inc. est une entreprise qui a adh\u00e9r\u00e9 \u00e0 l&rsquo;accord Safe Harbor qui garantit que toutes les donn\u00e9es transf\u00e9r\u00e9es seront trait\u00e9es avec un niveau de protection conforme \u00e0 la r\u00e9glementation europ\u00e9enne.<\/p>\n<p>Pour toute question ou requ\u00eate concernant cette politique de cookies, n&rsquo;h\u00e9sitez pas \u00e0 nous contacter via l&rsquo;adresse : <a href=\"mailto:info@linqventure.com\">info@linqventure.com.<\/a><span id=\"cloak1126d8bc72e79ba45f8fee9cbd525ffb\"><\/span><\/p>\n<p>Politique mise \u00e0 jour en mai 2018<\/p>\n<p>[\/vc_column_text][\/vc_column][\/vc_row][vc_row css_animation=\u00a0\u00bb\u00a0\u00bb row_type=\u00a0\u00bbrow\u00a0\u00bb use_row_as_full_screen_section=\u00a0\u00bbno\u00a0\u00bb type=\u00a0\u00bbfull_width\u00a0\u00bb angled_section=\u00a0\u00bbno\u00a0\u00bb text_align=\u00a0\u00bbleft\u00a0\u00bb background_image_as_pattern=\u00a0\u00bbwithout_pattern\u00a0\u00bb][vc_column][vc_empty_space][\/vc_column][\/vc_row]<\/p>\n<\/div>","protected":false},"excerpt":{"rendered":"<p>[vc_row css_animation=\u00a0\u00bb\u00a0\u00bb row_type=\u00a0\u00bbrow\u00a0\u00bb use_row_as_full_screen_section=\u00a0\u00bbno\u00a0\u00bb type=\u00a0\u00bbfull_width\u00a0\u00bb angled_section=\u00a0\u00bbno\u00a0\u00bb text_align=\u00a0\u00bbleft\u00a0\u00bb background_image_as_pattern=\u00a0\u00bbwithout_pattern\u00a0\u00bb][vc_column][vc_column_text] Conform\u00e9ment aux directives de l&rsquo;Agence espagnole de protection des donn\u00e9es, nous d\u00e9taillons l&rsquo;utilisation descookies effectu\u00e9s par ce site Web afin de vous informer le plus pr\u00e9cis\u00e9ment possible. Le site Web de Linq Venture Group 2011utilise des cookies&#8230;<\/p>\n","protected":false},"author":1,"featured_media":0,"parent":0,"menu_order":0,"comment_status":"closed","ping_status":"open","template":"","meta":{"footnotes":""},"class_list":["post-3579","page","type-page","status-publish","hentry"],"yoast_head":"<!-- This site is optimized with the Yoast SEO plugin v27.4 - https:\/\/yoast.com\/product\/yoast-seo-wordpress\/ -->\n<title>Politique de cookies - linQventure<\/title>\n<meta name=\"robots\" content=\"index, follow, max-snippet:-1, max-image-preview:large, max-video-preview:-1\" \/>\n<link rel=\"canonical\" href=\"https:\/\/linqventure.com\/fr\/politique-de-cookies\/\" \/>\n<meta property=\"og:locale\" content=\"fr_FR\" \/>\n<meta property=\"og:type\" content=\"article\" \/>\n<meta property=\"og:title\" content=\"Politique de cookies - linQventure\" \/>\n<meta property=\"og:description\" content=\"[vc_row css_animation=\u00a0\u00bb\u00a0\u00bb row_type=\u00a0\u00bbrow\u00a0\u00bb use_row_as_full_screen_section=\u00a0\u00bbno\u00a0\u00bb type=\u00a0\u00bbfull_width\u00a0\u00bb angled_section=\u00a0\u00bbno\u00a0\u00bb text_align=\u00a0\u00bbleft\u00a0\u00bb background_image_as_pattern=\u00a0\u00bbwithout_pattern\u00a0\u00bb][vc_column][vc_column_text] Conform\u00e9ment aux directives de l&rsquo;Agence espagnole de protection des donn\u00e9es, nous d\u00e9taillons l&rsquo;utilisation descookies effectu\u00e9s par ce site Web afin de vous informer le plus pr\u00e9cis\u00e9ment possible. Le site Web de Linq Venture Group 2011utilise des cookies...\" \/>\n<meta property=\"og:url\" content=\"https:\/\/linqventure.com\/fr\/politique-de-cookies\/\" \/>\n<meta property=\"og:site_name\" content=\"linQventure\" \/>\n<meta property=\"article:modified_time\" content=\"2021-10-21T11:34:47+00:00\" \/>\n<meta name=\"twitter:card\" content=\"summary_large_image\" \/>\n<meta name=\"twitter:label1\" content=\"Dur\u00e9e de lecture estim\u00e9e\" \/>\n\t<meta name=\"twitter:data1\" content=\"10 minutes\" \/>\n<script type=\"application\/ld+json\" class=\"yoast-schema-graph\">{\"@context\":\"https:\\\/\\\/schema.org\",\"@graph\":[{\"@type\":\"WebPage\",\"@id\":\"https:\\\/\\\/linqventure.com\\\/fr\\\/politique-de-cookies\\\/\",\"url\":\"https:\\\/\\\/linqventure.com\\\/fr\\\/politique-de-cookies\\\/\",\"name\":\"Politique de cookies - linQventure\",\"isPartOf\":{\"@id\":\"https:\\\/\\\/linqventure.com\\\/#website\"},\"datePublished\":\"2021-10-19T15:20:05+00:00\",\"dateModified\":\"2021-10-21T11:34:47+00:00\",\"breadcrumb\":{\"@id\":\"https:\\\/\\\/linqventure.com\\\/fr\\\/politique-de-cookies\\\/#breadcrumb\"},\"inLanguage\":\"fr-FR\",\"potentialAction\":[{\"@type\":\"ReadAction\",\"target\":[\"https:\\\/\\\/linqventure.com\\\/fr\\\/politique-de-cookies\\\/\"]}]},{\"@type\":\"BreadcrumbList\",\"@id\":\"https:\\\/\\\/linqventure.com\\\/fr\\\/politique-de-cookies\\\/#breadcrumb\",\"itemListElement\":[{\"@type\":\"ListItem\",\"position\":1,\"name\":\"Portada\",\"item\":\"https:\\\/\\\/linqventure.com\\\/fr\\\/\"},{\"@type\":\"ListItem\",\"position\":2,\"name\":\"Politique de cookies\"}]},{\"@type\":\"WebSite\",\"@id\":\"https:\\\/\\\/linqventure.com\\\/#website\",\"url\":\"https:\\\/\\\/linqventure.com\\\/\",\"name\":\"linQventure\",\"description\":\"Consultor\u00eda Estrat\u00e9gica y Finanzas Corporativas\",\"publisher\":{\"@id\":\"https:\\\/\\\/linqventure.com\\\/#organization\"},\"potentialAction\":[{\"@type\":\"SearchAction\",\"target\":{\"@type\":\"EntryPoint\",\"urlTemplate\":\"https:\\\/\\\/linqventure.com\\\/?s={search_term_string}\"},\"query-input\":{\"@type\":\"PropertyValueSpecification\",\"valueRequired\":true,\"valueName\":\"search_term_string\"}}],\"inLanguage\":\"fr-FR\"},{\"@type\":\"Organization\",\"@id\":\"https:\\\/\\\/linqventure.com\\\/#organization\",\"name\":\"linQventure\",\"url\":\"https:\\\/\\\/linqventure.com\\\/\",\"logo\":{\"@type\":\"ImageObject\",\"inLanguage\":\"fr-FR\",\"@id\":\"https:\\\/\\\/linqventure.com\\\/#\\\/schema\\\/logo\\\/image\\\/\",\"url\":\"https:\\\/\\\/linqventure.com\\\/wp-content\\\/uploads\\\/2021\\\/09\\\/logo_linqventure-ok.png\",\"contentUrl\":\"https:\\\/\\\/linqventure.com\\\/wp-content\\\/uploads\\\/2021\\\/09\\\/logo_linqventure-ok.png\",\"width\":200,\"height\":50,\"caption\":\"linQventure\"},\"image\":{\"@id\":\"https:\\\/\\\/linqventure.com\\\/#\\\/schema\\\/logo\\\/image\\\/\"}}]}<\/script>\n<!-- \/ Yoast SEO plugin. -->","yoast_head_json":{"title":"Politique de cookies - linQventure","robots":{"index":"index","follow":"follow","max-snippet":"max-snippet:-1","max-image-preview":"max-image-preview:large","max-video-preview":"max-video-preview:-1"},"canonical":"https:\/\/linqventure.com\/fr\/politique-de-cookies\/","og_locale":"fr_FR","og_type":"article","og_title":"Politique de cookies - linQventure","og_description":"[vc_row css_animation=\u00a0\u00bb\u00a0\u00bb row_type=\u00a0\u00bbrow\u00a0\u00bb use_row_as_full_screen_section=\u00a0\u00bbno\u00a0\u00bb type=\u00a0\u00bbfull_width\u00a0\u00bb angled_section=\u00a0\u00bbno\u00a0\u00bb text_align=\u00a0\u00bbleft\u00a0\u00bb background_image_as_pattern=\u00a0\u00bbwithout_pattern\u00a0\u00bb][vc_column][vc_column_text] Conform\u00e9ment aux directives de l&rsquo;Agence espagnole de protection des donn\u00e9es, nous d\u00e9taillons l&rsquo;utilisation descookies effectu\u00e9s par ce site Web afin de vous informer le plus pr\u00e9cis\u00e9ment possible. Le site Web de Linq Venture Group 2011utilise des cookies...","og_url":"https:\/\/linqventure.com\/fr\/politique-de-cookies\/","og_site_name":"linQventure","article_modified_time":"2021-10-21T11:34:47+00:00","twitter_card":"summary_large_image","twitter_misc":{"Dur\u00e9e de lecture estim\u00e9e":"10 minutes"},"schema":{"@context":"https:\/\/schema.org","@graph":[{"@type":"WebPage","@id":"https:\/\/linqventure.com\/fr\/politique-de-cookies\/","url":"https:\/\/linqventure.com\/fr\/politique-de-cookies\/","name":"Politique de cookies - linQventure","isPartOf":{"@id":"https:\/\/linqventure.com\/#website"},"datePublished":"2021-10-19T15:20:05+00:00","dateModified":"2021-10-21T11:34:47+00:00","breadcrumb":{"@id":"https:\/\/linqventure.com\/fr\/politique-de-cookies\/#breadcrumb"},"inLanguage":"fr-FR","potentialAction":[{"@type":"ReadAction","target":["https:\/\/linqventure.com\/fr\/politique-de-cookies\/"]}]},{"@type":"BreadcrumbList","@id":"https:\/\/linqventure.com\/fr\/politique-de-cookies\/#breadcrumb","itemListElement":[{"@type":"ListItem","position":1,"name":"Portada","item":"https:\/\/linqventure.com\/fr\/"},{"@type":"ListItem","position":2,"name":"Politique de cookies"}]},{"@type":"WebSite","@id":"https:\/\/linqventure.com\/#website","url":"https:\/\/linqventure.com\/","name":"linQventure","description":"Consultor\u00eda Estrat\u00e9gica y Finanzas Corporativas","publisher":{"@id":"https:\/\/linqventure.com\/#organization"},"potentialAction":[{"@type":"SearchAction","target":{"@type":"EntryPoint","urlTemplate":"https:\/\/linqventure.com\/?s={search_term_string}"},"query-input":{"@type":"PropertyValueSpecification","valueRequired":true,"valueName":"search_term_string"}}],"inLanguage":"fr-FR"},{"@type":"Organization","@id":"https:\/\/linqventure.com\/#organization","name":"linQventure","url":"https:\/\/linqventure.com\/","logo":{"@type":"ImageObject","inLanguage":"fr-FR","@id":"https:\/\/linqventure.com\/#\/schema\/logo\/image\/","url":"https:\/\/linqventure.com\/wp-content\/uploads\/2021\/09\/logo_linqventure-ok.png","contentUrl":"https:\/\/linqventure.com\/wp-content\/uploads\/2021\/09\/logo_linqventure-ok.png","width":200,"height":50,"caption":"linQventure"},"image":{"@id":"https:\/\/linqventure.com\/#\/schema\/logo\/image\/"}}]}},"_links":{"self":[{"href":"https:\/\/linqventure.com\/fr\/wp-json\/wp\/v2\/pages\/3579","targetHints":{"allow":["GET"]}}],"collection":[{"href":"https:\/\/linqventure.com\/fr\/wp-json\/wp\/v2\/pages"}],"about":[{"href":"https:\/\/linqventure.com\/fr\/wp-json\/wp\/v2\/types\/page"}],"author":[{"embeddable":true,"href":"https:\/\/linqventure.com\/fr\/wp-json\/wp\/v2\/users\/1"}],"replies":[{"embeddable":true,"href":"https:\/\/linqventure.com\/fr\/wp-json\/wp\/v2\/comments?post=3579"}],"version-history":[{"count":5,"href":"https:\/\/linqventure.com\/fr\/wp-json\/wp\/v2\/pages\/3579\/revisions"}],"predecessor-version":[{"id":3589,"href":"https:\/\/linqventure.com\/fr\/wp-json\/wp\/v2\/pages\/3579\/revisions\/3589"}],"wp:attachment":[{"href":"https:\/\/linqventure.com\/fr\/wp-json\/wp\/v2\/media?parent=3579"}],"curies":[{"name":"wp","href":"https:\/\/api.w.org\/{rel}","templated":true}]}}